{"id":746200,"date":"2025-08-28T02:37:02","date_gmt":"2025-08-27T23:37:02","guid":{"rendered":"https:\/\/roveyayinevi.com.tr\/index.php\/urun\/mutasyonlar\/"},"modified":"2026-04-16T02:58:34","modified_gmt":"2026-04-15T23:58:34","slug":"mutasyonlar","status":"publish","type":"product","link":"https:\/\/roveyayinevi.com.tr\/index.php\/urun\/mutasyonlar\/","title":{"rendered":"Mutasyonlar"},"content":{"rendered":"<p>Ram\u00f3n Mart\u00ednez ba\u015far\u0131l\u0131 bir avukat, bir ateist ve aile babas\u0131d\u0131r. Evde e\u015fi Carmela, ergenlik \u00e7a\u011f\u0131ndaki iki \u00e7ocu\u011fu Paulina\u2019yla Mateo, bat\u0131l inan\u00e7lara sahip yard\u0131mc\u0131lar\u0131 Eloida ve \u00e7at\u0131 kat\u0131nda marihuana yeti\u015ftiren psikanalisti Teresa\u2019yla birlikte ya\u015famaktad\u0131r. Ancak ge\u00e7irdi\u011fi ameliyattan sonra her \u015fey onun i\u00e7in bamba\u015fka olacakt\u0131r. Ameliyattan sonra dilini \u2013ve konu\u015fma yetisini\u2013  kaybeden Ram\u00f3n\u2019un hayat\u0131nda trajikomik bir sessizlik ba\u015flar. Ram\u00f3n\u2019un i\u00e7ine d\u00fc\u015ft\u00fc\u011f\u00fc \u00e7aresizlikle birlikte ev sakinleriyle aralar\u0131nda yeni bir ileti\u015fim \u015fekli kurulurken Eloida mucizevi bir \u015fifa aray\u0131\u015f\u0131na d\u00fc\u015fer ve nesli t\u00fckenme tehlikesinde bir papa\u011fan olan Benito da aileye kat\u0131l\u0131r. Yer yer kara, yer yer tatl\u0131 bir mizah anlay\u0131\u015f\u0131yla anlat\u0131lan bu trajikomedi bize g\u00fcnl\u00fck sorunlarla, kimi zaman sevgi ve kahkahayla, kimi zaman da t\u0131pk\u0131 ya\u015famda oldu\u011fu gibi, k\u00f6t\u00fc \u015fans ve g\u00f6zya\u015f\u0131yla dolu hik\u00e2yeler sunuyor.   \u201cMutasyonlar muhte\u015fem bir roman, trajik oldu\u011fu kadar da komik, \u00e7a\u011fda\u015f oldu\u011fu kadar da klasik ve hepsinin \u00f6tesinde unutulmas\u0131 imk\u00e2ns\u0131z. Okuduktan sonra Jorge Comensal\u2019\u0131n okuyaca\u011f\u0131m ba\u015fka romanlar\u0131 da olsa ke\u015fke diyeceksiniz; ama bu ilk roman\u0131 oldu\u011fundan s\u0131radaki muhte\u015fem kitab\u0131 tamamlanana kadar sab\u0131rla bekleyece\u011fiz art\u0131k.\u201d  (Alejandro Zambra) <\/p>\n","protected":false},"excerpt":{"rendered":"<p>Ram\u00f3n Mart\u00ednez ba\u015far\u0131l\u0131 bir avukat, bir ateist ve aile babas\u0131d\u0131r. Evde e\u015fi Carmela, ergenlik \u00e7a\u011f\u0131ndaki iki \u00e7ocu\u011fu Paulina\u2019yla Mateo, bat\u0131l inan\u00e7lara sahip yard\u0131mc\u0131lar\u0131 Eloida ve \u00e7at\u0131<span class=\"excerpt-hellip\"> [\u2026]<\/span><\/p>\n","protected":false},"featured_media":0,"template":"","meta":{"_monsterinsights_skip_tracking":false,"_monsterinsights_sitenote_active":false,"_monsterinsights_sitenote_note":"","_monsterinsights_sitenote_category":0},"product_brand":[],"product_cat":[12291,12711],"product_tag":[],"class_list":{"0":"post-746200","1":"product","2":"type-product","3":"status-publish","5":"product_cat-edebiyat","6":"product_cat-roman-oyku","7":"pa_cilt-ciltsiz","8":"pa_tur-kitap","9":"pa_yayinevi-bilgi-yayinevi","10":"pa_yazar-jorge-comensal","12":"first","13":"instock","14":"sale","15":"shipping-taxable","16":"purchasable","17":"product-type-simple"},"_links":{"self":[{"href":"https:\/\/roveyayinevi.com.tr\/index.php\/wp-json\/wp\/v2\/product\/746200","targetHints":{"allow":["GET"]}}],"collection":[{"href":"https:\/\/roveyayinevi.com.tr\/index.php\/wp-json\/wp\/v2\/product"}],"about":[{"href":"https:\/\/roveyayinevi.com.tr\/index.php\/wp-json\/wp\/v2\/types\/product"}],"wp:attachment":[{"href":"https:\/\/roveyayinevi.com.tr\/index.php\/wp-json\/wp\/v2\/media?parent=746200"}],"wp:term":[{"taxonomy":"product_brand","embeddable":true,"href":"https:\/\/roveyayinevi.com.tr\/index.php\/wp-json\/wp\/v2\/product_brand?post=746200"},{"taxonomy":"product_cat","embeddable":true,"href":"https:\/\/roveyayinevi.com.tr\/index.php\/wp-json\/wp\/v2\/product_cat?post=746200"},{"taxonomy":"product_tag","embeddable":true,"href":"https:\/\/roveyayinevi.com.tr\/index.php\/wp-json\/wp\/v2\/product_tag?post=746200"}],"curies":[{"name":"wp","href":"https:\/\/api.w.org\/{rel}","templated":true}]}}