{"id":746199,"date":"2025-08-28T02:37:01","date_gmt":"2025-08-27T23:37:01","guid":{"rendered":"https:\/\/roveyayinevi.com.tr\/index.php\/urun\/canavar-bumbum-kucucuk-bir-saka\/"},"modified":"2026-04-13T03:04:40","modified_gmt":"2026-04-13T00:04:40","slug":"canavar-bumbum-kucucuk-bir-saka","status":"publish","type":"product","link":"https:\/\/roveyayinevi.com.tr\/index.php\/urun\/canavar-bumbum-kucucuk-bir-saka\/","title":{"rendered":"Canavar Bumbum-K\u00fc\u00e7\u00fcc\u00fck Bir \u015eaka"},"content":{"rendered":"<p>K\u00fc\u00e7\u00fcc\u00fck bir \u015faka, ne zarar\u0131 olabilir acaba?   Sevilen \u00e7ocuk kitaplar\u0131n\u0131n yazar\u0131 \u00c7i\u011fdem G\u00fcnde\u015f, Canavar Bumbum serisinde \u00e7ocuklar\u0131 Canavar Bumbum\u2019un ailesi ve okuldaki arkada\u015flar\u0131yla ya\u015fad\u0131\u011f\u0131 e\u011flenceli maceralara davet ediyor. <\/p>\n","protected":false},"excerpt":{"rendered":"<p>K\u00fc\u00e7\u00fcc\u00fck bir \u015faka, ne zarar\u0131 olabilir acaba? Sevilen \u00e7ocuk kitaplar\u0131n\u0131n yazar\u0131 \u00c7i\u011fdem G\u00fcnde\u015f, Canavar Bumbum serisinde \u00e7ocuklar\u0131 Canavar Bumbum\u2019un ailesi ve okuldaki arkada\u015flar\u0131yla ya\u015fad\u0131\u011f\u0131 e\u011flenceli maceralara<span class=\"excerpt-hellip\"> [\u2026]<\/span><\/p>\n","protected":false},"featured_media":0,"template":"","meta":{"_monsterinsights_skip_tracking":false,"_monsterinsights_sitenote_active":false,"_monsterinsights_sitenote_note":"","_monsterinsights_sitenote_category":0},"product_brand":[],"product_cat":[12274,12284],"product_tag":[],"class_list":{"0":"post-746199","1":"product","2":"type-product","3":"status-publish","5":"product_cat-cocuk-ve-genclik-kitaplari","6":"product_cat-hikayeler","7":"pa_cilt-ciltsiz","8":"pa_tur-kitap","9":"pa_yayinevi-bilgi-yayinevi-cocuk","10":"pa_yazar-cigdem-gundes","12":"first","13":"instock","14":"sale","15":"shipping-taxable","16":"purchasable","17":"product-type-simple"},"_links":{"self":[{"href":"https:\/\/roveyayinevi.com.tr\/index.php\/wp-json\/wp\/v2\/product\/746199","targetHints":{"allow":["GET"]}}],"collection":[{"href":"https:\/\/roveyayinevi.com.tr\/index.php\/wp-json\/wp\/v2\/product"}],"about":[{"href":"https:\/\/roveyayinevi.com.tr\/index.php\/wp-json\/wp\/v2\/types\/product"}],"wp:attachment":[{"href":"https:\/\/roveyayinevi.com.tr\/index.php\/wp-json\/wp\/v2\/media?parent=746199"}],"wp:term":[{"taxonomy":"product_brand","embeddable":true,"href":"https:\/\/roveyayinevi.com.tr\/index.php\/wp-json\/wp\/v2\/product_brand?post=746199"},{"taxonomy":"product_cat","embeddable":true,"href":"https:\/\/roveyayinevi.com.tr\/index.php\/wp-json\/wp\/v2\/product_cat?post=746199"},{"taxonomy":"product_tag","embeddable":true,"href":"https:\/\/roveyayinevi.com.tr\/index.php\/wp-json\/wp\/v2\/product_tag?post=746199"}],"curies":[{"name":"wp","href":"https:\/\/api.w.org\/{rel}","templated":true}]}}