{"id":746198,"date":"2025-08-28T02:36:59","date_gmt":"2025-08-27T23:36:59","guid":{"rendered":"https:\/\/roveyayinevi.com.tr\/index.php\/urun\/her-zaman-her-yerde-sev\/"},"modified":"2026-04-16T02:58:33","modified_gmt":"2026-04-15T23:58:33","slug":"her-zaman-her-yerde-sev","status":"publish","type":"product","link":"https:\/\/roveyayinevi.com.tr\/index.php\/urun\/her-zaman-her-yerde-sev\/","title":{"rendered":"Her Zaman Her Yerde Sev"},"content":{"rendered":"<p>\u00d6pmekten sar\u0131lmaya, birlikte k\u0131k\u0131rdamaya, payla\u015fmaya kadar birine onu \u00f6nemsedi\u011fini g\u00f6stermenin pek \u00e7ok yolu var. Kimi seversen sev ve sevgini nas\u0131l g\u00f6sterirsen g\u00f6ster, unutma ki sevgi her zaman her yerdedir. Sarah Massini\u2019nin yaz\u0131p resimledi\u011fi sevgi dolu bir kitap.<\/p>\n","protected":false},"excerpt":{"rendered":"<p>\u00d6pmekten sar\u0131lmaya, birlikte k\u0131k\u0131rdamaya, payla\u015fmaya kadar birine onu \u00f6nemsedi\u011fini g\u00f6stermenin pek \u00e7ok yolu var. Kimi seversen sev ve sevgini nas\u0131l g\u00f6sterirsen g\u00f6ster, unutma ki sevgi her<span class=\"excerpt-hellip\"> [\u2026]<\/span><\/p>\n","protected":false},"featured_media":0,"template":"","meta":{"_monsterinsights_skip_tracking":false,"_monsterinsights_sitenote_active":false,"_monsterinsights_sitenote_note":"","_monsterinsights_sitenote_category":0},"product_brand":[],"product_cat":[12913,12274],"product_tag":[],"class_list":{"0":"post-746198","1":"product","2":"type-product","3":"status-publish","5":"product_cat-3-6-yas-kitaplari","6":"product_cat-cocuk-ve-genclik-kitaplari","7":"pa_cilt-ciltsiz","8":"pa_tur-kitap","9":"pa_yayinevi-bilgi-yayinevi-cocuk","10":"pa_yazar-sarah-massini","12":"first","13":"instock","14":"sale","15":"shipping-taxable","16":"purchasable","17":"product-type-simple"},"_links":{"self":[{"href":"https:\/\/roveyayinevi.com.tr\/index.php\/wp-json\/wp\/v2\/product\/746198","targetHints":{"allow":["GET"]}}],"collection":[{"href":"https:\/\/roveyayinevi.com.tr\/index.php\/wp-json\/wp\/v2\/product"}],"about":[{"href":"https:\/\/roveyayinevi.com.tr\/index.php\/wp-json\/wp\/v2\/types\/product"}],"wp:attachment":[{"href":"https:\/\/roveyayinevi.com.tr\/index.php\/wp-json\/wp\/v2\/media?parent=746198"}],"wp:term":[{"taxonomy":"product_brand","embeddable":true,"href":"https:\/\/roveyayinevi.com.tr\/index.php\/wp-json\/wp\/v2\/product_brand?post=746198"},{"taxonomy":"product_cat","embeddable":true,"href":"https:\/\/roveyayinevi.com.tr\/index.php\/wp-json\/wp\/v2\/product_cat?post=746198"},{"taxonomy":"product_tag","embeddable":true,"href":"https:\/\/roveyayinevi.com.tr\/index.php\/wp-json\/wp\/v2\/product_tag?post=746198"}],"curies":[{"name":"wp","href":"https:\/\/api.w.org\/{rel}","templated":true}]}}