{"id":746197,"date":"2025-08-28T02:36:57","date_gmt":"2025-08-27T23:36:57","guid":{"rendered":"https:\/\/roveyayinevi.com.tr\/index.php\/urun\/dracula-6\/"},"modified":"2026-04-12T03:01:58","modified_gmt":"2026-04-12T00:01:58","slug":"dracula-6","status":"publish","type":"product","link":"https:\/\/roveyayinevi.com.tr\/index.php\/urun\/dracula-6\/","title":{"rendered":"Dracula"},"content":{"rendered":"<p>&#8220;G\u00f6zlerinin g\u00f6rmesine, kulaklar\u0131n\u0131n duymas\u0131na izin vermiyorsun, g\u00fcndelik hayat\u0131n\u0131n d\u0131\u015f\u0131nda kalan \u015feyler seni ilgilendirmiyor. Anlayamad\u0131\u011f\u0131n \u015feyler oldu\u011funu hi\u00e7 d\u00fc\u015f\u00fcnm\u00fcyor musun, baz\u0131 insanlar\u0131n g\u00f6r\u00fcp ba\u015fkalar\u0131n\u0131n g\u00f6rmedi\u011fi?&#8221; Avukat Jonathan Harker, Londra&#8217;da bir m\u00fclk sat\u0131n almak isteyen Kont Dracula&#8217;ya yard\u0131mc\u0131 olmak \u00fczere Transilvanya&#8217;ya, Kont&#8217;un Karpatlardaki u\u011fursuz \u015fatosuna gider. Ancak Harker k\u0131sa s\u00fcrede gizemli Kont&#8217;un s\u0131rr\u0131n\u0131 \u00e7\u00f6zer ve bu s\u0131rr\u0131n etkiledi\u011fi insanlarla birlikte kendini hayal bile edemeyece\u011fi deh\u015fetle dolu bir m\u00fccadelenin i\u00e7inde bulur. Bram Stoker\u2019\u0131n ilk kez 1897\u2019de bas\u0131lan k\u00fclt korku roman\u0131 Dracula iyinin k\u00f6t\u00fcye, \u0131\u015f\u0131\u011f\u0131n karanl\u0131\u011fa kar\u015f\u0131 m\u00fccadelesidir. G\u00fcn\u00fcm\u00fczde de canl\u0131l\u0131\u011f\u0131n\u0131 koruyan, pek \u00e7ok kitaba, tiyatro eserine ve filme ilham kayna\u011f\u0131 olan bu \u00f6l\u00fcms\u00fcz gotik roman\u0131 Galip Dursun\u2019un kapsaml\u0131 \u00f6ns\u00f6z\u00fcyle sunuyoruz.<\/p>\n","protected":false},"excerpt":{"rendered":"<p>&#8220;G\u00f6zlerinin g\u00f6rmesine, kulaklar\u0131n\u0131n duymas\u0131na izin vermiyorsun, g\u00fcndelik hayat\u0131n\u0131n d\u0131\u015f\u0131nda kalan \u015feyler seni ilgilendirmiyor. Anlayamad\u0131\u011f\u0131n \u015feyler oldu\u011funu hi\u00e7 d\u00fc\u015f\u00fcnm\u00fcyor musun, baz\u0131 insanlar\u0131n g\u00f6r\u00fcp ba\u015fkalar\u0131n\u0131n g\u00f6rmedi\u011fi?&#8221; Avukat Jonathan<span class=\"excerpt-hellip\"> [\u2026]<\/span><\/p>\n","protected":false},"featured_media":0,"template":"","meta":{"_monsterinsights_skip_tracking":false,"_monsterinsights_sitenote_active":false,"_monsterinsights_sitenote_note":"","_monsterinsights_sitenote_category":0},"product_brand":[],"product_cat":[12291,12711],"product_tag":[],"class_list":{"0":"post-746197","1":"product","2":"type-product","3":"status-publish","5":"product_cat-edebiyat","6":"product_cat-roman-oyku","7":"pa_cilt-ciltsiz","8":"pa_tur-kitap","9":"pa_yayinevi-bilgi-yayinevi","10":"pa_yazar-bram-stoker","12":"first","13":"instock","14":"sale","15":"shipping-taxable","16":"purchasable","17":"product-type-simple"},"_links":{"self":[{"href":"https:\/\/roveyayinevi.com.tr\/index.php\/wp-json\/wp\/v2\/product\/746197","targetHints":{"allow":["GET"]}}],"collection":[{"href":"https:\/\/roveyayinevi.com.tr\/index.php\/wp-json\/wp\/v2\/product"}],"about":[{"href":"https:\/\/roveyayinevi.com.tr\/index.php\/wp-json\/wp\/v2\/types\/product"}],"wp:attachment":[{"href":"https:\/\/roveyayinevi.com.tr\/index.php\/wp-json\/wp\/v2\/media?parent=746197"}],"wp:term":[{"taxonomy":"product_brand","embeddable":true,"href":"https:\/\/roveyayinevi.com.tr\/index.php\/wp-json\/wp\/v2\/product_brand?post=746197"},{"taxonomy":"product_cat","embeddable":true,"href":"https:\/\/roveyayinevi.com.tr\/index.php\/wp-json\/wp\/v2\/product_cat?post=746197"},{"taxonomy":"product_tag","embeddable":true,"href":"https:\/\/roveyayinevi.com.tr\/index.php\/wp-json\/wp\/v2\/product_tag?post=746197"}],"curies":[{"name":"wp","href":"https:\/\/api.w.org\/{rel}","templated":true}]}}