{"id":746195,"date":"2025-08-28T02:36:55","date_gmt":"2025-08-27T23:36:55","guid":{"rendered":"https:\/\/roveyayinevi.com.tr\/index.php\/urun\/bir-kirpi-bin-masal\/"},"modified":"2026-04-16T02:58:33","modified_gmt":"2026-04-15T23:58:33","slug":"bir-kirpi-bin-masal","status":"publish","type":"product","link":"https:\/\/roveyayinevi.com.tr\/index.php\/urun\/bir-kirpi-bin-masal\/","title":{"rendered":"Bir Kirpi Bin Masal"},"content":{"rendered":"<p>\u201cBelki kap\u0131n\u0131n \u00f6n\u00fcndedir, belki \u00e7al\u0131n\u0131n dibinde. Bir a\u011fac\u0131n dal\u0131ndad\u0131r belki ya da bir \u00e7i\u00e7e\u011fin yapra\u011f\u0131nda Bir de oralara baksana.\u201d Masallar arayan k\u00fc\u00e7\u00fck cesur kirpinin yolculu\u011fu\u2026 * 3 ya\u015f ve \u00fczeri i\u00e7in uygundur.<\/p>\n","protected":false},"excerpt":{"rendered":"<p>\u201cBelki kap\u0131n\u0131n \u00f6n\u00fcndedir, belki \u00e7al\u0131n\u0131n dibinde. Bir a\u011fac\u0131n dal\u0131ndad\u0131r belki ya da bir \u00e7i\u00e7e\u011fin yapra\u011f\u0131nda Bir de oralara baksana.\u201d Masallar arayan k\u00fc\u00e7\u00fck cesur kirpinin yolculu\u011fu\u2026 *<span class=\"excerpt-hellip\"> [\u2026]<\/span><\/p>\n","protected":false},"featured_media":0,"template":"","meta":{"_monsterinsights_skip_tracking":false,"_monsterinsights_sitenote_active":false,"_monsterinsights_sitenote_note":"","_monsterinsights_sitenote_category":0},"product_brand":[],"product_cat":[12274,12523],"product_tag":[],"class_list":{"0":"post-746195","1":"product","2":"type-product","3":"status-publish","5":"product_cat-cocuk-ve-genclik-kitaplari","6":"product_cat-masallar","7":"pa_cilt-ciltsiz","8":"pa_tur-kitap","9":"pa_yayinevi-bilgi-yayinevi-cocuk","10":"pa_yazar-cigdem-gundes","12":"first","13":"instock","14":"sale","15":"shipping-taxable","16":"purchasable","17":"product-type-simple"},"_links":{"self":[{"href":"https:\/\/roveyayinevi.com.tr\/index.php\/wp-json\/wp\/v2\/product\/746195","targetHints":{"allow":["GET"]}}],"collection":[{"href":"https:\/\/roveyayinevi.com.tr\/index.php\/wp-json\/wp\/v2\/product"}],"about":[{"href":"https:\/\/roveyayinevi.com.tr\/index.php\/wp-json\/wp\/v2\/types\/product"}],"wp:attachment":[{"href":"https:\/\/roveyayinevi.com.tr\/index.php\/wp-json\/wp\/v2\/media?parent=746195"}],"wp:term":[{"taxonomy":"product_brand","embeddable":true,"href":"https:\/\/roveyayinevi.com.tr\/index.php\/wp-json\/wp\/v2\/product_brand?post=746195"},{"taxonomy":"product_cat","embeddable":true,"href":"https:\/\/roveyayinevi.com.tr\/index.php\/wp-json\/wp\/v2\/product_cat?post=746195"},{"taxonomy":"product_tag","embeddable":true,"href":"https:\/\/roveyayinevi.com.tr\/index.php\/wp-json\/wp\/v2\/product_tag?post=746195"}],"curies":[{"name":"wp","href":"https:\/\/api.w.org\/{rel}","templated":true}]}}