{"id":746194,"date":"2025-08-28T02:36:53","date_gmt":"2025-08-27T23:36:53","guid":{"rendered":"https:\/\/roveyayinevi.com.tr\/index.php\/urun\/ejderha-mo\/"},"modified":"2026-04-16T02:58:33","modified_gmt":"2026-04-15T23:58:33","slug":"ejderha-mo","status":"publish","type":"product","link":"https:\/\/roveyayinevi.com.tr\/index.php\/urun\/ejderha-mo\/","title":{"rendered":"Ejderha Mo"},"content":{"rendered":"<p>Ejderha Mo u\u00e7ard\u0131 y\u00fckseklere, giderdi ovalara. Ard\u0131ndan geri gelirdi kalenin kap\u0131s\u0131na, ba\u015flard\u0131 ejderha dikenlerini saymaya.   Ejderha sevenler burada m\u0131? Peki ya ball\u0131 zencefilli s\u00fct sevenler? Ejderha Mo sizi e\u011flenceli, s\u0131cac\u0131k bir dostluk hik\u00e2yesine davet ediyor. Ama kitab\u0131 dikkatli a\u00e7\u0131n, i\u00e7inden her an bir ejderha dikeni d\u00fc\u015febilir. <\/p>\n","protected":false},"excerpt":{"rendered":"<p>Ejderha Mo u\u00e7ard\u0131 y\u00fckseklere, giderdi ovalara. Ard\u0131ndan geri gelirdi kalenin kap\u0131s\u0131na, ba\u015flard\u0131 ejderha dikenlerini saymaya. Ejderha sevenler burada m\u0131? Peki ya ball\u0131 zencefilli s\u00fct sevenler? Ejderha<span class=\"excerpt-hellip\"> [\u2026]<\/span><\/p>\n","protected":false},"featured_media":0,"template":"","meta":{"_monsterinsights_skip_tracking":false,"_monsterinsights_sitenote_active":false,"_monsterinsights_sitenote_note":"","_monsterinsights_sitenote_category":0},"product_brand":[],"product_cat":[12274,12284],"product_tag":[],"class_list":{"0":"post-746194","1":"product","2":"type-product","3":"status-publish","5":"product_cat-cocuk-ve-genclik-kitaplari","6":"product_cat-hikayeler","7":"pa_cilt-ciltsiz","8":"pa_tur-kitap","9":"pa_yayinevi-bilgi-yayinevi-cocuk","10":"pa_yazar-ceren-pelit","12":"first","13":"instock","14":"sale","15":"shipping-taxable","16":"purchasable","17":"product-type-simple"},"_links":{"self":[{"href":"https:\/\/roveyayinevi.com.tr\/index.php\/wp-json\/wp\/v2\/product\/746194","targetHints":{"allow":["GET"]}}],"collection":[{"href":"https:\/\/roveyayinevi.com.tr\/index.php\/wp-json\/wp\/v2\/product"}],"about":[{"href":"https:\/\/roveyayinevi.com.tr\/index.php\/wp-json\/wp\/v2\/types\/product"}],"wp:attachment":[{"href":"https:\/\/roveyayinevi.com.tr\/index.php\/wp-json\/wp\/v2\/media?parent=746194"}],"wp:term":[{"taxonomy":"product_brand","embeddable":true,"href":"https:\/\/roveyayinevi.com.tr\/index.php\/wp-json\/wp\/v2\/product_brand?post=746194"},{"taxonomy":"product_cat","embeddable":true,"href":"https:\/\/roveyayinevi.com.tr\/index.php\/wp-json\/wp\/v2\/product_cat?post=746194"},{"taxonomy":"product_tag","embeddable":true,"href":"https:\/\/roveyayinevi.com.tr\/index.php\/wp-json\/wp\/v2\/product_tag?post=746194"}],"curies":[{"name":"wp","href":"https:\/\/api.w.org\/{rel}","templated":true}]}}