{"id":746192,"date":"2025-08-28T02:36:50","date_gmt":"2025-08-27T23:36:50","guid":{"rendered":"https:\/\/roveyayinevi.com.tr\/index.php\/urun\/canavar-bumbum-ben-mantar-kafa-degilim\/"},"modified":"2026-04-13T03:04:40","modified_gmt":"2026-04-13T00:04:40","slug":"canavar-bumbum-ben-mantar-kafa-degilim","status":"publish","type":"product","link":"https:\/\/roveyayinevi.com.tr\/index.php\/urun\/canavar-bumbum-ben-mantar-kafa-degilim\/","title":{"rendered":"Canavar Bumbum-Ben Mantar Kafa De\u011filim"},"content":{"rendered":"<p>Cimcim mantar kafa                                              olmak istemez                                              ama kedileri kurtarmay\u0131                                              kim sevmez. Sevilen \u00e7ocuk kitaplar\u0131n\u0131n yazar\u0131 \u00c7i\u011fdem G\u00fcnde\u015f, Canavar Bumbum serisinde \u00e7ocuklar\u0131 Canavar Bumbum\u2019un ailesi ve okuldaki arkada\u015flar\u0131yla ya\u015fad\u0131\u011f\u0131 e\u011flenceli maceralara davet ediyor. <\/p>\n","protected":false},"excerpt":{"rendered":"<p>Cimcim mantar kafa olmak istemez ama kedileri kurtarmay\u0131 kim sevmez. Sevilen \u00e7ocuk kitaplar\u0131n\u0131n yazar\u0131 \u00c7i\u011fdem G\u00fcnde\u015f, Canavar Bumbum serisinde \u00e7ocuklar\u0131 Canavar Bumbum\u2019un ailesi ve okuldaki arkada\u015flar\u0131yla<span class=\"excerpt-hellip\"> [\u2026]<\/span><\/p>\n","protected":false},"featured_media":0,"template":"","meta":{"_monsterinsights_skip_tracking":false,"_monsterinsights_sitenote_active":false,"_monsterinsights_sitenote_note":"","_monsterinsights_sitenote_category":0},"product_brand":[],"product_cat":[12274,12284],"product_tag":[],"class_list":{"0":"post-746192","1":"product","2":"type-product","3":"status-publish","5":"product_cat-cocuk-ve-genclik-kitaplari","6":"product_cat-hikayeler","7":"pa_cilt-ciltsiz","8":"pa_tur-kitap","9":"pa_yayinevi-bilgi-yayinevi-cocuk","10":"pa_yazar-cigdem-gundes","12":"first","13":"instock","14":"sale","15":"shipping-taxable","16":"purchasable","17":"product-type-simple"},"_links":{"self":[{"href":"https:\/\/roveyayinevi.com.tr\/index.php\/wp-json\/wp\/v2\/product\/746192","targetHints":{"allow":["GET"]}}],"collection":[{"href":"https:\/\/roveyayinevi.com.tr\/index.php\/wp-json\/wp\/v2\/product"}],"about":[{"href":"https:\/\/roveyayinevi.com.tr\/index.php\/wp-json\/wp\/v2\/types\/product"}],"wp:attachment":[{"href":"https:\/\/roveyayinevi.com.tr\/index.php\/wp-json\/wp\/v2\/media?parent=746192"}],"wp:term":[{"taxonomy":"product_brand","embeddable":true,"href":"https:\/\/roveyayinevi.com.tr\/index.php\/wp-json\/wp\/v2\/product_brand?post=746192"},{"taxonomy":"product_cat","embeddable":true,"href":"https:\/\/roveyayinevi.com.tr\/index.php\/wp-json\/wp\/v2\/product_cat?post=746192"},{"taxonomy":"product_tag","embeddable":true,"href":"https:\/\/roveyayinevi.com.tr\/index.php\/wp-json\/wp\/v2\/product_tag?post=746192"}],"curies":[{"name":"wp","href":"https:\/\/api.w.org\/{rel}","templated":true}]}}