{"id":746190,"date":"2025-08-28T02:36:48","date_gmt":"2025-08-27T23:36:48","guid":{"rendered":"https:\/\/roveyayinevi.com.tr\/index.php\/urun\/albert-einsteina-gore-dunya\/"},"modified":"2026-04-16T02:58:33","modified_gmt":"2026-04-15T23:58:33","slug":"albert-einsteina-gore-dunya","status":"publish","type":"product","link":"https:\/\/roveyayinevi.com.tr\/index.php\/urun\/albert-einsteina-gore-dunya\/","title":{"rendered":"Albert Einstein&#8217;a G\u00f6re D\u00fcnya"},"content":{"rendered":"<p>\u201c\u0130nsan\u0131n okuma g\u00fc\u00e7l\u00fc\u011f\u00fc \u00e7ekmesi ve heceleri s\u00f6ylerken s\u00fcrekli tak\u0131lmas\u0131 onun aptal oldu\u011fu anlam\u0131na gelmez. Annem veya \u00f6\u011fretmenim bana k\u0131zd\u0131\u011f\u0131nda ya da s\u0131n\u0131ftan biri bana aptal muamelesi yapt\u0131\u011f\u0131nda b\u00f6yle d\u00fc\u015f\u00fcnerek kendimi avutuyorum. Herkesin iyi oldu\u011fu bir \u015feyler vard\u0131r, sadece bunun ne oldu\u011funu bulmak gerekir.\u201d   Albert Einstein\u2019\u0131 hepimiz biliriz. Peki, d\u00fcnyan\u0131n gelmi\u015f ge\u00e7mi\u015f en b\u00fcy\u00fck dehas\u0131 say\u0131labilecek Einstein, \u00e7ocukken nas\u0131l biriydi? Nelerde zorlan\u0131r, nelerle ilgilenirdi? Bu roman, bizi bir dehan\u0131n hen\u00fcz sadece di\u011ferlerinden farkl\u0131 bir \u00e7ocuk olarak alg\u0131land\u0131\u011f\u0131 ilk \u00e7ocukluk g\u00fcnlerine g\u00f6t\u00fcr\u00fcyor. B\u00fcy\u00fck d\u00e2hinin ger\u00e7ek ya\u015fam \u00f6yk\u00fcs\u00fcnden ilham alan Albert Einstein\u2019a G\u00f6re D\u00fcnya, matematik ve fizi\u011fin gizemleri \u00e7\u00f6zecek ke\u015fiflerle dolu oldu\u011funu ke\u015ffeden on ya\u015flar\u0131nda bir \u00e7ocu\u011fun d\u00fcnyay\u0131 nas\u0131l g\u00f6rd\u00fc\u011f\u00fcn\u00fc anlat\u0131yor. Bu roman Einstein\u2019\u0131 \u015fimdiye kadar hi\u00e7 bilmedi\u011fimiz y\u00f6nleriyle ve farkl\u0131l\u0131klar\u0131yla tan\u0131mam\u0131z\u0131 sa\u011flarken, kendi i\u00e7imizdeki dehay\u0131 da ke\u015ffetmemize yard\u0131mc\u0131 olacak. Her durumda \u201cNeden?\u201d sorusunu sormaktan \u00e7ekinmeyen, her \u015feyi anlamak isteyen, d\u00fcnyan\u0131n kendisine a\u00e7\u0131klanmas\u0131n\u0131 talep eden bu \u00e7ocu\u011fun hik\u00e2yesinden \u00f6\u011frenecek \u00e7ok \u015fey var. Ve Einstein\u2019\u0131n da hep s\u00f6yledi\u011fi gibi, herkesin iyi oldu\u011fu bir \u015feyler vard\u0131r, sadece bunun ne oldu\u011funu bulmak gerekir. <\/p>\n","protected":false},"excerpt":{"rendered":"<p>\u201c\u0130nsan\u0131n okuma g\u00fc\u00e7l\u00fc\u011f\u00fc \u00e7ekmesi ve heceleri s\u00f6ylerken s\u00fcrekli tak\u0131lmas\u0131 onun aptal oldu\u011fu anlam\u0131na gelmez. Annem veya \u00f6\u011fretmenim bana k\u0131zd\u0131\u011f\u0131nda ya da s\u0131n\u0131ftan biri bana aptal muamelesi<span class=\"excerpt-hellip\"> [\u2026]<\/span><\/p>\n","protected":false},"featured_media":0,"template":"","meta":{"_monsterinsights_skip_tracking":false,"_monsterinsights_sitenote_active":false,"_monsterinsights_sitenote_note":"","_monsterinsights_sitenote_category":0},"product_brand":[],"product_cat":[12689,12274],"product_tag":[],"class_list":{"0":"post-746190","1":"product","2":"type-product","3":"status-publish","5":"product_cat-cizgi-roman-cocuk-ve-genclik-kitaplari","6":"product_cat-cocuk-ve-genclik-kitaplari","7":"pa_cilt-ciltsiz","8":"pa_tur-kitap","9":"pa_yayinevi-redhouse-kidz-yayinlari","10":"pa_yazar-brigitte-kernel","12":"first","13":"instock","14":"sale","15":"shipping-taxable","16":"purchasable","17":"product-type-simple"},"_links":{"self":[{"href":"https:\/\/roveyayinevi.com.tr\/index.php\/wp-json\/wp\/v2\/product\/746190","targetHints":{"allow":["GET"]}}],"collection":[{"href":"https:\/\/roveyayinevi.com.tr\/index.php\/wp-json\/wp\/v2\/product"}],"about":[{"href":"https:\/\/roveyayinevi.com.tr\/index.php\/wp-json\/wp\/v2\/types\/product"}],"wp:attachment":[{"href":"https:\/\/roveyayinevi.com.tr\/index.php\/wp-json\/wp\/v2\/media?parent=746190"}],"wp:term":[{"taxonomy":"product_brand","embeddable":true,"href":"https:\/\/roveyayinevi.com.tr\/index.php\/wp-json\/wp\/v2\/product_brand?post=746190"},{"taxonomy":"product_cat","embeddable":true,"href":"https:\/\/roveyayinevi.com.tr\/index.php\/wp-json\/wp\/v2\/product_cat?post=746190"},{"taxonomy":"product_tag","embeddable":true,"href":"https:\/\/roveyayinevi.com.tr\/index.php\/wp-json\/wp\/v2\/product_tag?post=746190"}],"curies":[{"name":"wp","href":"https:\/\/api.w.org\/{rel}","templated":true}]}}