{"id":746184,"date":"2025-08-28T02:36:38","date_gmt":"2025-08-27T23:36:38","guid":{"rendered":"https:\/\/roveyayinevi.com.tr\/index.php\/urun\/mutlak-sifir\/"},"modified":"2026-04-16T02:58:33","modified_gmt":"2026-04-15T23:58:33","slug":"mutlak-sifir","status":"publish","type":"product","link":"https:\/\/roveyayinevi.com.tr\/index.php\/urun\/mutlak-sifir\/","title":{"rendered":"Mutlak S\u0131f\u0131r"},"content":{"rendered":"<p>\u0130ntikam ve adalet i\u00e7in ne kadar ileri gidebilirsin? Ya intikam alabilece\u011fin hi\u00e7bir \u015fey kalmad\u0131ysa geriye, nerede arars\u0131n su\u00e7luyu? Kaderin b\u00f6\u011fr\u00fcne bir b\u0131\u00e7ak saplayabilir misin? Ate\u015fe verebilir misin t\u00fcm varolu\u015fu? Kay\u0131ts\u0131zl\u0131ktan \u00f6te ne bulabilirsin omuzlar\u0131na insanl\u0131\u011f\u0131n t\u00fcm g\u00fcnahlar\u0131n\u0131 y\u00fckledi\u011finde? Serhan kendi intikam\u0131n\u0131n pe\u015finde giderek daha da derinle\u015fen o karanl\u0131\u011fa dald\u0131\u011f\u0131nda kay\u0131ts\u0131zl\u0131ktan ba\u015fka bir \u015fey bulamam\u0131\u015ft\u0131 kar\u015f\u0131s\u0131nda. Ve g\u00fcn\u00fcn birinde eski dostunun kar\u015f\u0131s\u0131na dikildi\u011finde ona \u015f\u00f6yle hayk\u0131rm\u0131\u015ft\u0131: \u201cVarolu\u015fun ta kendisi devasa bir \u00e7\u0131lg\u0131nl\u0131ktan \u00f6te nedir ki?! Bizi biz yapan titre\u015fimler, d\u00f6n\u00fcp duran, birbiri i\u00e7ine girip kaybolan hayaller&#8230; Hi\u00e7li\u011fin i\u00e7indeki bir hi\u00e7likte, i\u015fledi\u011fim t\u00fcm bu g\u00fcnahlar, bu vah\u015fet, bu katliam\u2026 Bir anlam\u0131 olmal\u0131yd\u0131 Mustafa. Bu derece s\u0131n\u0131rs\u0131z bir kay\u0131ts\u0131zl\u0131k kar\u015f\u0131s\u0131nda adalet arama \u00e7abas\u0131ndan ba\u015fka bir \u015fey de\u011fildi yapt\u0131klar\u0131m. Ne var ki, g\u00f6rmezden gelinmekten ba\u015fka, Mutlak S\u0131f\u0131rdan ba\u015fka hi\u00e7bir \u015fey yok bu evrende! Zaman i\u00e7inde toz olup gidecek bir kaya par\u00e7as\u0131n\u0131n \u00fczerinde, \u00e7\u00fcr\u00fcy\u00fcp gitmeden \u00f6nce kendini kand\u0131ran toz par\u00e7alar\u0131y\u0131z sadece\u2026\u201d Ya\u015fad\u0131\u011f\u0131 derin ac\u0131lar kar\u015f\u0131s\u0131nda giderek mant\u0131\u011f\u0131n\u0131 yitirmi\u015f ve sonunda delirip gitmi\u015f zavall\u0131 bir adam\u0131n hik\u00e2yesidir bu. Ne var ki, tehlikeli sularda gezinen bu delinin sordu\u011fu sak\u0131ncal\u0131 sorular h\u00e2l\u00e2 yank\u0131lan\u0131p duruyor oralarda bir yerlerde&#8230; <\/p>\n","protected":false},"excerpt":{"rendered":"<p>\u0130ntikam ve adalet i\u00e7in ne kadar ileri gidebilirsin? Ya intikam alabilece\u011fin hi\u00e7bir \u015fey kalmad\u0131ysa geriye, nerede arars\u0131n su\u00e7luyu? Kaderin b\u00f6\u011fr\u00fcne bir b\u0131\u00e7ak saplayabilir misin? Ate\u015fe verebilir<span class=\"excerpt-hellip\"> [\u2026]<\/span><\/p>\n","protected":false},"featured_media":0,"template":"","meta":{"_monsterinsights_skip_tracking":false,"_monsterinsights_sitenote_active":false,"_monsterinsights_sitenote_note":"","_monsterinsights_sitenote_category":0},"product_brand":[],"product_cat":[12291,12711],"product_tag":[],"class_list":{"0":"post-746184","1":"product","2":"type-product","3":"status-publish","5":"product_cat-edebiyat","6":"product_cat-roman-oyku","7":"pa_cilt-ciltsiz","8":"pa_tur-kitap","9":"pa_yayinevi-perseus","10":"pa_yazar-cem-calim","12":"first","13":"instock","14":"sale","15":"shipping-taxable","16":"purchasable","17":"product-type-simple"},"_links":{"self":[{"href":"https:\/\/roveyayinevi.com.tr\/index.php\/wp-json\/wp\/v2\/product\/746184","targetHints":{"allow":["GET"]}}],"collection":[{"href":"https:\/\/roveyayinevi.com.tr\/index.php\/wp-json\/wp\/v2\/product"}],"about":[{"href":"https:\/\/roveyayinevi.com.tr\/index.php\/wp-json\/wp\/v2\/types\/product"}],"wp:attachment":[{"href":"https:\/\/roveyayinevi.com.tr\/index.php\/wp-json\/wp\/v2\/media?parent=746184"}],"wp:term":[{"taxonomy":"product_brand","embeddable":true,"href":"https:\/\/roveyayinevi.com.tr\/index.php\/wp-json\/wp\/v2\/product_brand?post=746184"},{"taxonomy":"product_cat","embeddable":true,"href":"https:\/\/roveyayinevi.com.tr\/index.php\/wp-json\/wp\/v2\/product_cat?post=746184"},{"taxonomy":"product_tag","embeddable":true,"href":"https:\/\/roveyayinevi.com.tr\/index.php\/wp-json\/wp\/v2\/product_tag?post=746184"}],"curies":[{"name":"wp","href":"https:\/\/api.w.org\/{rel}","templated":true}]}}