{"id":746179,"date":"2025-08-28T02:36:31","date_gmt":"2025-08-27T23:36:31","guid":{"rendered":"https:\/\/roveyayinevi.com.tr\/index.php\/urun\/ayin-etrafinda-rusca\/"},"modified":"2026-04-16T02:58:33","modified_gmt":"2026-04-15T23:58:33","slug":"ayin-etrafinda-rusca","status":"publish","type":"product","link":"https:\/\/roveyayinevi.com.tr\/index.php\/urun\/ayin-etrafinda-rusca\/","title":{"rendered":"Ay\u0131n Etraf\u0131nda (RUS\u00c7A)"},"content":{"rendered":"<p>\u0412 \u0442\u0435\u0447\u0435\u043d\u0438\u0435 186\u2026 \u0433\u043e\u0434\u0430 \u0432\u0435\u0441\u044c \u043c\u0438\u0440 \u0431\u044b\u043b \u043f\u043e\u0440\u0430\u0436\u0435\u043d \u043d\u0435\u043e\u0431\u044b\u0447\u0430\u0439\u043d\u044b\u043c \u043f\u043e \u0441\u043c\u0435\u043b\u043e\u0441\u0442\u0438 \u043d\u0430\u0443\u0447\u043d\u044b\u043c \u043e\u043f\u044b\u0442\u043e\u043c, \u0431\u0435\u0441\u043f\u0440\u0438\u043c\u0435\u0440\u043d\u044b\u043c \u0432 \u0438\u0441\u0442\u043e\u0440\u0438\u0438 \u0443\u0447\u0435\u043d\u044b\u0445 \u0438\u0441\u0441\u043b\u0435\u0434\u043e\u0432\u0430\u043d\u0438\u0439. \u0427\u043b\u0435\u043d\u044b \u00ab\u041f\u0443\u0448\u0435\u0447\u043d\u043e\u0433\u043e \u043a\u043b\u0443\u0431\u0430\u00bb, \u043e\u0441\u043d\u043e\u0432\u0430\u043d\u043d\u043e\u0433\u043e \u0433\u0440\u0443\u043f\u043f\u043e\u0439 \u0430\u0440\u0442\u0438\u043b\u043b\u0435\u0440\u0438\u0441\u0442\u043e\u0432 \u0432 \u0411\u0430\u043b\u0442\u0438\u043c\u043e\u0440\u0435 \u043f\u043e\u0441\u043b\u0435 \u0413\u0440\u0430\u0436\u0434\u0430\u043d\u0441\u043a\u043e\u0439 \u0432\u043e\u0439\u043d\u044b \u0432 \u0410\u043c\u0435\u0440\u0438\u043a\u0435, \u0437\u0430\u0434\u0443\u043c\u0430\u043b\u0438 \u0443\u0441\u0442\u0430\u043d\u043e\u0432\u0438\u0442\u044c \u0441\u0432\u044f\u0437\u044c \u0441 \u041b\u0443\u043d\u043e\u0439 \u2013 \u0434\u0430, \u0434\u0430, \u0441 \u041b\u0443\u043d\u043e\u0439, \u043d\u0435 \u0431\u043e\u043b\u0435\u0435 \u0438 \u043d\u0435 \u043c\u0435\u043d\u0435\u0435, \u2013 \u043f\u0443\u0441\u0442\u0438\u0432 \u0432 \u043d\u0435\u0435 \u044f\u0434\u0440\u043e \u0438\u0437 \u043f\u0443\u0448\u043a\u0438. \u041f\u0440\u0435\u0434\u0441\u0435\u0434\u0430\u0442\u0435\u043b\u044c \u043a\u043b\u0443\u0431\u0430 \u0411\u0430\u0440\u0431\u0438\u043a\u0435\u043d, \u0430\u0432\u0442\u043e\u0440 \u043f\u0440\u043e\u0435\u043a\u0442\u0430, \u0437\u0430\u0440\u0443\u0447\u0438\u0432\u0448\u0438\u0441\u044c \u0441\u043e\u0432\u0435\u0442\u0430\u043c\u0438 \u0430\u0441\u0442\u0440\u043e\u043d\u043e\u043c\u043e\u0432 \u041a\u0435\u043c\u0431\u0440\u0438\u0434\u0436\u0441\u043a\u043e\u0439 \u043e\u0431\u0441\u0435\u0440\u0432\u0430\u0442\u043e\u0440\u0438\u0438, \u043f\u043e\u0434\u0433\u043e\u0442\u043e\u0432\u0438\u043b \u0432\u0441\u0435 \u043d\u0435\u043e\u0431\u0445\u043e\u0434\u0438\u043c\u043e\u0435 \u0434\u043b\u044f \u0432\u044b\u043f\u043e\u043b\u043d\u0435\u043d\u0438\u044f \u044d\u0442\u043e\u0433\u043e \u043d\u0435\u0441\u043b\u044b\u0445\u0430\u043d\u043d\u043e\u0433\u043e \u043f\u0440\u0435\u0434\u043f\u0440\u0438\u044f\u0442\u0438\u044f, \u043a\u043e\u0442\u043e\u0440\u043e\u0435, \u0432\u043f\u0440\u043e\u0447\u0435\u043c, \u0441\u0432\u0435\u0434\u0443\u0449\u0438\u0435 \u043b\u044e\u0434\u0438 \u043f\u0440\u0438\u0437\u043d\u0430\u043b\u0438 \u0432\u043f\u043e\u043b\u043d\u0435 \u043e\u0441\u0443\u0449\u0435\u0441\u0442\u0432\u0438\u043c\u044b\u043c. \u041e\u0440\u0433\u0430\u043d\u0438\u0437\u043e\u0432\u0430\u0432 \u043f\u043e\u0432\u0441\u0435\u043c\u0435\u0441\u0442\u043d\u0443\u044e \u043f\u043e\u0434\u043f\u0438\u0441\u043a\u0443, \u0441\u043e\u0431\u0440\u0430\u0432\u0448\u0443\u044e \u043e\u043a\u043e\u043b\u043e \u0442\u0440\u0438\u0434\u0446\u0430\u0442\u0438 \u043c\u0438\u043b\u043b\u0438\u043e\u043d\u043e\u0432 \u0444\u0440\u0430\u043d\u043a\u043e\u0432, \u043e\u043d \u043f\u0440\u0438\u0441\u0442\u0443\u043f\u0438\u043b \u043a \u0433\u0440\u0430\u043d\u0434\u0438\u043e\u0437\u043d\u044b\u043c \u0440\u0430\u0431\u043e\u0442\u0430\u043c. <\/p>\n","protected":false},"excerpt":{"rendered":"<p>\u0412 \u0442\u0435\u0447\u0435\u043d\u0438\u0435 186\u2026 \u0433\u043e\u0434\u0430 \u0432\u0435\u0441\u044c \u043c\u0438\u0440 \u0431\u044b\u043b \u043f\u043e\u0440\u0430\u0436\u0435\u043d \u043d\u0435\u043e\u0431\u044b\u0447\u0430\u0439\u043d\u044b\u043c \u043f\u043e \u0441\u043c\u0435\u043b\u043e\u0441\u0442\u0438 \u043d\u0430\u0443\u0447\u043d\u044b\u043c \u043e\u043f\u044b\u0442\u043e\u043c, \u0431\u0435\u0441\u043f\u0440\u0438\u043c\u0435\u0440\u043d\u044b\u043c \u0432 \u0438\u0441\u0442\u043e\u0440\u0438\u0438 \u0443\u0447\u0435\u043d\u044b\u0445 \u0438\u0441\u0441\u043b\u0435\u0434\u043e\u0432\u0430\u043d\u0438\u0439. \u0427\u043b\u0435\u043d\u044b \u00ab\u041f\u0443\u0448\u0435\u0447\u043d\u043e\u0433\u043e \u043a\u043b\u0443\u0431\u0430\u00bb, \u043e\u0441\u043d\u043e\u0432\u0430\u043d\u043d\u043e\u0433\u043e \u0433\u0440\u0443\u043f\u043f\u043e\u0439 \u0430\u0440\u0442\u0438\u043b\u043b\u0435\u0440\u0438\u0441\u0442\u043e\u0432 \u0432 \u0411\u0430\u043b\u0442\u0438\u043c\u043e\u0440\u0435<span class=\"excerpt-hellip\"> [\u2026]<\/span><\/p>\n","protected":false},"featured_media":0,"template":"","meta":{"_monsterinsights_skip_tracking":false,"_monsterinsights_sitenote_active":false,"_monsterinsights_sitenote_note":"","_monsterinsights_sitenote_category":0},"product_brand":[],"product_cat":[12291,12711],"product_tag":[],"class_list":{"0":"post-746179","1":"product","2":"type-product","3":"status-publish","5":"product_cat-edebiyat","6":"product_cat-roman-oyku","7":"pa_cilt-ciltsiz","8":"pa_tur-kitap","9":"pa_yayinevi-kirmizi-ada-yayinlari","10":"pa_yazar-jules-verne","12":"first","13":"instock","14":"sale","15":"shipping-taxable","16":"purchasable","17":"product-type-simple"},"_links":{"self":[{"href":"https:\/\/roveyayinevi.com.tr\/index.php\/wp-json\/wp\/v2\/product\/746179","targetHints":{"allow":["GET"]}}],"collection":[{"href":"https:\/\/roveyayinevi.com.tr\/index.php\/wp-json\/wp\/v2\/product"}],"about":[{"href":"https:\/\/roveyayinevi.com.tr\/index.php\/wp-json\/wp\/v2\/types\/product"}],"wp:attachment":[{"href":"https:\/\/roveyayinevi.com.tr\/index.php\/wp-json\/wp\/v2\/media?parent=746179"}],"wp:term":[{"taxonomy":"product_brand","embeddable":true,"href":"https:\/\/roveyayinevi.com.tr\/index.php\/wp-json\/wp\/v2\/product_brand?post=746179"},{"taxonomy":"product_cat","embeddable":true,"href":"https:\/\/roveyayinevi.com.tr\/index.php\/wp-json\/wp\/v2\/product_cat?post=746179"},{"taxonomy":"product_tag","embeddable":true,"href":"https:\/\/roveyayinevi.com.tr\/index.php\/wp-json\/wp\/v2\/product_tag?post=746179"}],"curies":[{"name":"wp","href":"https:\/\/api.w.org\/{rel}","templated":true}]}}