{"id":746176,"date":"2025-08-28T02:36:25","date_gmt":"2025-08-27T23:36:25","guid":{"rendered":"https:\/\/roveyayinevi.com.tr\/index.php\/urun\/yazmak-zamani-asmak\/"},"modified":"2026-04-16T02:58:33","modified_gmt":"2026-04-15T23:58:33","slug":"yazmak-zamani-asmak","status":"publish","type":"product","link":"https:\/\/roveyayinevi.com.tr\/index.php\/urun\/yazmak-zamani-asmak\/","title":{"rendered":"Yazmak&#8230; Zaman\u0131 A\u015fmak"},"content":{"rendered":"<p>&#8220;Gen\u00e7 yazarlara, yazarl\u0131kta ilerlemek isteyenlere&#8230;&#8221;\u00c7i\u011fdem \u00dclker, bu kitapta kalemin yolculu\u011funu kavramaya \u00e7al\u0131\u015fman\u0131n sonu olmayan, zaman\u0131 a\u015fan bir ser\u00fcven oldu\u011funu vurguluyor.Yazmak&#8230; Zaman\u0131 A\u015fmak, edebiyat konular\u0131n\u0131 hem dilbilgisel hem de kuramsal d\u00fczlemde ele al\u0131yor. Yaz\u0131nsal \u00fcretimin bu iki y\u00f6n\u00fcn\u00fc de tart\u0131\u015f\u0131yor ve gen\u00e7 yazarlar\u0131, yazarl\u0131kta ilerlemek isteyenleri edebiyat yolculu\u011funa davet ediyor.\u0130ster kitaplar\u0131 sadece seven biri, ister bir yaz\u0131 yolcusu olarak okuyun; edebiyat\u0131n davetini, s\u00f6zc\u00fcklerin sihirli \u00e7a\u011fr\u0131s\u0131n\u0131 ve yazar\u0131n\u0131n nefesini duyacaks\u0131n\u0131z.<\/p>\n","protected":false},"excerpt":{"rendered":"<p>&#8220;Gen\u00e7 yazarlara, yazarl\u0131kta ilerlemek isteyenlere&#8230;&#8221;\u00c7i\u011fdem \u00dclker, bu kitapta kalemin yolculu\u011funu kavramaya \u00e7al\u0131\u015fman\u0131n sonu olmayan, zaman\u0131 a\u015fan bir ser\u00fcven oldu\u011funu vurguluyor.Yazmak&#8230; Zaman\u0131 A\u015fmak, edebiyat konular\u0131n\u0131 hem dilbilgisel<span class=\"excerpt-hellip\"> [\u2026]<\/span><\/p>\n","protected":false},"featured_media":0,"template":"","meta":{"_monsterinsights_skip_tracking":false,"_monsterinsights_sitenote_active":false,"_monsterinsights_sitenote_note":"","_monsterinsights_sitenote_category":0},"product_brand":[],"product_cat":[12777,12291],"product_tag":[],"class_list":{"0":"post-746176","1":"product","2":"type-product","3":"status-publish","5":"product_cat-deneme","6":"product_cat-edebiyat","7":"pa_cilt-ciltsiz","8":"pa_tur-kitap","9":"pa_yayinevi-remzi-kitabevi","10":"pa_yazar-cigdem-ulker","12":"first","13":"instock","14":"sale","15":"shipping-taxable","16":"purchasable","17":"product-type-simple"},"_links":{"self":[{"href":"https:\/\/roveyayinevi.com.tr\/index.php\/wp-json\/wp\/v2\/product\/746176","targetHints":{"allow":["GET"]}}],"collection":[{"href":"https:\/\/roveyayinevi.com.tr\/index.php\/wp-json\/wp\/v2\/product"}],"about":[{"href":"https:\/\/roveyayinevi.com.tr\/index.php\/wp-json\/wp\/v2\/types\/product"}],"wp:attachment":[{"href":"https:\/\/roveyayinevi.com.tr\/index.php\/wp-json\/wp\/v2\/media?parent=746176"}],"wp:term":[{"taxonomy":"product_brand","embeddable":true,"href":"https:\/\/roveyayinevi.com.tr\/index.php\/wp-json\/wp\/v2\/product_brand?post=746176"},{"taxonomy":"product_cat","embeddable":true,"href":"https:\/\/roveyayinevi.com.tr\/index.php\/wp-json\/wp\/v2\/product_cat?post=746176"},{"taxonomy":"product_tag","embeddable":true,"href":"https:\/\/roveyayinevi.com.tr\/index.php\/wp-json\/wp\/v2\/product_tag?post=746176"}],"curies":[{"name":"wp","href":"https:\/\/api.w.org\/{rel}","templated":true}]}}