{"id":746175,"date":"2025-08-28T02:36:24","date_gmt":"2025-08-27T23:36:24","guid":{"rendered":"https:\/\/roveyayinevi.com.tr\/index.php\/urun\/uc-silahsorler-fleksi-kapak\/"},"modified":"2026-04-16T02:58:33","modified_gmt":"2026-04-15T23:58:33","slug":"uc-silahsorler-fleksi-kapak","status":"publish","type":"product","link":"https:\/\/roveyayinevi.com.tr\/index.php\/urun\/uc-silahsorler-fleksi-kapak\/","title":{"rendered":"\u00dc\u00e7 Silah\u015f\u00f6rler (Fleksi Kapak)"},"content":{"rendered":"<p>&#8220;\u00c7ocuklar i\u00e7in d\u00fcnya klasikleri l\u00fcks, ciltli \u00f6zel tasar\u0131mlar\u0131yla&#8230;&#8221;Alexandre Dumas\u2019n\u0131n en \u00f6nemli romanlar\u0131ndan biri olan \u00dc\u00e7 Silah\u015f\u00f6rler, d\u2019Artagnan adl\u0131 bir gencin Fransa kral\u0131n\u0131n hizmetinde silah\u015f\u00f6r olmak \u00fczere Paris\u2019e gelmesiyle ba\u015flar. Burada hem zekas\u0131 hem de k\u0131l\u0131\u00e7 kullanmaktaki ustal\u0131\u011f\u0131yla \u00fc\u00e7 eski silah\u015f\u00f6rle \u2013 Athos, Porthos ve Aramis \u2013 dost olur. Onlarla g\u00fc\u00e7 birli\u011fi yaparak, Kardinal Richelieu\u2019n\u00fcn ve Lady de Winter\u2019in hain planlar\u0131na kar\u015f\u0131 kral ve krali\u00e7eyi korumaya and i\u00e7er.Dumas\u2019n\u0131n bu klasik roman\u0131, heyecanl\u0131 temposu, sevilen karakterleri ve romantik idealleri sayesinde ilk yay\u0131nland\u0131\u011f\u0131 d\u00f6nemden beri okurlar\u0131 etkilemi\u015f, silah\u015f\u00f6rlerin karde\u015fli\u011fi \u00fcnl\u00fc parolalar\u0131yla sonsuza kadar \u00f6l\u00fcms\u00fczle\u015fmi\u015ftir: \u201cBirimiz hepimiz, hepimiz birimiz i\u00e7in!\u201d<\/p>\n","protected":false},"excerpt":{"rendered":"<p>&#8220;\u00c7ocuklar i\u00e7in d\u00fcnya klasikleri l\u00fcks, ciltli \u00f6zel tasar\u0131mlar\u0131yla&#8230;&#8221;Alexandre Dumas\u2019n\u0131n en \u00f6nemli romanlar\u0131ndan biri olan \u00dc\u00e7 Silah\u015f\u00f6rler, d\u2019Artagnan adl\u0131 bir gencin Fransa kral\u0131n\u0131n hizmetinde silah\u015f\u00f6r olmak \u00fczere<span class=\"excerpt-hellip\"> [\u2026]<\/span><\/p>\n","protected":false},"featured_media":0,"template":"","meta":{"_monsterinsights_skip_tracking":false,"_monsterinsights_sitenote_active":false,"_monsterinsights_sitenote_note":"","_monsterinsights_sitenote_category":0},"product_brand":[],"product_cat":[12274,12467],"product_tag":[],"class_list":{"0":"post-746175","1":"product","2":"type-product","3":"status-publish","5":"product_cat-cocuk-ve-genclik-kitaplari","6":"product_cat-dunya-klasikleri","7":"pa_cilt-ciltsiz","8":"pa_tur-kitap","9":"pa_yayinevi-remzi-kitabevi","10":"pa_yazar-alexandre-dumas","12":"first","13":"instock","14":"sale","15":"shipping-taxable","16":"purchasable","17":"product-type-simple"},"_links":{"self":[{"href":"https:\/\/roveyayinevi.com.tr\/index.php\/wp-json\/wp\/v2\/product\/746175","targetHints":{"allow":["GET"]}}],"collection":[{"href":"https:\/\/roveyayinevi.com.tr\/index.php\/wp-json\/wp\/v2\/product"}],"about":[{"href":"https:\/\/roveyayinevi.com.tr\/index.php\/wp-json\/wp\/v2\/types\/product"}],"wp:attachment":[{"href":"https:\/\/roveyayinevi.com.tr\/index.php\/wp-json\/wp\/v2\/media?parent=746175"}],"wp:term":[{"taxonomy":"product_brand","embeddable":true,"href":"https:\/\/roveyayinevi.com.tr\/index.php\/wp-json\/wp\/v2\/product_brand?post=746175"},{"taxonomy":"product_cat","embeddable":true,"href":"https:\/\/roveyayinevi.com.tr\/index.php\/wp-json\/wp\/v2\/product_cat?post=746175"},{"taxonomy":"product_tag","embeddable":true,"href":"https:\/\/roveyayinevi.com.tr\/index.php\/wp-json\/wp\/v2\/product_tag?post=746175"}],"curies":[{"name":"wp","href":"https:\/\/api.w.org\/{rel}","templated":true}]}}