{"id":746173,"date":"2025-08-28T02:36:21","date_gmt":"2025-08-27T23:36:21","guid":{"rendered":"https:\/\/roveyayinevi.com.tr\/index.php\/urun\/iyilesmek\/"},"modified":"2026-04-11T03:05:57","modified_gmt":"2026-04-11T00:05:57","slug":"iyilesmek","status":"publish","type":"product","link":"https:\/\/roveyayinevi.com.tr\/index.php\/urun\/iyilesmek\/","title":{"rendered":"\u0130yile\u015fmek"},"content":{"rendered":"<p>D\u00fcn bitti, hik\u00e2yen devam ediyor&#8230;   Yolu sana \u00e7\u0131kmayanlar\u0131n yolundan ayr\u0131ld\u0131\u011f\u0131nda iyile\u015fmeye ba\u015flayacaks\u0131n.   \u201c\u0130nsan\u0131 insan yaralar, yaralar\u0131n\u0131 yine insan sarar.\u201d   Aslolan, do\u011fru tercihleri yapabilmek ve zor kararlar vermeyi g\u00f6ze alabilmektir.   Olmayana de\u011fil olana odaklanmak, gidene de\u011fil kalana sar\u0131lmak ve y\u00fcreksizlere de\u011fil, her ko\u015fulda senin i\u00e7in y\u00fcre\u011fini ortaya koyanlara tutunmak iyile\u015ftirecek seni. Gidenlerden kopamad\u0131k\u00e7a yaralanan ruhun, \u015fifas\u0131n\u0131 yan\u0131nda duran ve asla gitmemi\u015f olanlar\u0131 fark etti\u011finde bulacak. M\u00fctevaz\u0131 varl\u0131klar\u0131yla hayat\u0131m\u0131z\u0131 nimete \u00e7evirenlere minnet duymak, unutulmamas\u0131 gereken bir \u00f6devdir sevgili dostum. <\/p>\n","protected":false},"excerpt":{"rendered":"<p>D\u00fcn bitti, hik\u00e2yen devam ediyor&#8230; Yolu sana \u00e7\u0131kmayanlar\u0131n yolundan ayr\u0131ld\u0131\u011f\u0131nda iyile\u015fmeye ba\u015flayacaks\u0131n. \u201c\u0130nsan\u0131 insan yaralar, yaralar\u0131n\u0131 yine insan sarar.\u201d Aslolan, do\u011fru tercihleri yapabilmek ve zor kararlar<span class=\"excerpt-hellip\"> [\u2026]<\/span><\/p>\n","protected":false},"featured_media":0,"template":"","meta":{"_monsterinsights_skip_tracking":false,"_monsterinsights_sitenote_active":false,"_monsterinsights_sitenote_note":"","_monsterinsights_sitenote_category":0},"product_brand":[],"product_cat":[12364,12376],"product_tag":[],"class_list":{"0":"post-746173","1":"product","2":"type-product","3":"status-publish","5":"product_cat-genel-konular","6":"product_cat-kisisel-gelisim","7":"pa_cilt-ciltsiz","8":"pa_tur-kitap","9":"pa_yayinevi-indigo-kitap","10":"pa_yazar-caner-yaman","12":"first","13":"instock","14":"sale","15":"shipping-taxable","16":"purchasable","17":"product-type-simple"},"_links":{"self":[{"href":"https:\/\/roveyayinevi.com.tr\/index.php\/wp-json\/wp\/v2\/product\/746173","targetHints":{"allow":["GET"]}}],"collection":[{"href":"https:\/\/roveyayinevi.com.tr\/index.php\/wp-json\/wp\/v2\/product"}],"about":[{"href":"https:\/\/roveyayinevi.com.tr\/index.php\/wp-json\/wp\/v2\/types\/product"}],"wp:attachment":[{"href":"https:\/\/roveyayinevi.com.tr\/index.php\/wp-json\/wp\/v2\/media?parent=746173"}],"wp:term":[{"taxonomy":"product_brand","embeddable":true,"href":"https:\/\/roveyayinevi.com.tr\/index.php\/wp-json\/wp\/v2\/product_brand?post=746173"},{"taxonomy":"product_cat","embeddable":true,"href":"https:\/\/roveyayinevi.com.tr\/index.php\/wp-json\/wp\/v2\/product_cat?post=746173"},{"taxonomy":"product_tag","embeddable":true,"href":"https:\/\/roveyayinevi.com.tr\/index.php\/wp-json\/wp\/v2\/product_tag?post=746173"}],"curies":[{"name":"wp","href":"https:\/\/api.w.org\/{rel}","templated":true}]}}