{"id":746170,"date":"2025-08-28T02:36:18","date_gmt":"2025-08-27T23:36:18","guid":{"rendered":"https:\/\/roveyayinevi.com.tr\/index.php\/urun\/muglanin-direksiyon-kraliceleri\/"},"modified":"2026-04-16T02:58:33","modified_gmt":"2026-04-15T23:58:33","slug":"muglanin-direksiyon-kraliceleri","status":"publish","type":"product","link":"https:\/\/roveyayinevi.com.tr\/index.php\/urun\/muglanin-direksiyon-kraliceleri\/","title":{"rendered":"Mu\u011fla&#8217;n\u0131n Direksiyon Krali\u00e7eleri"},"content":{"rendered":"<p>\u0130lk kitab\u0131m Atat\u00fcrk&#8217;\u00fcn Valisi M. Recai G\u00fcreli&#8217;den sonra ikinci kitap haz\u0131rl\u0131klar\u0131na ba\u015flam\u0131\u015ft\u0131m. \u0130kinci kitab\u0131m Kad\u0131n \u015eof\u00f6rler olacakt\u0131. Onun i\u00e7in bilgi ve belge toplamaya ba\u015flad\u0131m. Rahmetli Suat Dereli, Muberra \u015eahan, Zeliha Korkmaz, Mefaret \u00d6zbek, Afet Ko\u00e7er, Sevim \u00d6zkaya, Sevgi Sand\u0131k\u00e7\u0131o\u011flu, Sevin\u00e7 G\u00f6\u00e7\u00fcgenci,Ay\u015feAn\u0131l, \u00d6zlemAr\u0131c\u0131 ile s\u00f6yle\u015fi yapm\u0131\u015ft\u0131m. Rahmetli \u0130ffet \u0130nan ve Rahmetli SabahatAyk\u0131n&#8217;\u0131n yapt\u0131\u011f\u0131m bu \u00e7al\u0131\u015fmadan haberi vard\u0131. Mu\u011fla \u015eof\u00f6rler ve Otomobilciler Odas\u0131&#8217;na u\u011frad\u0131\u011f\u0131mda uzun y\u0131llar orada \u00e7al\u0131\u015fm\u0131\u015f olan Y\u00fccel Bozkurt depodan aray\u0131p buldu\u011fu kitab\u0131 getirmi\u015fti. Kitap taksiciler i\u00e7in haz\u0131rlanm\u0131\u015f Otomobilciler ve Kamyon cular Federasyonu Ba\u015fkan\u0131 Dervi\u015f G\u00fcnday, Mu\u011fla Valisi Dr. Lale Ayta man ile Mu\u011fla \u015eof\u00f6rler Odas\u0131 Ba\u015fkan\u0131 Durmu\u015f Ak\u00e7am imzalam\u0131\u015flar. Bu \u00e7al\u0131\u015fman\u0131n d\u00fcnyadaki kad\u0131n s\u00fcr\u00fcc\u00fcler hakk\u0131nda da bilgi vermesini istiyordum. Bunun i\u00e7in ilk olarak D\u00fcnyadaki ilk kad\u0131n s\u00fcr\u00fcc\u00fcs\u00fcn\u00fc en ba\u015fa koydum. D\u00fcnya&#8217;n\u0131n ilk kad\u0131n \u015fof\u00f6r\u00fc olan Bertha Benz ailesinden kalan miras\u0131 e\u015fi olan Carl Benz i\u00e7in ara\u015ft\u0131rmalar\u0131na harcad\u0131. 1886&#8217;da \u00fc\u00e7 tekerlekli arac\u0131 tescil ettirdi. Atat\u00fcrk&#8217;\u00fcn fikir ve duygular\u0131n\u0131 anlayan biri de, Muammer Han\u0131m&#8217;d\u0131. 1930 y\u0131l\u0131nda mesle\u011finde \u00fclkemizde bir ilk olmay\u0131 ba\u015farm\u0131\u015ft\u0131r. Hacer \u00d6zsu \u0130stanbul Suadiye&#8217;de do\u011fmu\u015f, asker e\u015fi olan \u00d6zsu, 1949&#8217;da Ankara&#8217;da taksicili\u011fe ba\u015flam\u0131\u015ft\u0131r. T\u00fcrkiye&#8217;nin ilk kad\u0131n otob\u00fcs \u015fof\u00f6r\u00fc olan Fatma \u00d6zt\u00fcrk, \u0130zmit- \u0130stanbul aras\u0131nda yolcu ta\u015f\u0131maya devam etmektedir. T\u00fcrkiye&#8217;de ilk kad\u0131n belediye otob\u00fcs \u015fof\u00f6r\u00fc olarak Melek \u0130lhan&#8217;\u0131 g\u00f6r\u00fcyoruz. T\u00fcrkiye&#8217;de ilk kad\u0131n kamyon \u015fof\u00f6r\u00fc ise Selma Akayd\u0131n&#8217;d\u0131r. Mu\u011fla&#8217;da ayn\u0131 durakta taksicilik yapan Bakiye Akt\u00fcrk ve \u00d6zlem Anc\u0131 var. T\u00fcrkiye&#8217;nin ilk dolmu\u015f \u015fof\u00f6r\u00fc Mu\u011fla Marmaris&#8217;teAy\u015fe Tokmak. Mu\u011fla B\u00fcy\u00fck\u015fehir Belediye Ba\u015fkan\u0131 Osman G\u00fcr\u00fcn&#8217;\u00fcn iste\u011fi ile Mu\u011fla B\u00fcy\u00fck\u015fehir Belediyesi Ula\u015f\u0131m Dairesi&#8217;ne ba\u011fl\u0131 otob\u00fcslerde 2015&#8217;ten beri kad\u0131n \u015fof\u00f6rler g\u00f6rev yap\u0131yor. G\u00f6r\u00fcld\u00fc\u011f\u00fc gibi her alanda oldu\u011fu gibi kad\u0131n\u0131n sorumlulu\u011fu her alanda giderek art\u0131yor. Bu son derece sevindirici bir durum. Kazas\u0131z belas\u0131z yolculuklar diliyor<\/p>\n","protected":false},"excerpt":{"rendered":"<p>\u0130lk kitab\u0131m Atat\u00fcrk&#8217;\u00fcn Valisi M. Recai G\u00fcreli&#8217;den sonra ikinci kitap haz\u0131rl\u0131klar\u0131na ba\u015flam\u0131\u015ft\u0131m. \u0130kinci kitab\u0131m Kad\u0131n \u015eof\u00f6rler olacakt\u0131. Onun i\u00e7in bilgi ve belge toplamaya ba\u015flad\u0131m. Rahmetli Suat<span class=\"excerpt-hellip\"> [\u2026]<\/span><\/p>\n","protected":false},"featured_media":0,"template":"","meta":{"_monsterinsights_skip_tracking":false,"_monsterinsights_sitenote_active":false,"_monsterinsights_sitenote_note":"","_monsterinsights_sitenote_category":0},"product_brand":[],"product_cat":[12291,12711],"product_tag":[],"class_list":{"0":"post-746170","1":"product","2":"type-product","3":"status-publish","5":"product_cat-edebiyat","6":"product_cat-roman-oyku","7":"pa_cilt-ciltsiz","8":"pa_tur-kitap","9":"pa_yayinevi-platanus-publishing","10":"pa_yazar-selahattin-sapmaz","12":"first","13":"instock","14":"sale","15":"shipping-taxable","16":"purchasable","17":"product-type-simple"},"_links":{"self":[{"href":"https:\/\/roveyayinevi.com.tr\/index.php\/wp-json\/wp\/v2\/product\/746170","targetHints":{"allow":["GET"]}}],"collection":[{"href":"https:\/\/roveyayinevi.com.tr\/index.php\/wp-json\/wp\/v2\/product"}],"about":[{"href":"https:\/\/roveyayinevi.com.tr\/index.php\/wp-json\/wp\/v2\/types\/product"}],"wp:attachment":[{"href":"https:\/\/roveyayinevi.com.tr\/index.php\/wp-json\/wp\/v2\/media?parent=746170"}],"wp:term":[{"taxonomy":"product_brand","embeddable":true,"href":"https:\/\/roveyayinevi.com.tr\/index.php\/wp-json\/wp\/v2\/product_brand?post=746170"},{"taxonomy":"product_cat","embeddable":true,"href":"https:\/\/roveyayinevi.com.tr\/index.php\/wp-json\/wp\/v2\/product_cat?post=746170"},{"taxonomy":"product_tag","embeddable":true,"href":"https:\/\/roveyayinevi.com.tr\/index.php\/wp-json\/wp\/v2\/product_tag?post=746170"}],"curies":[{"name":"wp","href":"https:\/\/api.w.org\/{rel}","templated":true}]}}