{"id":746169,"date":"2025-08-28T02:36:17","date_gmt":"2025-08-27T23:36:17","guid":{"rendered":"https:\/\/roveyayinevi.com.tr\/index.php\/urun\/gercekci-felsefenin-ilkeleri\/"},"modified":"2026-04-16T02:58:33","modified_gmt":"2026-04-15T23:58:33","slug":"gercekci-felsefenin-ilkeleri","status":"publish","type":"product","link":"https:\/\/roveyayinevi.com.tr\/index.php\/urun\/gercekci-felsefenin-ilkeleri\/","title":{"rendered":"Ger\u00e7ek\u00e7i Felsefenin \u0130lkeleri"},"content":{"rendered":"<p>\u0130nsan\u0131n ne oldu\u011fu, evrendeki yeri, varolu\u015f ko\u015fullar\u0131, \u00f6zg\u00fcr olup olmad\u0131\u011f\u0131 ve \u00f6b\u00fcr canl\u0131 varl\u0131klarla olan ili\u015fkisi gibi sorunlarla felsefe \u00f6zel olarak u\u011fra\u015f\u0131r. \u0130nsan\u0131n bir yandan bir hak ve haks\u0131zl\u0131k duygusu vard\u0131r, \u00f6te yandan her an kendi \u00e7\u0131kar\u0131 i\u00e7in davranmak, ba\u015fkalar\u0131n\u0131n hakk\u0131n\u0131 zorla almak e\u011filimi. Buna kar\u015f\u0131n insanlar\u0131n toplu bi\u00e7imde ya\u015famas\u0131 zorunludur, hi\u00e7bir insan tek ba\u015f\u0131na ya\u015fayamaz. \u0130nsanlar\u0131n bir arada ya\u015famaya ba\u015flamalar\u0131yla, toplumsal-tarihsel varl\u0131k alan\u0131 olu\u015fur. Bu alanda, insanlar aras\u0131nda olup biten her t\u00fcrl\u00fc olay ve insan ba\u015far\u0131lar\u0131 vard\u0131r. Felsefe; bu geni\u015f varl\u0131k-alan\u0131n\u0131 ele alarak, ne gibi belirleyici ilkelerin (belirlenim, determination) egemen oldu\u011funu ara\u015ft\u0131r\u0131r. Bireylerin \u00e7\u0131kar sa\u011flama e\u011filimini s\u0131k\u0131d\u00fczen alt\u0131na almak ve ba\u015fkalar\u0131n\u0131n haklar\u0131na sayg\u0131 g\u00f6stermelerini sa\u011flamak i\u00e7in bir kuruma gerek vard\u0131r. Bu kurum nas\u0131l olmal\u0131d\u0131r, sorumluluklar\u0131 nedir? Hak ve adaleti ger\u00e7ekle\u015ftirmek i\u00e7in yap\u0131lan yasalar\u0131n; hak ve adalet gibi de\u011ferlerle, ilkelerle, ahl\u00e2ki de\u011ferlerle nas\u0131l bir ili\u015fkisi vard\u0131r? Yasan\u0131n belirledi\u011fi \u00f6zg\u00fcrl\u00fck ile ahlaki \u00f6zg\u00fcrl\u00fck ve insan\u0131n \u00f6zerkli\u011fi aras\u0131nda nas\u0131l bir ili\u015fki vard\u0131r gibi sorunlar felsefenin alan\u0131na girer. Sanat etkinlikleriyle insanlar ne ger\u00e7ekle\u015ftirmek istiyor, bu etkinliklerini belirleyen sanat de\u011ferleri nedir? Sanat yap\u0131tlar\u0131yla d\u0131\u015f d\u00fcnya, sanat yap\u0131tlar\u0131yla ya\u015fam ve insan aras\u0131nda nas\u0131l bir ili\u015fki vard\u0131r? Bu sorular\u0131 irdelemek, felsefenin i\u015fidir.<\/p>\n","protected":false},"excerpt":{"rendered":"<p>\u0130nsan\u0131n ne oldu\u011fu, evrendeki yeri, varolu\u015f ko\u015fullar\u0131, \u00f6zg\u00fcr olup olmad\u0131\u011f\u0131 ve \u00f6b\u00fcr canl\u0131 varl\u0131klarla olan ili\u015fkisi gibi sorunlarla felsefe \u00f6zel olarak u\u011fra\u015f\u0131r. \u0130nsan\u0131n bir yandan bir<span class=\"excerpt-hellip\"> [\u2026]<\/span><\/p>\n","protected":false},"featured_media":0,"template":"","meta":{"_monsterinsights_skip_tracking":false,"_monsterinsights_sitenote_active":false,"_monsterinsights_sitenote_note":"","_monsterinsights_sitenote_category":0},"product_brand":[],"product_cat":[12389,12388],"product_tag":[],"class_list":{"0":"post-746169","1":"product","2":"type-product","3":"status-publish","5":"product_cat-diger-felsefe","6":"product_cat-felsefe","7":"pa_cilt-ciltsiz","8":"pa_tur-kitap","9":"pa_yayinevi-platanus-publishing","10":"pa_yazar-alisan-ozdemir","12":"first","13":"instock","14":"sale","15":"shipping-taxable","16":"purchasable","17":"product-type-simple"},"_links":{"self":[{"href":"https:\/\/roveyayinevi.com.tr\/index.php\/wp-json\/wp\/v2\/product\/746169","targetHints":{"allow":["GET"]}}],"collection":[{"href":"https:\/\/roveyayinevi.com.tr\/index.php\/wp-json\/wp\/v2\/product"}],"about":[{"href":"https:\/\/roveyayinevi.com.tr\/index.php\/wp-json\/wp\/v2\/types\/product"}],"wp:attachment":[{"href":"https:\/\/roveyayinevi.com.tr\/index.php\/wp-json\/wp\/v2\/media?parent=746169"}],"wp:term":[{"taxonomy":"product_brand","embeddable":true,"href":"https:\/\/roveyayinevi.com.tr\/index.php\/wp-json\/wp\/v2\/product_brand?post=746169"},{"taxonomy":"product_cat","embeddable":true,"href":"https:\/\/roveyayinevi.com.tr\/index.php\/wp-json\/wp\/v2\/product_cat?post=746169"},{"taxonomy":"product_tag","embeddable":true,"href":"https:\/\/roveyayinevi.com.tr\/index.php\/wp-json\/wp\/v2\/product_tag?post=746169"}],"curies":[{"name":"wp","href":"https:\/\/api.w.org\/{rel}","templated":true}]}}