{"id":746167,"date":"2025-08-28T02:36:14","date_gmt":"2025-08-27T23:36:14","guid":{"rendered":"https:\/\/roveyayinevi.com.tr\/index.php\/urun\/inatci-keraban-2\/"},"modified":"2026-04-16T02:58:33","modified_gmt":"2026-04-15T23:58:33","slug":"inatci-keraban-2","status":"publish","type":"product","link":"https:\/\/roveyayinevi.com.tr\/index.php\/urun\/inatci-keraban-2\/","title":{"rendered":"\u0130nat\u00e7\u0131 Keraban"},"content":{"rendered":"<p>\u00c7a\u011f\u0131n\u0131n hem \u015fair-yazar\u0131 hem romantik hik\u00e2ye anlat\u0131c\u0131s\u0131 hem de bilimsel ilerlemenin takip\u00e7isi Jules Verne\u2019den, II. Mahmud d\u00f6nemindeki Osmanl\u0131 topraklar\u0131nda ge\u00e7en macera dolu bir eser\u2026       Keraban\u2019\u0131n, Hollandal\u0131 dostu Jan Van Mitten ve onun u\u015fa\u011f\u0131 Bruno ile sadece bir ak\u015fam yeme\u011fine gitmesi g\u00fcnlerce s\u00fcrecektir. \u0130stanbul\u2019da ba\u015flayan ve Odessa\u2019ya uzanan bu yolculuk, \u015fa\u015f\u0131rt\u0131c\u0131 olaylarla devam edecektir.<\/p>\n","protected":false},"excerpt":{"rendered":"<p>\u00c7a\u011f\u0131n\u0131n hem \u015fair-yazar\u0131 hem romantik hik\u00e2ye anlat\u0131c\u0131s\u0131 hem de bilimsel ilerlemenin takip\u00e7isi Jules Verne\u2019den, II. Mahmud d\u00f6nemindeki Osmanl\u0131 topraklar\u0131nda ge\u00e7en macera dolu bir eser\u2026 Keraban\u2019\u0131n, Hollandal\u0131<span class=\"excerpt-hellip\"> [\u2026]<\/span><\/p>\n","protected":false},"featured_media":0,"template":"","meta":{"_monsterinsights_skip_tracking":false,"_monsterinsights_sitenote_active":false,"_monsterinsights_sitenote_note":"","_monsterinsights_sitenote_category":0},"product_brand":[],"product_cat":[12274,12467],"product_tag":[],"class_list":{"0":"post-746167","1":"product","2":"type-product","3":"status-publish","5":"product_cat-cocuk-ve-genclik-kitaplari","6":"product_cat-dunya-klasikleri","7":"pa_cilt-ciltsiz","8":"pa_tur-kitap","9":"pa_yayinevi-platanus-publishing","10":"pa_yazar-jules-verne","12":"first","13":"instock","14":"sale","15":"shipping-taxable","16":"purchasable","17":"product-type-simple"},"_links":{"self":[{"href":"https:\/\/roveyayinevi.com.tr\/index.php\/wp-json\/wp\/v2\/product\/746167","targetHints":{"allow":["GET"]}}],"collection":[{"href":"https:\/\/roveyayinevi.com.tr\/index.php\/wp-json\/wp\/v2\/product"}],"about":[{"href":"https:\/\/roveyayinevi.com.tr\/index.php\/wp-json\/wp\/v2\/types\/product"}],"wp:attachment":[{"href":"https:\/\/roveyayinevi.com.tr\/index.php\/wp-json\/wp\/v2\/media?parent=746167"}],"wp:term":[{"taxonomy":"product_brand","embeddable":true,"href":"https:\/\/roveyayinevi.com.tr\/index.php\/wp-json\/wp\/v2\/product_brand?post=746167"},{"taxonomy":"product_cat","embeddable":true,"href":"https:\/\/roveyayinevi.com.tr\/index.php\/wp-json\/wp\/v2\/product_cat?post=746167"},{"taxonomy":"product_tag","embeddable":true,"href":"https:\/\/roveyayinevi.com.tr\/index.php\/wp-json\/wp\/v2\/product_tag?post=746167"}],"curies":[{"name":"wp","href":"https:\/\/api.w.org\/{rel}","templated":true}]}}