{"id":746166,"date":"2025-08-28T02:36:13","date_gmt":"2025-08-27T23:36:13","guid":{"rendered":"https:\/\/roveyayinevi.com.tr\/index.php\/urun\/gumus-patenler-gencler-icin\/"},"modified":"2026-04-16T02:58:33","modified_gmt":"2026-04-15T23:58:33","slug":"gumus-patenler-gencler-icin","status":"publish","type":"product","link":"https:\/\/roveyayinevi.com.tr\/index.php\/urun\/gumus-patenler-gencler-icin\/","title":{"rendered":"G\u00fcm\u00fc\u015f Patenler \u2013 Gen\u00e7ler \u0130\u00e7in"},"content":{"rendered":"<p>\u201cY\u0131llar&#8230; Y\u0131llar \u00f6nceydi. Hollanda\u2019n\u0131n \u015firin bir kentinde aral\u0131k sabah\u0131yd\u0131. Hava so\u011fuktu. Ortal\u0131k yeni ayd\u0131nlan\u0131yor ama ufuktaki kur\u015funi duman yava\u015f yava\u015f aralan\u0131yordu. \u00dcreticiler sevin\u00e7le yeni do\u011fan g\u00fcne haz\u0131rlan\u0131yordu. Dolu sepetlerini ba\u015flar\u0131n\u0131n \u00fczerinde ta\u015f\u0131yan kad\u0131nlar kanal\u0131n cam gibi par\u0131ldayan y\u00fczeyinden k\u0131sa ad\u0131mlarla kayarcas\u0131na ge\u00e7ip gidiyordu. Bir delikanl\u0131 ne\u015feyle paten kayarak pazara gidiyordu.\u201d Sevginin, d\u00fcr\u00fcstl\u00fc\u011f\u00fcn ve \u00e7al\u0131\u015fkanl\u0131\u011f\u0131n e\u015fsiz hik\u00e2yesi y\u0131llar ge\u00e7se de eskimeyecek bu k\u00fc\u00e7\u00fck kitapta\u2026<\/p>\n","protected":false},"excerpt":{"rendered":"<p>\u201cY\u0131llar&#8230; Y\u0131llar \u00f6nceydi. Hollanda\u2019n\u0131n \u015firin bir kentinde aral\u0131k sabah\u0131yd\u0131. Hava so\u011fuktu. Ortal\u0131k yeni ayd\u0131nlan\u0131yor ama ufuktaki kur\u015funi duman yava\u015f yava\u015f aralan\u0131yordu. \u00dcreticiler sevin\u00e7le yeni do\u011fan g\u00fcne<span class=\"excerpt-hellip\"> [\u2026]<\/span><\/p>\n","protected":false},"featured_media":0,"template":"","meta":{"_monsterinsights_skip_tracking":false,"_monsterinsights_sitenote_active":false,"_monsterinsights_sitenote_note":"","_monsterinsights_sitenote_category":0},"product_brand":[],"product_cat":[12274,12467],"product_tag":[],"class_list":{"0":"post-746166","1":"product","2":"type-product","3":"status-publish","5":"product_cat-cocuk-ve-genclik-kitaplari","6":"product_cat-dunya-klasikleri","7":"pa_cilt-ciltsiz","8":"pa_tur-kitap","9":"pa_yayinevi-inkilap-kitabevi","10":"pa_yazar-elisabeth-maspes-dodge","12":"first","13":"instock","14":"sale","15":"shipping-taxable","16":"purchasable","17":"product-type-simple"},"_links":{"self":[{"href":"https:\/\/roveyayinevi.com.tr\/index.php\/wp-json\/wp\/v2\/product\/746166","targetHints":{"allow":["GET"]}}],"collection":[{"href":"https:\/\/roveyayinevi.com.tr\/index.php\/wp-json\/wp\/v2\/product"}],"about":[{"href":"https:\/\/roveyayinevi.com.tr\/index.php\/wp-json\/wp\/v2\/types\/product"}],"wp:attachment":[{"href":"https:\/\/roveyayinevi.com.tr\/index.php\/wp-json\/wp\/v2\/media?parent=746166"}],"wp:term":[{"taxonomy":"product_brand","embeddable":true,"href":"https:\/\/roveyayinevi.com.tr\/index.php\/wp-json\/wp\/v2\/product_brand?post=746166"},{"taxonomy":"product_cat","embeddable":true,"href":"https:\/\/roveyayinevi.com.tr\/index.php\/wp-json\/wp\/v2\/product_cat?post=746166"},{"taxonomy":"product_tag","embeddable":true,"href":"https:\/\/roveyayinevi.com.tr\/index.php\/wp-json\/wp\/v2\/product_tag?post=746166"}],"curies":[{"name":"wp","href":"https:\/\/api.w.org\/{rel}","templated":true}]}}