{"id":746165,"date":"2025-08-28T02:36:11","date_gmt":"2025-08-27T23:36:11","guid":{"rendered":"https:\/\/roveyayinevi.com.tr\/index.php\/urun\/dolores-claiborne\/"},"modified":"2026-04-11T14:14:51","modified_gmt":"2026-04-11T11:14:51","slug":"dolores-claiborne","status":"publish","type":"product","link":"https:\/\/roveyayinevi.com.tr\/index.php\/urun\/dolores-claiborne\/","title":{"rendered":"Dolores Claiborne"},"content":{"rendered":"<p>Dolores Claiborne, kendi deyimiyle cad\u0131n\u0131n biri. Aksi, a\u011fz\u0131 bozuk ve berbat bir ya\u015fam\u0131 var. Little Tall Adas\u0131\u2019nda ya\u015fayanlar, kocas\u0131 Joe\u2019nun \u00f6l\u00fcm\u00fcn\u00fcn hik\u00e2yesini \u00f6\u011frenmek i\u00e7in tam otuz y\u0131ld\u0131r bekliyor. Polis ise adan\u0131n yatalak kad\u0131n\u0131 ve Dolores\u2019in i\u015fvereni olan Vera Danovan\u2019\u0131n bir g\u00fcn \u00f6nceki \u00f6l\u00fcm\u00fcn\u00fc merak ediyor. Konu\u015fmaktan ba\u015fka \u00e7aresi olmayan Dolores Claiborne\u2019nun anlatt\u0131klar\u0131, onun hem itiraf\u0131 hem de savunmas\u0131&#8230; Dolores ile Vera aras\u0131ndaki garip yak\u0131nl\u0131k ve onlar\u0131 birbirlerine ba\u011flayan \u00fcrk\u00fct\u00fcc\u00fc ger\u00e7ek, sevginin ne kadar co\u015fkulu, sonucunun ise ne kadar korkun\u00e7 oldu\u011funu g\u00f6steriyor\u2026 Belki de her okuyucu Dolores i\u00e7in de\u011fi\u015fik bir yarg\u0131ya varacak, ancak onun karanl\u0131k odas\u0131na girenler, b\u00fcy\u00fcleyici hik\u00e2yesini unutmayacaklar. Stephen King\u2019in di\u011fer romanlar\u0131ndan farkl\u0131 bir \u00e7izgiye sahip olan bu roman, sadece King hayranlar\u0131 i\u00e7in de\u011fil, t\u00fcm kitapseverler i\u00e7in de bir klasik niteli\u011finde.<\/p>\n","protected":false},"excerpt":{"rendered":"<p>Dolores Claiborne, kendi deyimiyle cad\u0131n\u0131n biri. Aksi, a\u011fz\u0131 bozuk ve berbat bir ya\u015fam\u0131 var. Little Tall Adas\u0131\u2019nda ya\u015fayanlar, kocas\u0131 Joe\u2019nun \u00f6l\u00fcm\u00fcn\u00fcn hik\u00e2yesini \u00f6\u011frenmek i\u00e7in tam otuz<span class=\"excerpt-hellip\"> [\u2026]<\/span><\/p>\n","protected":false},"featured_media":0,"template":"","meta":{"_monsterinsights_skip_tracking":false,"_monsterinsights_sitenote_active":false,"_monsterinsights_sitenote_note":"","_monsterinsights_sitenote_category":0},"product_brand":[],"product_cat":[12291,12711],"product_tag":[],"class_list":{"0":"post-746165","1":"product","2":"type-product","3":"status-publish","5":"product_cat-edebiyat","6":"product_cat-roman-oyku","7":"pa_cilt-ciltsiz","8":"pa_tur-kitap","9":"pa_yayinevi-inkilap-kitabevi","10":"pa_yazar-stephen-king","12":"first","13":"instock","14":"sale","15":"shipping-taxable","16":"purchasable","17":"product-type-simple"},"_links":{"self":[{"href":"https:\/\/roveyayinevi.com.tr\/index.php\/wp-json\/wp\/v2\/product\/746165","targetHints":{"allow":["GET"]}}],"collection":[{"href":"https:\/\/roveyayinevi.com.tr\/index.php\/wp-json\/wp\/v2\/product"}],"about":[{"href":"https:\/\/roveyayinevi.com.tr\/index.php\/wp-json\/wp\/v2\/types\/product"}],"wp:attachment":[{"href":"https:\/\/roveyayinevi.com.tr\/index.php\/wp-json\/wp\/v2\/media?parent=746165"}],"wp:term":[{"taxonomy":"product_brand","embeddable":true,"href":"https:\/\/roveyayinevi.com.tr\/index.php\/wp-json\/wp\/v2\/product_brand?post=746165"},{"taxonomy":"product_cat","embeddable":true,"href":"https:\/\/roveyayinevi.com.tr\/index.php\/wp-json\/wp\/v2\/product_cat?post=746165"},{"taxonomy":"product_tag","embeddable":true,"href":"https:\/\/roveyayinevi.com.tr\/index.php\/wp-json\/wp\/v2\/product_tag?post=746165"}],"curies":[{"name":"wp","href":"https:\/\/api.w.org\/{rel}","templated":true}]}}