{"id":746162,"date":"2025-08-28T02:36:07","date_gmt":"2025-08-27T23:36:07","guid":{"rendered":"https:\/\/roveyayinevi.com.tr\/index.php\/urun\/barbarossa-ronesans-korsanlari\/"},"modified":"2026-04-16T02:58:33","modified_gmt":"2026-04-15T23:58:33","slug":"barbarossa-ronesans-korsanlari","status":"publish","type":"product","link":"https:\/\/roveyayinevi.com.tr\/index.php\/urun\/barbarossa-ronesans-korsanlari\/","title":{"rendered":"Barbarossa R\u00f6nesans Korsanlar\u0131"},"content":{"rendered":"<p>\u0130spanya\u2019dan s\u00fcrg\u00fcn edilen Yahudilik, Do\u011fu\u2019da g\u00fc\u00e7lenen \u0130slamiyet, Bat\u0131\u2019da ise i\u00e7ine d\u00fc\u015ft\u00fc\u011f\u00fc bin y\u0131ll\u0131k karanl\u0131\u011f\u0131n ard\u0131ndan hakikatini aramaya ba\u015flayan H\u0131ristiyanl\u0131k&#8230; Ve S\u00fcleyman Tap\u0131na\u011f\u0131\u2019n\u0131n y\u0131k\u0131lmas\u0131yla s\u0131rra kadem basan ama her ne hikmetse Akdeniz co\u011frafyas\u0131n\u0131n bu karanl\u0131k d\u00f6neminde tekrar ortaya \u00e7\u0131kmaya karar veren Kutsal Ahit Sand\u0131\u011f\u0131\u2026 Deniz Uzuno\u011flu R\u00f6nesans\u2019\u0131n \u00e7alkant\u0131l\u0131 tarihi \u00fczerine kurgulad\u0131\u011f\u0131 roman\u0131nda 15. y\u00fczy\u0131lda, bir kad\u0131n\u0131n a\u015fk\u0131 u\u011fruna Akdeniz\u2019de k\u0131l\u0131\u00e7 k\u0131l\u0131ca gelen iki \u00e7ocukluk arkada\u015f\u0131n\u0131n hik\u00e2yesini kaleme al\u0131yor. Bir yanda k\u00fc\u00e7\u00fck bir ticaret teknesi ile hayata ba\u015flayan ve Osmanl\u0131 Kaptan-\u0131 Deryal\u0131\u011f\u0131na y\u00fckselen H\u0131z\u0131r Hayrettin Barbarossa, di\u011fer yanda Birle\u015fik Ha\u00e7l\u0131 Donanmas\u0131 Ba\u015famirali Andrea Doria. Bat\u0131\u2019da \u0130spanyol Monarklar\u0131n, Do\u011fu\u2019da Yavuz Sultan Selim ve Kanuni Sultan S\u00fcleyman\u2019\u0131n iktidarda oldu\u011fu; Saint Jean \u015e\u00f6valyeleri\u2019nin Akdeniz\u2019de y\u00fcreklere korku sald\u0131\u011f\u0131, Leonardo da Vinci, Kristof Kolomb, Piri Reis, Machiavelli gibi \u015fahsiyetlerin ya\u015fad\u0131\u011f\u0131 bu d\u00f6nemi detaylar\u0131yla \u00f6\u011frenmek i\u00e7in \u0130spanya\u2019ya gelen William Shakespeare\u2019e hik\u00e2yeyi anlatansa, \u0130nebaht\u0131\u2019da T\u00fcrklere kar\u015f\u0131 sava\u015f\u0131rken bir kolunu kaybeden, be\u015f y\u0131l\u0131n\u0131 Cezayir zindanlar\u0131nda esir olarak ge\u00e7iren, vatan\u0131na d\u00f6nd\u00fckten sonra ise \u00fcnl\u00fc roman\u0131 Don Ki\u015fot\u2019u kaleme al\u0131p ad\u0131n\u0131 tarihe alt\u0131n harflerle yazd\u0131ran Miguel Cervantes de Saavedra. Barbarossa\/R\u00f6nesans Korsanlar\u0131, tarihin en kanl\u0131 sava\u015flar\u0131n\u0131n ya\u015fand\u0131\u011f\u0131 bir d\u00f6nemde yi\u011fitlikleriyle nam salan sava\u015f\u00e7\u0131lar\u0131n, egemenlik alanlar\u0131n\u0131 geni\u015fletmeye \u00e7al\u0131\u015fan imparatorlar\u0131n birbirlerine kar\u015f\u0131 verdikleri m\u00fccadeleleri ve bu yang\u0131n\u0131n i\u00e7inde iki adam\u0131n da y\u00fcre\u011finde ayn\u0131 anda filizlenen destans\u0131 bir a\u015fk hik\u00e2yesini ak\u0131c\u0131 bir \u00fcslupla sunuyor, okuyucuyu nefes kesen bir maceraya yelken a\u00e7maya davet ediyor.<\/p>\n","protected":false},"excerpt":{"rendered":"<p>\u0130spanya\u2019dan s\u00fcrg\u00fcn edilen Yahudilik, Do\u011fu\u2019da g\u00fc\u00e7lenen \u0130slamiyet, Bat\u0131\u2019da ise i\u00e7ine d\u00fc\u015ft\u00fc\u011f\u00fc bin y\u0131ll\u0131k karanl\u0131\u011f\u0131n ard\u0131ndan hakikatini aramaya ba\u015flayan H\u0131ristiyanl\u0131k&#8230; Ve S\u00fcleyman Tap\u0131na\u011f\u0131\u2019n\u0131n y\u0131k\u0131lmas\u0131yla s\u0131rra kadem basan<span class=\"excerpt-hellip\"> [\u2026]<\/span><\/p>\n","protected":false},"featured_media":0,"template":"","meta":{"_monsterinsights_skip_tracking":false,"_monsterinsights_sitenote_active":false,"_monsterinsights_sitenote_note":"","_monsterinsights_sitenote_category":0},"product_brand":[],"product_cat":[12291,12711],"product_tag":[],"class_list":{"0":"post-746162","1":"product","2":"type-product","3":"status-publish","5":"product_cat-edebiyat","6":"product_cat-roman-oyku","7":"pa_cilt-ciltsiz","8":"pa_tur-kitap","9":"pa_yayinevi-inkilap-kitabevi","10":"pa_yazar-deniz-uzunoglu","12":"first","13":"instock","14":"sale","15":"shipping-taxable","16":"purchasable","17":"product-type-simple"},"_links":{"self":[{"href":"https:\/\/roveyayinevi.com.tr\/index.php\/wp-json\/wp\/v2\/product\/746162","targetHints":{"allow":["GET"]}}],"collection":[{"href":"https:\/\/roveyayinevi.com.tr\/index.php\/wp-json\/wp\/v2\/product"}],"about":[{"href":"https:\/\/roveyayinevi.com.tr\/index.php\/wp-json\/wp\/v2\/types\/product"}],"wp:attachment":[{"href":"https:\/\/roveyayinevi.com.tr\/index.php\/wp-json\/wp\/v2\/media?parent=746162"}],"wp:term":[{"taxonomy":"product_brand","embeddable":true,"href":"https:\/\/roveyayinevi.com.tr\/index.php\/wp-json\/wp\/v2\/product_brand?post=746162"},{"taxonomy":"product_cat","embeddable":true,"href":"https:\/\/roveyayinevi.com.tr\/index.php\/wp-json\/wp\/v2\/product_cat?post=746162"},{"taxonomy":"product_tag","embeddable":true,"href":"https:\/\/roveyayinevi.com.tr\/index.php\/wp-json\/wp\/v2\/product_tag?post=746162"}],"curies":[{"name":"wp","href":"https:\/\/api.w.org\/{rel}","templated":true}]}}