{"id":746158,"date":"2025-08-28T02:36:01","date_gmt":"2025-08-27T23:36:01","guid":{"rendered":"https:\/\/roveyayinevi.com.tr\/index.php\/urun\/ersan-kuneri-senaryo-1\/"},"modified":"2026-04-16T02:58:32","modified_gmt":"2026-04-15T23:58:32","slug":"ersan-kuneri-senaryo-1","status":"publish","type":"product","link":"https:\/\/roveyayinevi.com.tr\/index.php\/urun\/ersan-kuneri-senaryo-1\/","title":{"rendered":"Er\u015fan Kuneri Senaryo 1"},"content":{"rendered":"<p>\u201cBu kitapta Er\u015fan Kuneri serisinin \u00e7ekim senaryolar\u0131 bir araya geliyor. Yak\u0131\u015ft\u0131rd\u0131\u011f\u0131m format \u015fuydu: \u0130lk b\u00f6l\u00fcm Er\u015fan ve arkada\u015flar\u0131 dramas\u0131, ikinci b\u00f6l\u00fcmler ise \u00e7ektikleri filmler. Bu formatta 8 b\u00f6l\u00fcmden olu\u015fan zaman atlamal\u0131 iki seneyi yazm\u0131\u015f oldum.\u201d( Kuru Murad \u2013 Ebenin Av\u0131 \u2013 Kooperatif Kemal \u2013 K\u00f6t\u00fc Mal )<\/p>\n","protected":false},"excerpt":{"rendered":"<p>\u201cBu kitapta Er\u015fan Kuneri serisinin \u00e7ekim senaryolar\u0131 bir araya geliyor. Yak\u0131\u015ft\u0131rd\u0131\u011f\u0131m format \u015fuydu: \u0130lk b\u00f6l\u00fcm Er\u015fan ve arkada\u015flar\u0131 dramas\u0131, ikinci b\u00f6l\u00fcmler ise \u00e7ektikleri filmler. Bu formatta<span class=\"excerpt-hellip\"> [\u2026]<\/span><\/p>\n","protected":false},"featured_media":0,"template":"","meta":{"_monsterinsights_skip_tracking":false,"_monsterinsights_sitenote_active":false,"_monsterinsights_sitenote_note":"","_monsterinsights_sitenote_category":0},"product_brand":[],"product_cat":[12409,12408],"product_tag":[],"class_list":{"0":"post-746158","1":"product","2":"type-product","3":"status-publish","5":"product_cat-fotograf-sinema-tiyatro","6":"product_cat-sanat","7":"pa_cilt-ciltsiz","8":"pa_tur-kitap","9":"pa_yayinevi-inkilap-kitabevi","10":"pa_yazar-cem-yilmaz","12":"first","13":"instock","14":"sale","15":"shipping-taxable","16":"purchasable","17":"product-type-simple"},"_links":{"self":[{"href":"https:\/\/roveyayinevi.com.tr\/index.php\/wp-json\/wp\/v2\/product\/746158","targetHints":{"allow":["GET"]}}],"collection":[{"href":"https:\/\/roveyayinevi.com.tr\/index.php\/wp-json\/wp\/v2\/product"}],"about":[{"href":"https:\/\/roveyayinevi.com.tr\/index.php\/wp-json\/wp\/v2\/types\/product"}],"wp:attachment":[{"href":"https:\/\/roveyayinevi.com.tr\/index.php\/wp-json\/wp\/v2\/media?parent=746158"}],"wp:term":[{"taxonomy":"product_brand","embeddable":true,"href":"https:\/\/roveyayinevi.com.tr\/index.php\/wp-json\/wp\/v2\/product_brand?post=746158"},{"taxonomy":"product_cat","embeddable":true,"href":"https:\/\/roveyayinevi.com.tr\/index.php\/wp-json\/wp\/v2\/product_cat?post=746158"},{"taxonomy":"product_tag","embeddable":true,"href":"https:\/\/roveyayinevi.com.tr\/index.php\/wp-json\/wp\/v2\/product_tag?post=746158"}],"curies":[{"name":"wp","href":"https:\/\/api.w.org\/{rel}","templated":true}]}}