{"id":746156,"date":"2025-08-28T02:35:59","date_gmt":"2025-08-27T23:35:59","guid":{"rendered":"https:\/\/roveyayinevi.com.tr\/index.php\/urun\/kaynaklarda-turk-ve-turkce\/"},"modified":"2026-04-16T02:58:32","modified_gmt":"2026-04-15T23:58:32","slug":"kaynaklarda-turk-ve-turkce","status":"publish","type":"product","link":"https:\/\/roveyayinevi.com.tr\/index.php\/urun\/kaynaklarda-turk-ve-turkce\/","title":{"rendered":"Kaynaklarda T\u00fcrk Ve T\u00fcrk\u00e7e"},"content":{"rendered":"<p>Biz kimiz? Ne zamandan beri kendimize T\u00fcrk, dilimize T\u00fcrk\u00e7e diyoruz? Osmanl\u0131 d\u00f6neminde insanlar kendilerine Osmanl\u0131, dillerine Osmanl\u0131ca m\u0131 diyordu? Cumhuriyet d\u00f6neminde mi T\u00fcrk olduk? \u015e\u00f6yle de sorabiliriz: T\u00fcrk ad\u0131 bize Cumhuriyet d\u00f6neminde mi dayat\u0131ld\u0131? Elinizdeki kitap i\u015fte bu sorular\u0131n cevab\u0131n\u0131 ar\u0131yor. Tarihin derinliklerinden 20. y\u00fczy\u0131l\u0131n ba\u015flar\u0131na kadar kaynaklar taranm\u0131\u015f, T\u00fcrk ve T\u00fcrk\u00e7e ile ilgili kelimeler tespit edilmi\u015ftir. Sadece T\u00fcrk\u00e7e kaynaklarda de\u011fil yabanc\u0131 kaynaklarda da ne zamandan beri bize T\u00fcrk, dilimize T\u00fcrk\u00e7e denildi\u011fi ara\u015ft\u0131r\u0131lm\u0131\u015ft\u0131r. Kaynaklar tek tek g\u00f6sterilerek zihinlerde hi\u00e7bir \u015f\u00fcpheye yer kalmamas\u0131na \u00e7al\u0131\u015f\u0131lm\u0131\u015ft\u0131r. Okuyucular bu eserde T\u00fcrk ve T\u00fcrk\u00e7e \/ T\u00fcrk dili \/ T\u00fcrk\u00ee kelimelerinin bir ge\u00e7it resmini bulacaklard\u0131r. Sadece Osmanl\u0131 sahas\u0131nda de\u011fil T\u00fcrkistan sahas\u0131nda da bu kelimelerin izi s\u00fcr\u00fclm\u00fc\u015f, T\u00fcrkl\u00fck en geni\u015f \u00e7er\u00e7evesiyle ortaya \u00e7\u0131kar\u0131lmaya \u00e7al\u0131\u015f\u0131lm\u0131\u015ft\u0131r. Bu k\u00fc\u00e7\u00fck kitap sayesinde T\u00fcrkl\u00fc\u011f\u00fcm\u00fcz\u00fc yeniden ke\u015ffedece\u011fiz. Son c\u00fcmle \u015f\u00f6yle de olabilir: Bu k\u00fc\u00e7\u00fck kitab\u0131 okuyan okuyucular, T\u00fcrkl\u00fcklerini \u00e2deta yeniden ke\u015ffedeceklerdir. <\/p>\n","protected":false},"excerpt":{"rendered":"<p>Biz kimiz? Ne zamandan beri kendimize T\u00fcrk, dilimize T\u00fcrk\u00e7e diyoruz? Osmanl\u0131 d\u00f6neminde insanlar kendilerine Osmanl\u0131, dillerine Osmanl\u0131ca m\u0131 diyordu? Cumhuriyet d\u00f6neminde mi T\u00fcrk olduk? \u015e\u00f6yle de<span class=\"excerpt-hellip\"> [\u2026]<\/span><\/p>\n","protected":false},"featured_media":0,"template":"","meta":{"_monsterinsights_skip_tracking":false,"_monsterinsights_sitenote_active":false,"_monsterinsights_sitenote_note":"","_monsterinsights_sitenote_category":0},"product_brand":[],"product_cat":[13072,12291],"product_tag":[],"class_list":{"0":"post-746156","1":"product","2":"type-product","3":"status-publish","5":"product_cat-arastirma-inceleme-referans","6":"product_cat-edebiyat","7":"pa_cilt-ciltsiz","8":"pa_tur-kitap","9":"pa_yayinevi-bilge-kultur-sanat","10":"pa_yazar-ahmet-bican-ercilasun","12":"first","13":"instock","14":"sale","15":"shipping-taxable","16":"purchasable","17":"product-type-simple"},"_links":{"self":[{"href":"https:\/\/roveyayinevi.com.tr\/index.php\/wp-json\/wp\/v2\/product\/746156","targetHints":{"allow":["GET"]}}],"collection":[{"href":"https:\/\/roveyayinevi.com.tr\/index.php\/wp-json\/wp\/v2\/product"}],"about":[{"href":"https:\/\/roveyayinevi.com.tr\/index.php\/wp-json\/wp\/v2\/types\/product"}],"wp:attachment":[{"href":"https:\/\/roveyayinevi.com.tr\/index.php\/wp-json\/wp\/v2\/media?parent=746156"}],"wp:term":[{"taxonomy":"product_brand","embeddable":true,"href":"https:\/\/roveyayinevi.com.tr\/index.php\/wp-json\/wp\/v2\/product_brand?post=746156"},{"taxonomy":"product_cat","embeddable":true,"href":"https:\/\/roveyayinevi.com.tr\/index.php\/wp-json\/wp\/v2\/product_cat?post=746156"},{"taxonomy":"product_tag","embeddable":true,"href":"https:\/\/roveyayinevi.com.tr\/index.php\/wp-json\/wp\/v2\/product_tag?post=746156"}],"curies":[{"name":"wp","href":"https:\/\/api.w.org\/{rel}","templated":true}]}}