{"id":746155,"date":"2025-08-28T02:35:57","date_gmt":"2025-08-27T23:35:57","guid":{"rendered":"https:\/\/roveyayinevi.com.tr\/index.php\/urun\/icinde-bir-sen-3-yehmum-ciltli\/"},"modified":"2026-04-16T02:58:32","modified_gmt":"2026-04-15T23:58:32","slug":"icinde-bir-sen-3-yehmum-ciltli","status":"publish","type":"product","link":"https:\/\/roveyayinevi.com.tr\/index.php\/urun\/icinde-bir-sen-3-yehmum-ciltli\/","title":{"rendered":"\u0130\u00e7inde Bir Sen 3-Yehmum (Ciltli)"},"content":{"rendered":"<p>\u0130stanbul\u2019daki sessizlik iyiye i\u015faret de\u011fildi. Ablas\u0131yla ilgili ger\u00e7ekleri \u00f6\u011frenen Mira\u00e7, ablas\u0131n\u0131 kurtarmak i\u00e7in bir yola \u00e7\u0131kt\u0131\u011f\u0131nda, Aykan o\u011flunu tutamayaca\u011f\u0131n\u0131 biliyordu. Daha sonra bu yol, bir g\u00f6reve d\u00f6n\u00fc\u015ft\u00fc. \u015eehirdeki buzlar yava\u015f\u00e7a \u00e7\u00f6z\u00fcld\u00fc ama \u015fimdi farkl\u0131 olan bir \u015fey vard\u0131. Zaman H\u00fck\u00fcmdar\u0131\u2019n\u0131n han\u00e7eri, art\u0131k \u0130stanbul\u2019da de\u011fildi ve \u0130stanbul\u2019daki t\u00fcm saatler susmu\u015f, g\u00fcnd\u00fcz ile gece ayn\u0131 anda g\u00f6ky\u00fcz\u00fcnde as\u0131l\u0131 durmu\u015ftu.   \u00d6\u011frendi\u011fi sars\u0131c\u0131 bir ger\u00e7ek sonucu ba\u015f d\u00fc\u015fman\u0131 Manbel\u2019i azat eden Mahinev, ans\u0131z\u0131n kar\u015f\u0131s\u0131na \u00e7\u0131kan gen\u00e7 bir k\u0131z\u0131n s\u00f6yledikleriyle kaosun yeniden kap\u0131da oldu\u011funu anlar. Cad\u0131lar, \u00f6\u00e7 almak i\u00e7in Mahinev ve arkada\u015flar\u0131n\u0131n pe\u015fine d\u00fc\u015ft\u00fc\u011f\u00fcnde, Mahinev\u2019i ve onun pe\u015findeki cad\u0131lar\u0131 beklemeyen bir \u015fey vard\u0131r. Efken\u2019in birdenbire ortaya \u00e7\u0131kan, y\u0131k\u0131c\u0131 ve karanl\u0131k g\u00fcc\u00fc daha b\u00fcy\u00fck bir karma\u015faya neden olmak \u00fczeredir. Efken g\u00fcc\u00fcn\u00fcn karanl\u0131k yan\u0131na teslim mi olacakt\u0131r? Yoksa karanl\u0131k yan\u0131n\u0131 e\u011fitip yenilmez bir lider oldu\u011funu mu kan\u0131tlayacakt\u0131r? T\u00fcm bunlar olurken, Efken ile Mahinev\u2019in aralar\u0131ndaki tutkulu a\u015fk\u0131n alevleri, Varta\u2019daki karlar\u0131 bile eritecek g\u00fcce eri\u015fir ama o alevlerin \u00fczerinde fel\u00e2ket \u015fim\u015fekleri \u00e7akmaya ba\u015flar.<\/p>\n","protected":false},"excerpt":{"rendered":"<p>\u0130stanbul\u2019daki sessizlik iyiye i\u015faret de\u011fildi. Ablas\u0131yla ilgili ger\u00e7ekleri \u00f6\u011frenen Mira\u00e7, ablas\u0131n\u0131 kurtarmak i\u00e7in bir yola \u00e7\u0131kt\u0131\u011f\u0131nda, Aykan o\u011flunu tutamayaca\u011f\u0131n\u0131 biliyordu. Daha sonra bu yol, bir g\u00f6reve<span class=\"excerpt-hellip\"> [\u2026]<\/span><\/p>\n","protected":false},"featured_media":0,"template":"","meta":{"_monsterinsights_skip_tracking":false,"_monsterinsights_sitenote_active":false,"_monsterinsights_sitenote_note":"","_monsterinsights_sitenote_category":0},"product_brand":[],"product_cat":[12291,12711],"product_tag":[],"class_list":{"0":"post-746155","1":"product","2":"type-product","3":"status-publish","5":"product_cat-edebiyat","6":"product_cat-roman-oyku","7":"pa_cilt-ciltli","8":"pa_tur-kitap","9":"pa_yayinevi-dokuz-yayinlari","10":"pa_yazar-binnur-safak-nigiz","12":"first","13":"instock","14":"sale","15":"shipping-taxable","16":"purchasable","17":"product-type-simple"},"_links":{"self":[{"href":"https:\/\/roveyayinevi.com.tr\/index.php\/wp-json\/wp\/v2\/product\/746155","targetHints":{"allow":["GET"]}}],"collection":[{"href":"https:\/\/roveyayinevi.com.tr\/index.php\/wp-json\/wp\/v2\/product"}],"about":[{"href":"https:\/\/roveyayinevi.com.tr\/index.php\/wp-json\/wp\/v2\/types\/product"}],"wp:attachment":[{"href":"https:\/\/roveyayinevi.com.tr\/index.php\/wp-json\/wp\/v2\/media?parent=746155"}],"wp:term":[{"taxonomy":"product_brand","embeddable":true,"href":"https:\/\/roveyayinevi.com.tr\/index.php\/wp-json\/wp\/v2\/product_brand?post=746155"},{"taxonomy":"product_cat","embeddable":true,"href":"https:\/\/roveyayinevi.com.tr\/index.php\/wp-json\/wp\/v2\/product_cat?post=746155"},{"taxonomy":"product_tag","embeddable":true,"href":"https:\/\/roveyayinevi.com.tr\/index.php\/wp-json\/wp\/v2\/product_tag?post=746155"}],"curies":[{"name":"wp","href":"https:\/\/api.w.org\/{rel}","templated":true}]}}