{"id":746154,"date":"2025-08-28T02:35:56","date_gmt":"2025-08-27T23:35:56","guid":{"rendered":"https:\/\/roveyayinevi.com.tr\/index.php\/urun\/babamin-saclari-tatile-cikti\/"},"modified":"2026-04-16T02:58:32","modified_gmt":"2026-04-15T23:58:32","slug":"babamin-saclari-tatile-cikti","status":"publish","type":"product","link":"https:\/\/roveyayinevi.com.tr\/index.php\/urun\/babamin-saclari-tatile-cikti\/","title":{"rendered":"Babam\u0131n Sa\u00e7lar\u0131 Tatile \u00c7\u0131kt\u0131"},"content":{"rendered":"<p>\u201cHey! Oldu\u011funuz yerde kal\u0131n!\u201d diye seslendi babam. \u00c7ok ge\u00e7! Sa\u00e7lar\u0131 \u00e7oktan tozu dumana katm\u0131\u015flard\u0131 bile. Banyodan do\u011fruca mutfa\u011fa, oradan da pencereden d\u0131\u015far\u0131 ve \u00f6zg\u00fcrl\u00fck! \u00c7ok ge\u00e7meden amans\u0131z bir kovalamaca ba\u015flad\u0131. Ancak sa\u00e7lar ne yap\u0131p edip s\u0131v\u0131\u015fmay\u0131 ba\u015fard\u0131. Babam sa\u00e7s\u0131z ba\u015f\u0131yla \u00f6ylece kalakald\u0131, derken g\u00fcn\u00fcn birinde bir f\u0131rt\u0131na koptu&#8230; \u201c\u0130ki Bana Bir Sana\u201dn\u0131n yarat\u0131c\u0131s\u0131 J\u00f6rg M\u00fchle\u2019den evleri \u015fenlendirecek yeni bir \u00f6yk\u00fc. Kahkahalar e\u015fli\u011finde ka\u00e7an sa\u00e7lar\u0131 kovalamaya haz\u0131r m\u0131s\u0131n\u0131z? <\/p>\n","protected":false},"excerpt":{"rendered":"<p>\u201cHey! Oldu\u011funuz yerde kal\u0131n!\u201d diye seslendi babam. \u00c7ok ge\u00e7! Sa\u00e7lar\u0131 \u00e7oktan tozu dumana katm\u0131\u015flard\u0131 bile. Banyodan do\u011fruca mutfa\u011fa, oradan da pencereden d\u0131\u015far\u0131 ve \u00f6zg\u00fcrl\u00fck! \u00c7ok ge\u00e7meden<span class=\"excerpt-hellip\"> [\u2026]<\/span><\/p>\n","protected":false},"featured_media":0,"template":"","meta":{"_monsterinsights_skip_tracking":false,"_monsterinsights_sitenote_active":false,"_monsterinsights_sitenote_note":"","_monsterinsights_sitenote_category":0},"product_brand":[],"product_cat":[12274,12284],"product_tag":[],"class_list":{"0":"post-746154","1":"product","2":"type-product","3":"status-publish","5":"product_cat-cocuk-ve-genclik-kitaplari","6":"product_cat-hikayeler","7":"pa_cilt-ciltsiz","8":"pa_tur-kitap","9":"pa_yayinevi-kuraldisi-yayinevi","10":"pa_yazar-jorg-muhle","12":"first","13":"instock","14":"sale","15":"shipping-taxable","16":"purchasable","17":"product-type-simple"},"_links":{"self":[{"href":"https:\/\/roveyayinevi.com.tr\/index.php\/wp-json\/wp\/v2\/product\/746154","targetHints":{"allow":["GET"]}}],"collection":[{"href":"https:\/\/roveyayinevi.com.tr\/index.php\/wp-json\/wp\/v2\/product"}],"about":[{"href":"https:\/\/roveyayinevi.com.tr\/index.php\/wp-json\/wp\/v2\/types\/product"}],"wp:attachment":[{"href":"https:\/\/roveyayinevi.com.tr\/index.php\/wp-json\/wp\/v2\/media?parent=746154"}],"wp:term":[{"taxonomy":"product_brand","embeddable":true,"href":"https:\/\/roveyayinevi.com.tr\/index.php\/wp-json\/wp\/v2\/product_brand?post=746154"},{"taxonomy":"product_cat","embeddable":true,"href":"https:\/\/roveyayinevi.com.tr\/index.php\/wp-json\/wp\/v2\/product_cat?post=746154"},{"taxonomy":"product_tag","embeddable":true,"href":"https:\/\/roveyayinevi.com.tr\/index.php\/wp-json\/wp\/v2\/product_tag?post=746154"}],"curies":[{"name":"wp","href":"https:\/\/api.w.org\/{rel}","templated":true}]}}