{"id":746152,"date":"2025-08-28T02:35:53","date_gmt":"2025-08-27T23:35:53","guid":{"rendered":"https:\/\/roveyayinevi.com.tr\/index.php\/urun\/seni-seviyorum-anne\/"},"modified":"2026-04-16T02:58:32","modified_gmt":"2026-04-15T23:58:32","slug":"seni-seviyorum-anne","status":"publish","type":"product","link":"https:\/\/roveyayinevi.com.tr\/index.php\/urun\/seni-seviyorum-anne\/","title":{"rendered":"Seni Seviyorum Anne"},"content":{"rendered":"<p>\u00c7ocuk geli\u015fimci ve e\u011fitimcisi \u0130rem Horoz Ayd\u0131nda\u011f, sade ve \u00e7ocuksu bir \u00fcslupla, ko\u015fulsuz sevgi \u00fczerine d\u00fc\u015f\u00fcnmeye davet ediyor \u00e7ocuklar\u0131. Bir \u00e7ocu\u011fun g\u00f6z\u00fcnden \u201cannelik\u201d kavram\u0131 ele al\u0131n\u0131rken, asl\u0131nda ko\u015fulsuz sevginin sihrini ortaya koyuyor s\u00f6zc\u00fckler.   \u201cSihirli kelimelerin, s\u00fcper g\u00fc\u00e7lerin, her an g\u00fcl\u00fcmseyen kalbin benimle birlikte oldu\u011fu i\u00e7in seni seviyorum anneci\u011fim!\u201d<\/p>\n","protected":false},"excerpt":{"rendered":"<p>\u00c7ocuk geli\u015fimci ve e\u011fitimcisi \u0130rem Horoz Ayd\u0131nda\u011f, sade ve \u00e7ocuksu bir \u00fcslupla, ko\u015fulsuz sevgi \u00fczerine d\u00fc\u015f\u00fcnmeye davet ediyor \u00e7ocuklar\u0131. Bir \u00e7ocu\u011fun g\u00f6z\u00fcnden \u201cannelik\u201d kavram\u0131 ele al\u0131n\u0131rken,<span class=\"excerpt-hellip\"> [\u2026]<\/span><\/p>\n","protected":false},"featured_media":0,"template":"","meta":{"_monsterinsights_skip_tracking":false,"_monsterinsights_sitenote_active":false,"_monsterinsights_sitenote_note":"","_monsterinsights_sitenote_category":0},"product_brand":[],"product_cat":[12274,15842],"product_tag":[],"class_list":{"0":"post-746152","1":"product","2":"type-product","3":"status-publish","5":"product_cat-cocuk-ve-genclik-kitaplari","6":"product_cat-egitici-kitaplar","7":"pa_cilt-ciltsiz","8":"pa_tur-kitap","9":"pa_yayinevi-luna-cocuk-yayinlari","10":"pa_yazar-irem-horoz-aydindag","12":"first","13":"instock","14":"sale","15":"shipping-taxable","16":"purchasable","17":"product-type-simple"},"_links":{"self":[{"href":"https:\/\/roveyayinevi.com.tr\/index.php\/wp-json\/wp\/v2\/product\/746152","targetHints":{"allow":["GET"]}}],"collection":[{"href":"https:\/\/roveyayinevi.com.tr\/index.php\/wp-json\/wp\/v2\/product"}],"about":[{"href":"https:\/\/roveyayinevi.com.tr\/index.php\/wp-json\/wp\/v2\/types\/product"}],"wp:attachment":[{"href":"https:\/\/roveyayinevi.com.tr\/index.php\/wp-json\/wp\/v2\/media?parent=746152"}],"wp:term":[{"taxonomy":"product_brand","embeddable":true,"href":"https:\/\/roveyayinevi.com.tr\/index.php\/wp-json\/wp\/v2\/product_brand?post=746152"},{"taxonomy":"product_cat","embeddable":true,"href":"https:\/\/roveyayinevi.com.tr\/index.php\/wp-json\/wp\/v2\/product_cat?post=746152"},{"taxonomy":"product_tag","embeddable":true,"href":"https:\/\/roveyayinevi.com.tr\/index.php\/wp-json\/wp\/v2\/product_tag?post=746152"}],"curies":[{"name":"wp","href":"https:\/\/api.w.org\/{rel}","templated":true}]}}