{"id":746151,"date":"2025-08-28T02:35:51","date_gmt":"2025-08-27T23:35:51","guid":{"rendered":"https:\/\/roveyayinevi.com.tr\/index.php\/urun\/sihirler\/"},"modified":"2026-04-16T02:58:32","modified_gmt":"2026-04-15T23:58:32","slug":"sihirler","status":"publish","type":"product","link":"https:\/\/roveyayinevi.com.tr\/index.php\/urun\/sihirler\/","title":{"rendered":"Sihirler"},"content":{"rendered":"<p>\u015eahiye Say, Ankara \u00dcniversitesi SBF Bas\u0131n Yay\u0131n Y\u00fcksekokulu mezunudur. 1982\u2019den itibaren G\u00fcne\u015f, Cumhuriyet, Express, Anadolu Ajans\u0131 ve Radikal\u2019de muhabirlik yapt\u0131. 1988\u2019de Samanda\u011f Gazetesi\u2019ni kurdu.   Gazetecilik alan\u0131nda T\u00fcrkiye \u00e7ap\u0131nda 16 \u00f6d\u00fcl ald\u0131. Elinizdeki \u201cSihirler\u201d \u00f6ncesinde yay\u0131nlanm\u0131\u015f 4 kitab\u0131 bulunuyor. 2014 y\u0131l\u0131nda ge\u00e7irdi\u011fi bir trafik kazas\u0131 nedeniyle konu\u015fma yetisi olumsuz etkilendi. \u0130kisi beyin olmak \u00fczere pek \u00e7ok ameliyat ge\u00e7irdi. Tedavisi s\u00fcrmesine ra\u011fmen aktif gazetecilik ya\u015fam\u0131n\u0131 hala en iyi \u015fekilde s\u00fcrd\u00fcr\u00fcyor. Onun s\u00f6zleriyle noktalamak gerekirse:   \u201cYazmak ve \u00fcretmek, yenilemek ve ileriye do\u011fru y\u00fcr\u00fcmek en g\u00fczel ya\u015famd\u0131r.\u201d   \u00d6ncelikle \u015fiirlerinde kullan\u0131lan dil olduk\u00e7a ba\u015far\u0131l\u0131. \u0130\u015fledi\u011fi gerek toplumsal gerekse bireysel konular da olduk\u00e7a ilgi \u00e7ekici. Ayr\u0131ca \u015fiirlerindeki ritim ve ahenk de ortalaman\u0131n \u00fczerinde. Mustafa \u015eim\u015fek\/Edit\u00f6r<\/p>\n","protected":false},"excerpt":{"rendered":"<p>\u015eahiye Say, Ankara \u00dcniversitesi SBF Bas\u0131n Yay\u0131n Y\u00fcksekokulu mezunudur. 1982\u2019den itibaren G\u00fcne\u015f, Cumhuriyet, Express, Anadolu Ajans\u0131 ve Radikal\u2019de muhabirlik yapt\u0131. 1988\u2019de Samanda\u011f Gazetesi\u2019ni kurdu. Gazetecilik alan\u0131nda<span class=\"excerpt-hellip\"> [\u2026]<\/span><\/p>\n","protected":false},"featured_media":0,"template":"","meta":{"_monsterinsights_skip_tracking":false,"_monsterinsights_sitenote_active":false,"_monsterinsights_sitenote_note":"","_monsterinsights_sitenote_category":0},"product_brand":[],"product_cat":[12291,12509],"product_tag":[],"class_list":{"0":"post-746151","1":"product","2":"type-product","3":"status-publish","5":"product_cat-edebiyat","6":"product_cat-siir","7":"pa_cilt-ciltsiz","8":"pa_tur-kitap","9":"pa_yayinevi-luna-yayinlari","10":"pa_yazar-sahiye-say","12":"first","13":"instock","14":"sale","15":"shipping-taxable","16":"purchasable","17":"product-type-simple"},"_links":{"self":[{"href":"https:\/\/roveyayinevi.com.tr\/index.php\/wp-json\/wp\/v2\/product\/746151","targetHints":{"allow":["GET"]}}],"collection":[{"href":"https:\/\/roveyayinevi.com.tr\/index.php\/wp-json\/wp\/v2\/product"}],"about":[{"href":"https:\/\/roveyayinevi.com.tr\/index.php\/wp-json\/wp\/v2\/types\/product"}],"wp:attachment":[{"href":"https:\/\/roveyayinevi.com.tr\/index.php\/wp-json\/wp\/v2\/media?parent=746151"}],"wp:term":[{"taxonomy":"product_brand","embeddable":true,"href":"https:\/\/roveyayinevi.com.tr\/index.php\/wp-json\/wp\/v2\/product_brand?post=746151"},{"taxonomy":"product_cat","embeddable":true,"href":"https:\/\/roveyayinevi.com.tr\/index.php\/wp-json\/wp\/v2\/product_cat?post=746151"},{"taxonomy":"product_tag","embeddable":true,"href":"https:\/\/roveyayinevi.com.tr\/index.php\/wp-json\/wp\/v2\/product_tag?post=746151"}],"curies":[{"name":"wp","href":"https:\/\/api.w.org\/{rel}","templated":true}]}}