{"id":746148,"date":"2025-08-28T02:35:47","date_gmt":"2025-08-27T23:35:47","guid":{"rendered":"https:\/\/roveyayinevi.com.tr\/index.php\/urun\/kusku\/"},"modified":"2026-04-16T02:58:32","modified_gmt":"2026-04-15T23:58:32","slug":"kusku","status":"publish","type":"product","link":"https:\/\/roveyayinevi.com.tr\/index.php\/urun\/kusku\/","title":{"rendered":"Ku\u015fku"},"content":{"rendered":"<p>Dura\u011fan ya\u015fam\u0131m\u0131n, ne olup bitti\u011fini anlamadan bir hareket kazand\u0131\u011f\u0131n\u0131 g\u00f6rmek, a\u00e7\u0131k\u00e7as\u0131 bir miktar yordu beni. Yine de bu, y\u0131llar sonra d\u0131\u015far\u0131 \u00e7\u0131kt\u0131\u011f\u0131nda g\u00f6zleri kama\u015fan bir tutsa\u011f\u0131n anlayabilece\u011fi t\u00fcrden bir yorgunluktu. Nas\u0131l ki o, bir an evvel g\u00f6zlerinin g\u00fcn \u0131\u015f\u0131\u011f\u0131na al\u0131\u015fmas\u0131n\u0131 d\u00fc\u015fleyerek y\u00fcr\u00fcyorsa, ben de zihnimin bu yorgunlu\u011fu kald\u0131rmas\u0131n\u0131 d\u00fc\u015fleyerek, belki bir heves i\u00e7inde kap\u0131lm\u0131\u015ft\u0131m bu hareketlili\u011fe. Yine de biraz durulmak fena olmayacakt\u0131. Yasemin\u2019in gelmesine hen\u00fcz \u00fc\u00e7 saat vard\u0131. Nevzat Bey\u2019in gidi\u015finin ard\u0131ndan iyi bir sohbet etme olana\u011f\u0131m\u0131z olacakt\u0131. Arzu\u2019nun uyanmas\u0131 saatleri bulabilirdi. Deniz\u2019in ise ne zaman kar\u015f\u0131ma \u00e7\u0131kaca\u011f\u0131na dair bir fikrim yoktu. En beklenmedik olan, en can s\u0131k\u0131c\u0131 oland\u0131 bu durumda. T\u0131pk\u0131 ya\u015fam\u0131n t\u00fcm a\u015famalar\u0131nda oldu\u011fu gibi. Bir kitap \u00e7\u0131kard\u0131m kitapl\u0131\u011f\u0131mdan. Y\u00fczba\u015f\u0131n\u0131n K\u0131z\u0131. Sahi, neden daha \u00f6nce hi\u00e7 Pu\u015fkin okumad\u0131m?   Ku\u015fku, eve d\u00f6n\u00fc\u015f yolunu yitirmi\u015f bir gen\u00e7 adam\u0131n bask\u0131yla, \u015fiddetle, \u00f6tekile\u015ftirilmeyle \u00e7evrelenmi\u015f ya\u015famlarla tan\u0131\u015fmas\u0131n\u0131; bunlar\u0131 anlama \u00e7abas\u0131n\u0131 ve dost\u00e7a bir yak\u0131nl\u0131\u011fa duyulan \u00f6zlemin yaratt\u0131\u011f\u0131 benzersiz sanc\u0131y\u0131 anlatan bir k\u0131sa roman. <\/p>\n","protected":false},"excerpt":{"rendered":"<p>Dura\u011fan ya\u015fam\u0131m\u0131n, ne olup bitti\u011fini anlamadan bir hareket kazand\u0131\u011f\u0131n\u0131 g\u00f6rmek, a\u00e7\u0131k\u00e7as\u0131 bir miktar yordu beni. Yine de bu, y\u0131llar sonra d\u0131\u015far\u0131 \u00e7\u0131kt\u0131\u011f\u0131nda g\u00f6zleri kama\u015fan bir tutsa\u011f\u0131n<span class=\"excerpt-hellip\"> [\u2026]<\/span><\/p>\n","protected":false},"featured_media":0,"template":"","meta":{"_monsterinsights_skip_tracking":false,"_monsterinsights_sitenote_active":false,"_monsterinsights_sitenote_note":"","_monsterinsights_sitenote_category":0},"product_brand":[],"product_cat":[12291,12711],"product_tag":[],"class_list":{"0":"post-746148","1":"product","2":"type-product","3":"status-publish","5":"product_cat-edebiyat","6":"product_cat-roman-oyku","7":"pa_cilt-ciltsiz","8":"pa_tur-kitap","9":"pa_yayinevi-luna-yayinlari","10":"pa_yazar-varol-menguverdi","12":"first","13":"instock","14":"sale","15":"shipping-taxable","16":"purchasable","17":"product-type-simple"},"_links":{"self":[{"href":"https:\/\/roveyayinevi.com.tr\/index.php\/wp-json\/wp\/v2\/product\/746148","targetHints":{"allow":["GET"]}}],"collection":[{"href":"https:\/\/roveyayinevi.com.tr\/index.php\/wp-json\/wp\/v2\/product"}],"about":[{"href":"https:\/\/roveyayinevi.com.tr\/index.php\/wp-json\/wp\/v2\/types\/product"}],"wp:attachment":[{"href":"https:\/\/roveyayinevi.com.tr\/index.php\/wp-json\/wp\/v2\/media?parent=746148"}],"wp:term":[{"taxonomy":"product_brand","embeddable":true,"href":"https:\/\/roveyayinevi.com.tr\/index.php\/wp-json\/wp\/v2\/product_brand?post=746148"},{"taxonomy":"product_cat","embeddable":true,"href":"https:\/\/roveyayinevi.com.tr\/index.php\/wp-json\/wp\/v2\/product_cat?post=746148"},{"taxonomy":"product_tag","embeddable":true,"href":"https:\/\/roveyayinevi.com.tr\/index.php\/wp-json\/wp\/v2\/product_tag?post=746148"}],"curies":[{"name":"wp","href":"https:\/\/api.w.org\/{rel}","templated":true}]}}