{"id":746147,"date":"2025-08-28T02:35:46","date_gmt":"2025-08-27T23:35:46","guid":{"rendered":"https:\/\/roveyayinevi.com.tr\/index.php\/urun\/gozlerin-kapaliyken-kedi-gorebilir-misin\/"},"modified":"2026-04-16T02:58:32","modified_gmt":"2026-04-15T23:58:32","slug":"gozlerin-kapaliyken-kedi-gorebilir-misin","status":"publish","type":"product","link":"https:\/\/roveyayinevi.com.tr\/index.php\/urun\/gozlerin-kapaliyken-kedi-gorebilir-misin\/","title":{"rendered":"G\u00f6zlerin Kapal\u0131yken Kedi G\u00f6rebilir misin?"},"content":{"rendered":"<p>G\u00f6zlerini kapat\u0131nca g\u00f6rebilir misin? Hay\u0131r m\u0131? O zaman gel de otur \u015fu a\u011fac\u0131n alt\u0131ndaki k\u0131rm\u0131z\u0131 mindere! Kapat g\u00f6zlerini! Kim bilir neler duyacak, neler g\u00f6receksin! Belki de sadece g\u00f6zlerini kapat\u0131rsan duyabilece\u011fin hik\u00e2yeler vard\u0131r\u2026 *** Elvan Karadeniz, son derece samimi bir \u00fcslupla, hayal kurman\u0131n sihirli g\u00fcc\u00fcn\u00fcn kap\u0131lar\u0131n\u0131 aral\u0131yor. Bu kitapla, okumaya de\u011fil, hik\u00e2yenin bir kahraman\u0131 olmaya davet ediyor \u00e7ocuklar\u0131!<\/p>\n","protected":false},"excerpt":{"rendered":"<p>G\u00f6zlerini kapat\u0131nca g\u00f6rebilir misin? Hay\u0131r m\u0131? O zaman gel de otur \u015fu a\u011fac\u0131n alt\u0131ndaki k\u0131rm\u0131z\u0131 mindere! Kapat g\u00f6zlerini! Kim bilir neler duyacak, neler g\u00f6receksin! Belki de<span class=\"excerpt-hellip\"> [\u2026]<\/span><\/p>\n","protected":false},"featured_media":0,"template":"","meta":{"_monsterinsights_skip_tracking":false,"_monsterinsights_sitenote_active":false,"_monsterinsights_sitenote_note":"","_monsterinsights_sitenote_category":0},"product_brand":[],"product_cat":[12274,12284],"product_tag":[],"class_list":{"0":"post-746147","1":"product","2":"type-product","3":"status-publish","5":"product_cat-cocuk-ve-genclik-kitaplari","6":"product_cat-hikayeler","7":"pa_cilt-ciltsiz","8":"pa_tur-kitap","9":"pa_yayinevi-luna-cocuk-yayinlari","10":"pa_yazar-elvan-karadeniz","12":"first","13":"instock","14":"sale","15":"shipping-taxable","16":"purchasable","17":"product-type-simple"},"_links":{"self":[{"href":"https:\/\/roveyayinevi.com.tr\/index.php\/wp-json\/wp\/v2\/product\/746147","targetHints":{"allow":["GET"]}}],"collection":[{"href":"https:\/\/roveyayinevi.com.tr\/index.php\/wp-json\/wp\/v2\/product"}],"about":[{"href":"https:\/\/roveyayinevi.com.tr\/index.php\/wp-json\/wp\/v2\/types\/product"}],"wp:attachment":[{"href":"https:\/\/roveyayinevi.com.tr\/index.php\/wp-json\/wp\/v2\/media?parent=746147"}],"wp:term":[{"taxonomy":"product_brand","embeddable":true,"href":"https:\/\/roveyayinevi.com.tr\/index.php\/wp-json\/wp\/v2\/product_brand?post=746147"},{"taxonomy":"product_cat","embeddable":true,"href":"https:\/\/roveyayinevi.com.tr\/index.php\/wp-json\/wp\/v2\/product_cat?post=746147"},{"taxonomy":"product_tag","embeddable":true,"href":"https:\/\/roveyayinevi.com.tr\/index.php\/wp-json\/wp\/v2\/product_tag?post=746147"}],"curies":[{"name":"wp","href":"https:\/\/api.w.org\/{rel}","templated":true}]}}