{"id":746144,"date":"2025-08-28T02:35:42","date_gmt":"2025-08-27T23:35:42","guid":{"rendered":"https:\/\/roveyayinevi.com.tr\/index.php\/urun\/haritaci-ve-kasif\/"},"modified":"2026-04-16T02:58:32","modified_gmt":"2026-04-15T23:58:32","slug":"haritaci-ve-kasif","status":"publish","type":"product","link":"https:\/\/roveyayinevi.com.tr\/index.php\/urun\/haritaci-ve-kasif\/","title":{"rendered":"Haritac\u0131 ve Ka\u015fif"},"content":{"rendered":"<p>D\u00fcnyan\u0131n pek \u00e7ok \u00fclkesinde  \u201cKe\u015fifler \u00c7a\u011f\u0131\u201d anlat\u0131l\u0131rken T\u00fcrklerin ad\u0131 ge\u00e7mez.  \u201cKe\u015fifler \u00c7a\u011f\u0131\u201d dedi\u011fimizde a\u015fina oldu\u011fumuz isimlerden baz\u0131lar\u0131 bir \u00e7\u0131rp\u0131da gelir akl\u0131m\u0131za: Marco Polo, Magellan, Kristof Kolomb, Amerigo Vespucci\u2026 Peki ya Piri Reis\u2019ten neden bahsetmeyiz? Piri Reis\u2019in bu alandaki \u00e7abalar\u0131 g\u00f6rmezden gelinmi\u015ftir \u00e2deta. Oysa onun Kristof Kolomb ile kar\u015f\u0131la\u015fmas\u0131ndan, 1501\u2019te Valencia (\u0130spanya) a\u00e7\u0131klar\u0131nda yap\u0131lan bir sava\u015fta -Kolomb\u2019un h\u00e2l\u00e2 kay\u0131p durumdaki- orijinal Amerika haritas\u0131n\u0131 ele ge\u00e7irmesinden ve Amerika k\u0131tas\u0131n\u0131n ilk g\u00f6r\u00fcld\u00fc\u011f\u00fc, \u201cKe\u015fifler \u00c7a\u011f\u0131\u201dn\u0131n ilk d\u00fcnya haritalar\u0131ndan birini (1513) \u00e7izdi\u011finden s\u00f6z edilmez. Haritac\u0131 ve K\u00e2\u015fif adl\u0131 bu tarihi roman, bahsedilmeyenlere kap\u0131 aralarken tarih tan\u0131kl\u0131\u011f\u0131n\u0131 gen\u00e7 Piri Reis\u2019in Akdeniz\u2019deki ke\u015fifler, haritalar, sava\u015flar ve a\u015fklar aras\u0131nda ge\u00e7en macera dolu ya\u015fam\u0131yla birle\u015ftiriyor.    Onun ileri g\u00f6r\u00fc\u015fl\u00fcl\u00fc\u011f\u00fcn\u00fc, \u00fclkesinin Ke\u015fifler \u00c7a\u011f\u0131na kat\u0131lmas\u0131 i\u00e7in \u00e7izdi\u011fi 1513 ve 1528 d\u00fcnya haritalar\u0131yla daha iyi anlayacak, Kit\u00e2b-\u0131 Bahriye\u2019nin destans\u0131 hik\u00e2yesini ve d\u00fcnya bilim tarihine katk\u0131s\u0131n\u0131 da okudu\u011funuzda kendinizi bilim, tarih ve edebiyat \u015f\u00f6leninde hissedeceksiniz. Ge\u00e7mi\u015fi iyi de\u011ferlendirmek ve o de\u011ferlerle gelece\u011fi ayd\u0131nlatmak isteyen okurlar i\u00e7in Haritac\u0131 ve K\u00e2\u015fif engin bir okuma deneyimi niteli\u011finde&#8230; <\/p>\n","protected":false},"excerpt":{"rendered":"<p>D\u00fcnyan\u0131n pek \u00e7ok \u00fclkesinde \u201cKe\u015fifler \u00c7a\u011f\u0131\u201d anlat\u0131l\u0131rken T\u00fcrklerin ad\u0131 ge\u00e7mez. \u201cKe\u015fifler \u00c7a\u011f\u0131\u201d dedi\u011fimizde a\u015fina oldu\u011fumuz isimlerden baz\u0131lar\u0131 bir \u00e7\u0131rp\u0131da gelir akl\u0131m\u0131za: Marco Polo, Magellan, Kristof Kolomb,<span class=\"excerpt-hellip\"> [\u2026]<\/span><\/p>\n","protected":false},"featured_media":0,"template":"","meta":{"_monsterinsights_skip_tracking":false,"_monsterinsights_sitenote_active":false,"_monsterinsights_sitenote_note":"","_monsterinsights_sitenote_category":0},"product_brand":[],"product_cat":[12291,12711],"product_tag":[],"class_list":{"0":"post-746144","1":"product","2":"type-product","3":"status-publish","5":"product_cat-edebiyat","6":"product_cat-roman-oyku","7":"pa_cilt-ciltsiz","8":"pa_tur-kitap","9":"pa_yayinevi-mona-kitap","10":"pa_yazar-gulsah-celiker","12":"first","13":"instock","14":"sale","15":"shipping-taxable","16":"purchasable","17":"product-type-simple"},"_links":{"self":[{"href":"https:\/\/roveyayinevi.com.tr\/index.php\/wp-json\/wp\/v2\/product\/746144","targetHints":{"allow":["GET"]}}],"collection":[{"href":"https:\/\/roveyayinevi.com.tr\/index.php\/wp-json\/wp\/v2\/product"}],"about":[{"href":"https:\/\/roveyayinevi.com.tr\/index.php\/wp-json\/wp\/v2\/types\/product"}],"wp:attachment":[{"href":"https:\/\/roveyayinevi.com.tr\/index.php\/wp-json\/wp\/v2\/media?parent=746144"}],"wp:term":[{"taxonomy":"product_brand","embeddable":true,"href":"https:\/\/roveyayinevi.com.tr\/index.php\/wp-json\/wp\/v2\/product_brand?post=746144"},{"taxonomy":"product_cat","embeddable":true,"href":"https:\/\/roveyayinevi.com.tr\/index.php\/wp-json\/wp\/v2\/product_cat?post=746144"},{"taxonomy":"product_tag","embeddable":true,"href":"https:\/\/roveyayinevi.com.tr\/index.php\/wp-json\/wp\/v2\/product_tag?post=746144"}],"curies":[{"name":"wp","href":"https:\/\/api.w.org\/{rel}","templated":true}]}}