{"id":746143,"date":"2025-08-28T02:35:40","date_gmt":"2025-08-27T23:35:40","guid":{"rendered":"https:\/\/roveyayinevi.com.tr\/index.php\/urun\/kizil-kehribar\/"},"modified":"2025-10-27T02:21:14","modified_gmt":"2025-10-26T23:21:14","slug":"kizil-kehribar","status":"publish","type":"product","link":"https:\/\/roveyayinevi.com.tr\/index.php\/urun\/kizil-kehribar\/","title":{"rendered":"K\u0131z\u0131l Kehribar"},"content":{"rendered":"<p>T. Y. Mazer\u2019den y\u00fcksek teknoloji ve aksiyonun romantizm ile harmanland\u0131\u011f\u0131 \u00e7arp\u0131c\u0131 bir seri. Lacivert serisi evreninde ser\u00fcven devam ediyor. Aksiyon ve maceran\u0131n h\u0131z kesmedi\u011fi bu teknolojik d\u00fcnyaya yeniden davetlisiniz. Ben, Robson Michael Winsley Walton. K\u0131saca Mike. Isolation Unity ad\u0131nda, olduk\u00e7a gizli bir \u00f6rg\u00fctte \u00fcst d\u00fczey bir ajan\u0131m. Amac\u0131m\u0131z d\u00fcnya bar\u0131\u015f\u0131n\u0131 sa\u011flamak ama bunu s\u0131ra d\u0131\u015f\u0131 y\u00f6ntemlerle yap\u0131yoruz. Kullan\u0131ld\u0131\u011f\u0131m\u0131z teknoloji d\u00fcnya standartlar\u0131n\u0131n 50 y\u0131l kadar ilerisinde. Ba\u015fka bir deyi\u015fle imk\u00e2ns\u0131z i\u015fler yap\u0131yoruz, haval\u0131 i\u015fler. Ekip liderimiz, efsane ajan James Hunter ve sevgili e\u015fi -s\u00f6zde kuzenim- Beren\u2019in ekibe veda etmesinden sonra yeni gelen liderimizle ciddi problemler ya\u015f\u0131yorum. Sorunun,  eski sevgilim olmas\u0131 oldu\u011funu ve ona sayg\u0131 duymad\u0131\u011f\u0131m\u0131 d\u00fc\u015f\u00fcn\u00fcyor. Sorun ger\u00e7ekten eski sevgilim olmas\u0131. \u00c7\u00fcnk\u00fc ben onun h\u00e2l\u00e2 sevgilim olmas\u0131n\u0131 istiyorum. Onu geri alabilmek i\u00e7in ne gerekiyorsa yapar\u0131m. Ama bunu ona kan\u0131tlamam gerek. Bu arada, t\u00fcm bunlar\u0131 yaparken \u00f6l\u00fcmc\u00fcl g\u00f6revlerde ba\u015far\u0131l\u0131 olmam\u0131z gerekiyor ki insanl\u0131\u011f\u0131 koruyabilelim. D\u00fcnyada sizin bilmedi\u011finiz ka\u00e7 zilyon tehlike var, fark\u0131nda m\u0131s\u0131n\u0131z? \u0130\u015fte, biz bunlar\u0131 \u00f6nl\u00fcyoruz. Hayat\u0131n\u0131z\u0131 kurtar\u0131yoruz. Neyse, size hik\u00e2yemi anlatmaya gelmedim ama okumak istedi\u011finizi biliyorum, o y\u00fczden size bir iyilik yapaca\u011f\u0131m. <\/p>\n","protected":false},"excerpt":{"rendered":"<p>T. Y. Mazer\u2019den y\u00fcksek teknoloji ve aksiyonun romantizm ile harmanland\u0131\u011f\u0131 \u00e7arp\u0131c\u0131 bir seri. Lacivert serisi evreninde ser\u00fcven devam ediyor. Aksiyon ve maceran\u0131n h\u0131z kesmedi\u011fi bu teknolojik<span class=\"excerpt-hellip\"> [\u2026]<\/span><\/p>\n","protected":false},"featured_media":0,"template":"","meta":{"_monsterinsights_skip_tracking":false,"_monsterinsights_sitenote_active":false,"_monsterinsights_sitenote_note":"","_monsterinsights_sitenote_category":0},"product_brand":[],"product_cat":[12291,12711],"product_tag":[],"class_list":{"0":"post-746143","1":"product","2":"type-product","3":"status-publish","5":"product_cat-edebiyat","6":"product_cat-roman-oyku","7":"pa_cilt-ciltsiz","8":"pa_tur-kitap","9":"pa_yayinevi-artemis-yayinlari","10":"pa_yazar-t-y-mazer","12":"first","13":"instock","14":"sale","15":"shipping-taxable","16":"purchasable","17":"product-type-simple"},"_links":{"self":[{"href":"https:\/\/roveyayinevi.com.tr\/index.php\/wp-json\/wp\/v2\/product\/746143","targetHints":{"allow":["GET"]}}],"collection":[{"href":"https:\/\/roveyayinevi.com.tr\/index.php\/wp-json\/wp\/v2\/product"}],"about":[{"href":"https:\/\/roveyayinevi.com.tr\/index.php\/wp-json\/wp\/v2\/types\/product"}],"wp:attachment":[{"href":"https:\/\/roveyayinevi.com.tr\/index.php\/wp-json\/wp\/v2\/media?parent=746143"}],"wp:term":[{"taxonomy":"product_brand","embeddable":true,"href":"https:\/\/roveyayinevi.com.tr\/index.php\/wp-json\/wp\/v2\/product_brand?post=746143"},{"taxonomy":"product_cat","embeddable":true,"href":"https:\/\/roveyayinevi.com.tr\/index.php\/wp-json\/wp\/v2\/product_cat?post=746143"},{"taxonomy":"product_tag","embeddable":true,"href":"https:\/\/roveyayinevi.com.tr\/index.php\/wp-json\/wp\/v2\/product_tag?post=746143"}],"curies":[{"name":"wp","href":"https:\/\/api.w.org\/{rel}","templated":true}]}}