{"id":746142,"date":"2025-08-28T02:35:39","date_gmt":"2025-08-27T23:35:39","guid":{"rendered":"https:\/\/roveyayinevi.com.tr\/index.php\/urun\/deger-zincirinin-evrimi\/"},"modified":"2026-04-16T02:58:32","modified_gmt":"2026-04-15T23:58:32","slug":"deger-zincirinin-evrimi","status":"publish","type":"product","link":"https:\/\/roveyayinevi.com.tr\/index.php\/urun\/deger-zincirinin-evrimi\/","title":{"rendered":"De\u011fer Zincirinin Evrimi"},"content":{"rendered":"<p>\u0130ktisat, 1929 Buhran\u0131\u2019n\u0131n \u00f6ncesinde konuyu fizik gibi \u201cmu\u0308spet bilim\u201d haline getirmek i\u00e7in \u00f6zu\u0308 olan insandan ve onun karar su\u0308re\u00e7lerinden ay\u0131r\u0131p matematikle\u015ftirme yolunu se\u00e7en ve daha sonra ana ak\u0131ma d\u00f6nu\u0308\u015fen e\u011filimlerden, 20.yu\u0308zy\u0131l\u0131n ortalar\u0131ndan itibaren kurumlar\u0131n \u00f6nemini, insanlar\u0131n davran\u0131\u015f bi\u00e7imlerini inceleyen, mu\u0308kemmel olmayan piyasa su\u0308re\u00e7lerini irdeleyen ve art arda Nobel \u00f6du\u0308lu\u0308yle tan\u0131n\u0131rl\u0131k kazanan e\u011filimlere evrilmi\u015ftir. Yerle\u015fik kar\u015f\u0131la\u015ft\u0131rmal\u0131 u\u0308stu\u0308nlu\u0308k teorisi, u\u0308lkelerin uluslararas\u0131 ekonomik faaliyetinin sonu\u00e7lar\u0131ndan yola \u00e7\u0131kmaktad\u0131r. Oysa do\u011fru soru, u\u0308lkenin uluslararas\u0131 ticarette ba\u015far\u0131l\u0131 olmas\u0131 i\u00e7in -ki bu do\u011fru rekabet\u00e7i kaynak tahsis kararlar\u0131yla mu\u0308mku\u0308ndu\u0308r- yat\u0131r\u0131m ve u\u0308retim a\u015famas\u0131nda nas\u0131l hareket edilmesi gerekti\u011fidir. \u00dclkeler bir kez ihracat, ithalat yapt\u0131ktan sonraki \u201cpost mortem\u201d analizinin, \u00f6nceki kararlar\u0131n do\u011fru olup olmad\u0131\u011f\u0131n\u0131n sa\u011flamas\u0131 olmaktan \u00f6te yarar\u0131 yoktur. Hedefin rekabet gu\u0308cu\u0308 vasf\u0131n\u0131n u\u0308retimde yani \u015firketlerde oldu\u011fundan hareketle, onlar\u0131n do\u011fru kararlar\u0131 nas\u0131l verece\u011fini irdelemek \u00f6nemlidir. Elinizdeki \u00e7al\u0131\u015fmay\u0131 bu iki cu\u0308mleyle \u00f6zetlemek mu\u0308mku\u0308ndu\u0308r.   Kitap okundu\u011funda \u00e7ok \u015fey du\u0308\u015fu\u0308ndu\u0308ru\u0308yor, ekonomide, \u015firketlerde karar su\u0308recinde rasyonaliteye uymayan bir g\u00f6zle bak\u0131yor ve akademik du\u0308nyadan yat\u0131r\u0131mc\u0131lar du\u0308nyas\u0131na, politika yap\u0131c\u0131lara kadar bir\u00e7ok ki\u015finin du\u0308\u015fu\u0308nce sistemine \u00e7ok \u015fey kat\u0131yor.   Dr. Mahfi E\u011filmez<\/p>\n","protected":false},"excerpt":{"rendered":"<p>\u0130ktisat, 1929 Buhran\u0131\u2019n\u0131n \u00f6ncesinde konuyu fizik gibi \u201cmu\u0308spet bilim\u201d haline getirmek i\u00e7in \u00f6zu\u0308 olan insandan ve onun karar su\u0308re\u00e7lerinden ay\u0131r\u0131p matematikle\u015ftirme yolunu se\u00e7en ve daha sonra<span class=\"excerpt-hellip\"> [\u2026]<\/span><\/p>\n","protected":false},"featured_media":0,"template":"","meta":{"_monsterinsights_skip_tracking":false,"_monsterinsights_sitenote_active":false,"_monsterinsights_sitenote_note":"","_monsterinsights_sitenote_category":0},"product_brand":[],"product_cat":[20333,13043],"product_tag":[],"class_list":{"0":"post-746142","1":"product","2":"type-product","3":"status-publish","5":"product_cat-diger-ekonomi","6":"product_cat-ekonomi","7":"pa_cilt-ciltsiz","8":"pa_tur-kitap","9":"pa_yayinevi-efil-yayinevi","10":"pa_yazar-a-celik-kurtoglu","12":"first","13":"instock","14":"sale","15":"shipping-taxable","16":"purchasable","17":"product-type-simple"},"_links":{"self":[{"href":"https:\/\/roveyayinevi.com.tr\/index.php\/wp-json\/wp\/v2\/product\/746142","targetHints":{"allow":["GET"]}}],"collection":[{"href":"https:\/\/roveyayinevi.com.tr\/index.php\/wp-json\/wp\/v2\/product"}],"about":[{"href":"https:\/\/roveyayinevi.com.tr\/index.php\/wp-json\/wp\/v2\/types\/product"}],"wp:attachment":[{"href":"https:\/\/roveyayinevi.com.tr\/index.php\/wp-json\/wp\/v2\/media?parent=746142"}],"wp:term":[{"taxonomy":"product_brand","embeddable":true,"href":"https:\/\/roveyayinevi.com.tr\/index.php\/wp-json\/wp\/v2\/product_brand?post=746142"},{"taxonomy":"product_cat","embeddable":true,"href":"https:\/\/roveyayinevi.com.tr\/index.php\/wp-json\/wp\/v2\/product_cat?post=746142"},{"taxonomy":"product_tag","embeddable":true,"href":"https:\/\/roveyayinevi.com.tr\/index.php\/wp-json\/wp\/v2\/product_tag?post=746142"}],"curies":[{"name":"wp","href":"https:\/\/api.w.org\/{rel}","templated":true}]}}