{"id":746141,"date":"2025-08-28T02:35:39","date_gmt":"2025-08-27T23:35:39","guid":{"rendered":"https:\/\/roveyayinevi.com.tr\/index.php\/urun\/iktisat-ve-toplum-dergisi-146-sayi-mor-ekonomi\/"},"modified":"2026-04-16T02:58:32","modified_gmt":"2026-04-15T23:58:32","slug":"iktisat-ve-toplum-dergisi-146-sayi-mor-ekonomi","status":"publish","type":"product","link":"https:\/\/roveyayinevi.com.tr\/index.php\/urun\/iktisat-ve-toplum-dergisi-146-sayi-mor-ekonomi\/","title":{"rendered":"\u0130ktisat ve Toplum Dergisi 146. Say\u0131: Mor Ekonomi"},"content":{"rendered":"<p>Mor Ekonomi \u2013 Nuran H. Belet Toplumsal Cinsiyet E\u015fitlik\u00e7i, S\u00fcrd\u00fcr\u00fclebilir B\u00fcy\u00fcme ve Kalk\u0131nma i\u00e7in Mor Ekonomi \u2013 \u0130pek \u0130lkkaracan Kad\u0131n Eme\u011finin Prekarizasyonu ve Toplumsal Yeniden \u00dcretim \u2013 Saniye Dedeo\u011flu Mor K\u00fc\u00e7\u00fclme: Mor Ekonomi ve K\u00fc\u00e7\u00fclme Perspektifiyle Bak\u0131m Krizi \u2013 Burcu Sar\u0131 Karademir E\u015fit Bak\u0131m Eme\u011fine Do\u011fru Mor ve Hakl\u0131 Bir Talep: Kre\u015f Hakk\u0131 \u2013 Zuhal Ye\u015filyurt G\u00fcnd\u00fcz \u00c7ocuk Bak\u0131m Hizmetlerine Eri\u015fim ve Kad\u0131n \u0130stihdam\u0131 \u2013 \u00c7isel Ekiz G\u00f6kmen Toplumsal Cinsiyet Rejimi Ba\u011flam\u0131nda T\u00fcrkiye\u2019de Kurumsal \u00c7ocuk Bak\u0131m ve E\u011fitim Hizmetleri \u2013 Saniye Dedeo\u011flu, Asl\u0131 \u015eahankaya Adar Bak\u0131m Eme\u011finin G\u00f6r\u00fcnmeyen Y\u00fcz\u00fc: Zihinsel Y\u00fck \u2013 G\u00fcl\u00e7in Con Wright, Aylin \u00c7ak\u0131ro\u011flu \u00c7evik T\u00fcrkiye\u2019de NEET\u2019lerin Zaman Yoksullu\u011funun \u0130ncelenmesi \u2013 Devrim Dumluda\u011f, Emir Pehlivan Sosyal Bilimciler Konu\u015fuyor \u2013 \u0130pek \u0130lkkaracan E\u015fit ve Kapsay\u0131c\u0131 Bir D\u00fcnya i\u00e7in \u201cMor Ekonomi\u201d \u2013 Ay\u015fe Ka\u015f\u0131k\u0131r\u0131k Ya\u015fl\u0131 Bak\u0131m\u0131 ve Belediyenin Rol\u00fc \u2013 N. Yasemin Sezgin, G\u00fclfem K\u0131ra\u00e7 Kele\u015f \u0130\u015f G\u00fcc\u00fc Piyasalar\u0131nda Farkl\u0131 Boyutlar\u0131yla Kad\u0131nlara Y\u00f6nelik Cinsiyet Ayr\u0131mc\u0131l\u0131\u011f\u0131: D\u00fcnyada ve T\u00fcrkiye\u2019de G\u00fcncel Durum \u2013 Burcu T\u00fcrkcan \u00d6zel G\u00fcvenlik G\u00f6revlileri: Kad\u0131nlar i\u00e7in A\u00e7\u0131k Kap\u0131 m\u0131? \u2013 Ece \u00d6ztan Paral\u0131, Nurcan \u00d6zkaplan <\/p>\n","protected":false},"excerpt":{"rendered":"<p>Mor Ekonomi \u2013 Nuran H. Belet Toplumsal Cinsiyet E\u015fitlik\u00e7i, S\u00fcrd\u00fcr\u00fclebilir B\u00fcy\u00fcme ve Kalk\u0131nma i\u00e7in Mor Ekonomi \u2013 \u0130pek \u0130lkkaracan Kad\u0131n Eme\u011finin Prekarizasyonu ve Toplumsal Yeniden \u00dcretim<span class=\"excerpt-hellip\"> [\u2026]<\/span><\/p>\n","protected":false},"featured_media":0,"template":"","meta":{"_monsterinsights_skip_tracking":false,"_monsterinsights_sitenote_active":false,"_monsterinsights_sitenote_note":"","_monsterinsights_sitenote_category":0},"product_brand":[],"product_cat":[13527],"product_tag":[],"class_list":{"0":"post-746141","1":"product","2":"type-product","3":"status-publish","5":"product_cat-sureli-yayinlar","6":"pa_cilt-ciltsiz","7":"pa_tur-kitap","8":"pa_yayinevi-efil-yayinevi-dergi","9":"pa_yazar-kolektif","11":"first","12":"instock","13":"sale","14":"shipping-taxable","15":"purchasable","16":"product-type-simple"},"_links":{"self":[{"href":"https:\/\/roveyayinevi.com.tr\/index.php\/wp-json\/wp\/v2\/product\/746141","targetHints":{"allow":["GET"]}}],"collection":[{"href":"https:\/\/roveyayinevi.com.tr\/index.php\/wp-json\/wp\/v2\/product"}],"about":[{"href":"https:\/\/roveyayinevi.com.tr\/index.php\/wp-json\/wp\/v2\/types\/product"}],"wp:attachment":[{"href":"https:\/\/roveyayinevi.com.tr\/index.php\/wp-json\/wp\/v2\/media?parent=746141"}],"wp:term":[{"taxonomy":"product_brand","embeddable":true,"href":"https:\/\/roveyayinevi.com.tr\/index.php\/wp-json\/wp\/v2\/product_brand?post=746141"},{"taxonomy":"product_cat","embeddable":true,"href":"https:\/\/roveyayinevi.com.tr\/index.php\/wp-json\/wp\/v2\/product_cat?post=746141"},{"taxonomy":"product_tag","embeddable":true,"href":"https:\/\/roveyayinevi.com.tr\/index.php\/wp-json\/wp\/v2\/product_tag?post=746141"}],"curies":[{"name":"wp","href":"https:\/\/api.w.org\/{rel}","templated":true}]}}