{"id":746140,"date":"2025-08-28T02:35:37","date_gmt":"2025-08-27T23:35:37","guid":{"rendered":"https:\/\/roveyayinevi.com.tr\/index.php\/urun\/devlet-ana\/"},"modified":"2026-04-08T03:05:39","modified_gmt":"2026-04-08T00:05:39","slug":"devlet-ana","status":"publish","type":"product","link":"https:\/\/roveyayinevi.com.tr\/index.php\/urun\/devlet-ana\/","title":{"rendered":"Devlet Ana"},"content":{"rendered":"<p>\u201cB\u00fcy\u00fck romanlar, b\u00fcy\u00fck \u0131rmaklar gibi akarlar. Yataklar\u0131 hem geni\u015ftir hem derin. Irmaklar, yataklar\u0131n\u0131 ancak denizlere kavu\u015furken derinle\u015ftirip geni\u015fletebilirler. B\u00f6ylece, her b\u00fcy\u00fck roman, zaman i\u00e7inde okyanuslara kavu\u015fan bir ana yoldur.\u201d Devlet Ana, b\u00fct\u00fcn eserleriyle edebiyat\u0131m\u0131zda \u0131rmaklar gibi \u00e7a\u011flayan Kemal Tahir\u2019in belki de okyanusa kavu\u015ftu\u011fu eserinin ad\u0131d\u0131r. \u201cK\u00f6y-\u015fehir-halk, maksat T\u00fcrk insan\u0131n\u0131n cevherini bulmakt\u0131r.\u201d diyen Tahir\u2019in, bir imparatorlu\u011fun kurulu\u015f dinamiklerini ke\u015ffe \u00e7\u0131karken insan\u0131m\u0131z\u0131n bu co\u011frafyada tutunmas\u0131n\u0131 sa\u011flayan tabiat\u0131n\u0131 da gerek tarih\u00ee ki\u015filikler gerek kurmaca karakterlerle yans\u0131tmas\u0131, edebiyat\u0131m\u0131z\u0131n en \u00f6zel romanlar\u0131ndan birini ortaya \u00e7\u0131kar\u0131r. 1968 y\u0131l\u0131nda T\u00fcrk Dil Kurumu Roman \u00d6d\u00fcl\u00fc\u2019ne de\u011fer g\u00f6r\u00fclen Devlet Ana, T\u00fcrk\u00e7enin \u00e7ok katmanl\u0131 yap\u0131s\u0131na yaslan\u0131rken tarihsel deneyimi zengin bir dilin roman sanat\u0131 i\u00e7inde hangi irtifalara \u00e7\u0131kabilece\u011finin de en \u00f6nemli \u00f6rneklerinden biri olmu\u015ftur. Kemal Tahir; yar\u0131na dair umudu, kurulu\u015f tecr\u00fcbesinde dirilterek nesiller boyu ilham al\u0131nan bir eseri dilimize hediye etmi\u015ftir. \u201cY\u0131llard\u0131r konu\u015fuyoruz; g\u00f6r\u00fcyorum ki, h\u00e2l\u00e2 Osmanl\u0131\u2019y\u0131 hafife alanlar\u0131m\u0131z var. D\u00fcnyada kurulmu\u015f imparatorluklar -en kabaday\u0131- y\u00fcz elli iki y\u00fcz y\u0131lda parampar\u00e7a oldu\u011fu halde, Osmanl\u0131 \u0130mparatorlu\u011fu\u2019nun neden alt\u0131 y\u00fcz y\u0131l s\u00fcrd\u00fc\u011f\u00fcn\u00fc hi\u00e7 d\u00fc\u015f\u00fcnd\u00fcn\u00fcz m\u00fc? B\u00fct\u00fcn imparatorluklardan gereken tarih dersini alm\u0131\u015f ve buna g\u00f6re bir \u00e7ekirdek model kurmu\u015ftur da ondan!\u201d <\/p>\n","protected":false},"excerpt":{"rendered":"<p>\u201cB\u00fcy\u00fck romanlar, b\u00fcy\u00fck \u0131rmaklar gibi akarlar. Yataklar\u0131 hem geni\u015ftir hem derin. Irmaklar, yataklar\u0131n\u0131 ancak denizlere kavu\u015furken derinle\u015ftirip geni\u015fletebilirler. B\u00f6ylece, her b\u00fcy\u00fck roman, zaman i\u00e7inde okyanuslara kavu\u015fan<span class=\"excerpt-hellip\"> [\u2026]<\/span><\/p>\n","protected":false},"featured_media":0,"template":"","meta":{"_monsterinsights_skip_tracking":false,"_monsterinsights_sitenote_active":false,"_monsterinsights_sitenote_note":"","_monsterinsights_sitenote_category":0},"product_brand":[],"product_cat":[12291,12711],"product_tag":[],"class_list":{"0":"post-746140","1":"product","2":"type-product","3":"status-publish","5":"product_cat-edebiyat","6":"product_cat-roman-oyku","7":"pa_cilt-ciltsiz","8":"pa_tur-kitap","9":"pa_yayinevi-ketebe-yayinlari","10":"pa_yazar-kemal-tahir","12":"first","13":"instock","14":"sale","15":"shipping-taxable","16":"purchasable","17":"product-type-simple"},"_links":{"self":[{"href":"https:\/\/roveyayinevi.com.tr\/index.php\/wp-json\/wp\/v2\/product\/746140","targetHints":{"allow":["GET"]}}],"collection":[{"href":"https:\/\/roveyayinevi.com.tr\/index.php\/wp-json\/wp\/v2\/product"}],"about":[{"href":"https:\/\/roveyayinevi.com.tr\/index.php\/wp-json\/wp\/v2\/types\/product"}],"wp:attachment":[{"href":"https:\/\/roveyayinevi.com.tr\/index.php\/wp-json\/wp\/v2\/media?parent=746140"}],"wp:term":[{"taxonomy":"product_brand","embeddable":true,"href":"https:\/\/roveyayinevi.com.tr\/index.php\/wp-json\/wp\/v2\/product_brand?post=746140"},{"taxonomy":"product_cat","embeddable":true,"href":"https:\/\/roveyayinevi.com.tr\/index.php\/wp-json\/wp\/v2\/product_cat?post=746140"},{"taxonomy":"product_tag","embeddable":true,"href":"https:\/\/roveyayinevi.com.tr\/index.php\/wp-json\/wp\/v2\/product_tag?post=746140"}],"curies":[{"name":"wp","href":"https:\/\/api.w.org\/{rel}","templated":true}]}}