{"id":746136,"date":"2025-08-28T02:35:32","date_gmt":"2025-08-27T23:35:32","guid":{"rendered":"https:\/\/roveyayinevi.com.tr\/index.php\/urun\/bir-muhendis-ogretmen-ile-bilim-varlik-ve-allaha-dair-mailler-bilim-din-barisi-icin\/"},"modified":"2026-04-16T02:58:32","modified_gmt":"2026-04-15T23:58:32","slug":"bir-muhendis-ogretmen-ile-bilim-varlik-ve-allaha-dair-mailler-bilim-din-barisi-icin","status":"publish","type":"product","link":"https:\/\/roveyayinevi.com.tr\/index.php\/urun\/bir-muhendis-ogretmen-ile-bilim-varlik-ve-allaha-dair-mailler-bilim-din-barisi-icin\/","title":{"rendered":"Bir M\u00fchendis \u00d6\u011fretmen \u0130le Bilim, Varl\u0131k ve Allah&#8217;a Dair Mailler (Bilim-Din Bar\u0131\u015f\u0131 \u0130\u00e7in)"},"content":{"rendered":"<p>M\u00fchendis: Peki hocam, ilginiz ve cevab\u0131n\u0131z i\u00e7in te\u015fekk\u00fcrler. Yordum sizi. Hakk\u0131n\u0131z\u0131 helal ediniz l\u00fctfen. Selametle kal\u0131n&#8230; \u0130ki yaz\u0131y\u0131 da tekrar okudum, d\u00fcn gece de okumu\u015ftum, ama kal\u0131n kafal\u0131l\u0131\u011f\u0131mdan olsa gerek anlayamad\u0131\u011f\u0131m noktalar oldu. Ayr\u0131ca tan\u0131tt\u0131\u011f\u0131n\u0131z videoyu da seyrettim. Ama: Bahaeddin Hoca\u2019m\u0131n Allah tasavvurunu, ALLAH deyince ne kastetti\u011fini, Nevzat Bey\u2019in arg\u00fcmanlar\u0131na ele\u015ftirileri hakl\u0131 ama Bahaeddin Hoca\u2019n\u0131n kendisinin Allah\u2019\u0131 nas\u0131l ispat edebildi\u011fini&#8230; Madde yarat\u0131lm\u0131\u015f m\u0131 ezeli mi? Veya b\u00f6yle bir soru, Say\u0131n Hocama g\u00f6re do\u011fru mu yanl\u0131\u015f m\u0131? Do\u011fru ise cevab\u0131 ne, yanl\u0131\u015fsa hangi a\u00e7\u0131dan yanl\u0131\u015f ve bu soruyu nas\u0131l do\u011fru soru olarak sorabilirdim, gibi sorular\u0131mdan hala kurtulam\u0131yorum. Kal\u0131n kafal\u0131 olabilirim, anlay\u0131\u015f\u0131 k\u0131t da olabilirim; ama k\u0131t kafal\u0131 birisine de hocam engin birikimiyle bir el atamaz m\u0131, daha alt seviyeye inerek de olsa yeniden k\u0131sa da olsa medet edemez mi, diye i\u00e7imden ge\u00e7eni iletiyorum say\u0131n hocam. Sizin ifadelerinizden kendimce bir Allah inanc\u0131\/tasavvuru\/kavram\u0131 \u00fcretemiyorum kal\u0131n kafal\u0131l\u0131\u011f\u0131mdan dolay\u0131. K\u0131zsan\u0131z da adeta mecburen yaz\u0131yorum bunlar\u0131&#8230; Ayr\u0131ca maddenin yarat\u0131lm\u0131\u015fl\u0131\u011f\u0131\/ezelili\u011fi iman\u0131m\u0131 tekrar g\u00f6zden ge\u00e7irtecek kadar \u00f6nemli benim d\u00fcnyamda. (Yanl\u0131\u015f olabilir ama kendi d\u00fcnyamda durumumu say\u0131n hocam ile payla\u015f\u0131yor ve yard\u0131m bekliyorum.) Adeta do\u011fru ve sahih bir Allah inanc\u0131\/tasavvuru\/kavram\u0131 ve ezelilik\/yarat\u0131lm\u0131\u015fl\u0131k meselelerini anlayamazsam, kendime anlatamaz ve aklen ve kalben ikna ve tatmin olmazsam manen bo\u011fulacak, \u00f6lecek, ba\u015fka diyarlara u\u00e7abilecek bir halette hissediyorum. Manevi yard\u0131ma muhta\u00e7 haldeyim. (Ba\u015fka bir ki\u015fi veya kaynak \u00f6nerseniz ona da var\u0131m hocam.)   Bahaeddin Sa\u011flam: Madde bir terkiptir, da\u011f\u0131lmaya patlat\u0131lmaya m\u00fcsaittir; ezeli olamaz. Bu bir, bunu bil. Bug\u00fcn hi\u00e7bir bilim adam\u0131, maddenin ezeliyetini kabul etmiyor. O iddia 19. as\u0131rda kald\u0131. <\/p>\n","protected":false},"excerpt":{"rendered":"<p>M\u00fchendis: Peki hocam, ilginiz ve cevab\u0131n\u0131z i\u00e7in te\u015fekk\u00fcrler. Yordum sizi. Hakk\u0131n\u0131z\u0131 helal ediniz l\u00fctfen. Selametle kal\u0131n&#8230; \u0130ki yaz\u0131y\u0131 da tekrar okudum, d\u00fcn gece de okumu\u015ftum, ama<span class=\"excerpt-hellip\"> [\u2026]<\/span><\/p>\n","protected":false},"featured_media":0,"template":"","meta":{"_monsterinsights_skip_tracking":false,"_monsterinsights_sitenote_active":false,"_monsterinsights_sitenote_note":"","_monsterinsights_sitenote_category":0},"product_brand":[],"product_cat":[13036,12718,12719],"product_tag":[],"class_list":{"0":"post-746136","1":"product","2":"type-product","3":"status-publish","5":"product_cat-arastirma-inceleme-islam","6":"product_cat-din","7":"product_cat-islam","8":"pa_cilt-ciltsiz","9":"pa_tur-kitap","10":"pa_yayinevi-gulnar-yayinlari","11":"pa_yazar-bahaeddin-saglam","13":"first","14":"instock","15":"sale","16":"shipping-taxable","17":"purchasable","18":"product-type-simple"},"_links":{"self":[{"href":"https:\/\/roveyayinevi.com.tr\/index.php\/wp-json\/wp\/v2\/product\/746136","targetHints":{"allow":["GET"]}}],"collection":[{"href":"https:\/\/roveyayinevi.com.tr\/index.php\/wp-json\/wp\/v2\/product"}],"about":[{"href":"https:\/\/roveyayinevi.com.tr\/index.php\/wp-json\/wp\/v2\/types\/product"}],"wp:attachment":[{"href":"https:\/\/roveyayinevi.com.tr\/index.php\/wp-json\/wp\/v2\/media?parent=746136"}],"wp:term":[{"taxonomy":"product_brand","embeddable":true,"href":"https:\/\/roveyayinevi.com.tr\/index.php\/wp-json\/wp\/v2\/product_brand?post=746136"},{"taxonomy":"product_cat","embeddable":true,"href":"https:\/\/roveyayinevi.com.tr\/index.php\/wp-json\/wp\/v2\/product_cat?post=746136"},{"taxonomy":"product_tag","embeddable":true,"href":"https:\/\/roveyayinevi.com.tr\/index.php\/wp-json\/wp\/v2\/product_tag?post=746136"}],"curies":[{"name":"wp","href":"https:\/\/api.w.org\/{rel}","templated":true}]}}