{"id":746135,"date":"2025-08-28T02:35:30","date_gmt":"2025-08-27T23:35:30","guid":{"rendered":"https:\/\/roveyayinevi.com.tr\/index.php\/urun\/giuseppenin-hikayesi\/"},"modified":"2026-04-16T02:58:32","modified_gmt":"2026-04-15T23:58:32","slug":"giuseppenin-hikayesi","status":"publish","type":"product","link":"https:\/\/roveyayinevi.com.tr\/index.php\/urun\/giuseppenin-hikayesi\/","title":{"rendered":"Giuseppe\u2019nin Hikayesi"},"content":{"rendered":"<p>Giuseppe, Luca&#8217;n\u0131n \u00e7enesinden tutarak: &#8220;Peki, k\u0131z\u0131n\u0131n ne su\u00e7u vard\u0131, ha?&#8221; diye ba\u011f\u0131rd\u0131. Luca&#8217;n\u0131n \u00fczerinde h\u00e2l\u00e2 sarho\u015fluk vard\u0131. \u201cO kim be, ad\u0131n\u0131 bile hat\u0131rlam\u0131yorum.&#8221; dedi. Giuseppe&#8217;nin siniri daha da katland\u0131 ve daha fazla beklemeden Luca&#8217;n\u0131n ba\u015f\u0131na ve g\u00f6vdesine birka\u00e7 el ate\u015f etti. Giuseppe, g\u00f6revini tamamlam\u0131\u015ft\u0131. Biraz solukland\u0131ktan sonra a\u015fa\u011f\u0131 inip bir sandalyeye oturdu, arkas\u0131na yasland\u0131, yorgundu. Sessizli\u011fin ve karanl\u0131\u011f\u0131n i\u00e7inde d\u00fc\u015f\u00fcnmeye ba\u015flad\u0131. On y\u0131l \u00f6nce b\u00f6yle bir \u015fey yapabilir miydi? Ge\u00e7en zamanda hayat onu nas\u0131l bir insana d\u00f6n\u00fc\u015ft\u00fcrm\u00fc\u015ft\u00fc? \u0130\u00e7inde pi\u015fmanl\u0131k yoktu, sadece ya\u015famak istedi\u011fi hayatla olaylar\u0131n onu itti\u011fi noktay\u0131 d\u00fc\u015f\u00fcn\u00fcyordu. \u015eu anda tek bir mermiyle her \u015feyi bitirebilirdi ama ya annesi? \u00d6yle veya b\u00f6yle hayatta kalmas\u0131 gerekiyordu. Ondan uzakta olacakt\u0131 belki ama en az\u0131ndan annesi, onun ya\u015fad\u0131\u011f\u0131n\u0131 bilecekti. <\/p>\n","protected":false},"excerpt":{"rendered":"<p>Giuseppe, Luca&#8217;n\u0131n \u00e7enesinden tutarak: &#8220;Peki, k\u0131z\u0131n\u0131n ne su\u00e7u vard\u0131, ha?&#8221; diye ba\u011f\u0131rd\u0131. Luca&#8217;n\u0131n \u00fczerinde h\u00e2l\u00e2 sarho\u015fluk vard\u0131. \u201cO kim be, ad\u0131n\u0131 bile hat\u0131rlam\u0131yorum.&#8221; dedi. Giuseppe&#8217;nin siniri<span class=\"excerpt-hellip\"> [\u2026]<\/span><\/p>\n","protected":false},"featured_media":0,"template":"","meta":{"_monsterinsights_skip_tracking":false,"_monsterinsights_sitenote_active":false,"_monsterinsights_sitenote_note":"","_monsterinsights_sitenote_category":0},"product_brand":[],"product_cat":[12291,12711],"product_tag":[],"class_list":{"0":"post-746135","1":"product","2":"type-product","3":"status-publish","5":"product_cat-edebiyat","6":"product_cat-roman-oyku","7":"pa_cilt-ciltsiz","8":"pa_tur-kitap","9":"pa_yayinevi-karina-yayinevi","10":"pa_yazar-tayfun-akarslan","12":"first","13":"instock","14":"sale","15":"shipping-taxable","16":"purchasable","17":"product-type-simple"},"_links":{"self":[{"href":"https:\/\/roveyayinevi.com.tr\/index.php\/wp-json\/wp\/v2\/product\/746135","targetHints":{"allow":["GET"]}}],"collection":[{"href":"https:\/\/roveyayinevi.com.tr\/index.php\/wp-json\/wp\/v2\/product"}],"about":[{"href":"https:\/\/roveyayinevi.com.tr\/index.php\/wp-json\/wp\/v2\/types\/product"}],"wp:attachment":[{"href":"https:\/\/roveyayinevi.com.tr\/index.php\/wp-json\/wp\/v2\/media?parent=746135"}],"wp:term":[{"taxonomy":"product_brand","embeddable":true,"href":"https:\/\/roveyayinevi.com.tr\/index.php\/wp-json\/wp\/v2\/product_brand?post=746135"},{"taxonomy":"product_cat","embeddable":true,"href":"https:\/\/roveyayinevi.com.tr\/index.php\/wp-json\/wp\/v2\/product_cat?post=746135"},{"taxonomy":"product_tag","embeddable":true,"href":"https:\/\/roveyayinevi.com.tr\/index.php\/wp-json\/wp\/v2\/product_tag?post=746135"}],"curies":[{"name":"wp","href":"https:\/\/api.w.org\/{rel}","templated":true}]}}