{"id":746133,"date":"2025-08-28T02:35:27","date_gmt":"2025-08-27T23:35:27","guid":{"rendered":"https:\/\/roveyayinevi.com.tr\/index.php\/urun\/ozlu-sozlerle-ideal-insan-profili\/"},"modified":"2026-04-16T02:58:32","modified_gmt":"2026-04-15T23:58:32","slug":"ozlu-sozlerle-ideal-insan-profili","status":"publish","type":"product","link":"https:\/\/roveyayinevi.com.tr\/index.php\/urun\/ozlu-sozlerle-ideal-insan-profili\/","title":{"rendered":"\u00d6zl\u00fc S\u00f6zlerle \u0130deal \u0130nsan Profili"},"content":{"rendered":"<p>S\u00f6z ola kese ba\u015f\u0131 S\u00f6z ola kese sava\u015f\u0131. &#8211; Yunus Emre   &#8220;Hayata dair herkes konu\u015fur, ancak kimi s\u00f6z s\u00f6yler, kimi \u00f6z s\u00f6yler.&#8221; \u0130nsan hayat\u0131, okudu\u011fu bir kitaptan, bir makaleden ya da tek c\u00fcmlelik bir s\u00f6zden etkilenme hatta de\u011fi\u015fme potansiyeline sahiptir. \u0130\u015fte elinizdeki \u015fu kitapla her biri ya\u015fam\u0131n ve ya\u015fanm\u0131\u015fl\u0131\u011f\u0131n i\u00e7inden s\u00fcz\u00fcl\u00fcp gelmi\u015f bu s\u00f6zlerle hayat\u0131n\u0131za bir dokunu\u015fta bulunmak istedik. \u0130yisi mi, sizleri bu d\u00fc\u015f\u00fcnceden incilerle ba\u015f ba\u015fa b\u0131rakal\u0131m. <\/p>\n","protected":false},"excerpt":{"rendered":"<p>S\u00f6z ola kese ba\u015f\u0131 S\u00f6z ola kese sava\u015f\u0131. &#8211; Yunus Emre &#8220;Hayata dair herkes konu\u015fur, ancak kimi s\u00f6z s\u00f6yler, kimi \u00f6z s\u00f6yler.&#8221; \u0130nsan hayat\u0131, okudu\u011fu bir<span class=\"excerpt-hellip\"> [\u2026]<\/span><\/p>\n","protected":false},"featured_media":0,"template":"","meta":{"_monsterinsights_skip_tracking":false,"_monsterinsights_sitenote_active":false,"_monsterinsights_sitenote_note":"","_monsterinsights_sitenote_category":0},"product_brand":[],"product_cat":[75065,12291],"product_tag":[],"class_list":{"0":"post-746133","1":"product","2":"type-product","3":"status-publish","5":"product_cat-aforizmalar","6":"product_cat-edebiyat","7":"pa_cilt-ciltsiz","8":"pa_tur-kitap","9":"pa_yayinevi-karina-yayinevi","10":"pa_yazar-huseyin-bulut","12":"first","13":"instock","14":"sale","15":"shipping-taxable","16":"purchasable","17":"product-type-simple"},"_links":{"self":[{"href":"https:\/\/roveyayinevi.com.tr\/index.php\/wp-json\/wp\/v2\/product\/746133","targetHints":{"allow":["GET"]}}],"collection":[{"href":"https:\/\/roveyayinevi.com.tr\/index.php\/wp-json\/wp\/v2\/product"}],"about":[{"href":"https:\/\/roveyayinevi.com.tr\/index.php\/wp-json\/wp\/v2\/types\/product"}],"wp:attachment":[{"href":"https:\/\/roveyayinevi.com.tr\/index.php\/wp-json\/wp\/v2\/media?parent=746133"}],"wp:term":[{"taxonomy":"product_brand","embeddable":true,"href":"https:\/\/roveyayinevi.com.tr\/index.php\/wp-json\/wp\/v2\/product_brand?post=746133"},{"taxonomy":"product_cat","embeddable":true,"href":"https:\/\/roveyayinevi.com.tr\/index.php\/wp-json\/wp\/v2\/product_cat?post=746133"},{"taxonomy":"product_tag","embeddable":true,"href":"https:\/\/roveyayinevi.com.tr\/index.php\/wp-json\/wp\/v2\/product_tag?post=746133"}],"curies":[{"name":"wp","href":"https:\/\/api.w.org\/{rel}","templated":true}]}}