{"id":746131,"date":"2025-08-28T02:35:25","date_gmt":"2025-08-27T23:35:25","guid":{"rendered":"https:\/\/roveyayinevi.com.tr\/index.php\/urun\/cinucen-tanrikorurun-icad-ettigi-form-seyr-i-natik\/"},"modified":"2026-04-16T02:58:32","modified_gmt":"2026-04-15T23:58:32","slug":"cinucen-tanrikorurun-icad-ettigi-form-seyr-i-natik","status":"publish","type":"product","link":"https:\/\/roveyayinevi.com.tr\/index.php\/urun\/cinucen-tanrikorurun-icad-ettigi-form-seyr-i-natik\/","title":{"rendered":"Cinu\u00e7en Tanr\u0131korur&#8217;un \u0130cad Etti\u011fi Form Seyr-i Nat\u0131k"},"content":{"rendered":"<p>C\u0130NU\u00c7EN TANRIKORUR\u2019UN \u0130C\u00c2D ETT\u0130\u011e\u0130 FORM SEYR-\u0130 N\u00c2TIK <\/p>\n","protected":false},"excerpt":{"rendered":"<p>C\u0130NU\u00c7EN TANRIKORUR\u2019UN \u0130C\u00c2D ETT\u0130\u011e\u0130 FORM SEYR-\u0130 N\u00c2TIK<\/p>\n","protected":false},"featured_media":0,"template":"","meta":{"_monsterinsights_skip_tracking":false,"_monsterinsights_sitenote_active":false,"_monsterinsights_sitenote_note":"","_monsterinsights_sitenote_category":0},"product_brand":[],"product_cat":[12573,12566],"product_tag":[],"class_list":{"0":"post-746131","1":"product","2":"type-product","3":"status-publish","5":"product_cat-akademik-kitaplar","6":"product_cat-egitim","7":"pa_cilt-ciltsiz","8":"pa_tur-kitap","9":"pa_yayinevi-soncag-akademik-kitaplar","10":"pa_yazar-tolga-karaca","12":"first","13":"instock","14":"sale","15":"shipping-taxable","16":"purchasable","17":"product-type-simple"},"_links":{"self":[{"href":"https:\/\/roveyayinevi.com.tr\/index.php\/wp-json\/wp\/v2\/product\/746131","targetHints":{"allow":["GET"]}}],"collection":[{"href":"https:\/\/roveyayinevi.com.tr\/index.php\/wp-json\/wp\/v2\/product"}],"about":[{"href":"https:\/\/roveyayinevi.com.tr\/index.php\/wp-json\/wp\/v2\/types\/product"}],"wp:attachment":[{"href":"https:\/\/roveyayinevi.com.tr\/index.php\/wp-json\/wp\/v2\/media?parent=746131"}],"wp:term":[{"taxonomy":"product_brand","embeddable":true,"href":"https:\/\/roveyayinevi.com.tr\/index.php\/wp-json\/wp\/v2\/product_brand?post=746131"},{"taxonomy":"product_cat","embeddable":true,"href":"https:\/\/roveyayinevi.com.tr\/index.php\/wp-json\/wp\/v2\/product_cat?post=746131"},{"taxonomy":"product_tag","embeddable":true,"href":"https:\/\/roveyayinevi.com.tr\/index.php\/wp-json\/wp\/v2\/product_tag?post=746131"}],"curies":[{"name":"wp","href":"https:\/\/api.w.org\/{rel}","templated":true}]}}