{"id":746129,"date":"2025-08-28T02:35:23","date_gmt":"2025-08-27T23:35:23","guid":{"rendered":"https:\/\/roveyayinevi.com.tr\/index.php\/urun\/eko-kahraman\/"},"modified":"2026-04-16T02:58:32","modified_gmt":"2026-04-15T23:58:32","slug":"eko-kahraman","status":"publish","type":"product","link":"https:\/\/roveyayinevi.com.tr\/index.php\/urun\/eko-kahraman\/","title":{"rendered":"Eko Kahraman"},"content":{"rendered":"<p>D\u00fcnyay\u0131 de\u011fi\u015ftirmek i\u00e7in \u00e7ocuk g\u00fcc\u00fc birle\u015fin!D\u00fcnyam\u0131z pek de olumlu olmayan bir y\u00f6nde de\u011fi\u015fiyor. Do\u011fa kirleniyor, iklim krizi herkesin dilinde.Peki, hepsine dur diyecek birileri yok mu?Elbette var! \u00c7ocuklar, evet \u00e7ocuklar t\u00fcm bu olumsuz geli\u015fmeleri tersine \u00e7evirecek kadar g\u00fc\u00e7l\u00fc.\u0130\u015fte Eko Kahraman da onlar\u0131n aras\u0131ndan \u00e7\u0131kt\u0131. \u015eimdi hepimize ger\u00e7e\u011fi, gelece\u011fi ve \u00e7\u00f6z\u00fcm yollar\u0131n\u0131 g\u00f6stermek istiyor.Ne dersiniz? Var m\u0131s\u0131n\u0131z? Haz\u0131r m\u0131s\u0131n\u0131z de\u011fi\u015fime?Bilge Buhan Musa yine \u00e7ocu\u011fun dilinden yaz\u0131yor, anlat\u0131yor, s\u00f6yl\u00fcyor.. <\/p>\n","protected":false},"excerpt":{"rendered":"<p>D\u00fcnyay\u0131 de\u011fi\u015ftirmek i\u00e7in \u00e7ocuk g\u00fcc\u00fc birle\u015fin!D\u00fcnyam\u0131z pek de olumlu olmayan bir y\u00f6nde de\u011fi\u015fiyor. Do\u011fa kirleniyor, iklim krizi herkesin dilinde.Peki, hepsine dur diyecek birileri yok mu?Elbette var!<span class=\"excerpt-hellip\"> [\u2026]<\/span><\/p>\n","protected":false},"featured_media":0,"template":"","meta":{"_monsterinsights_skip_tracking":false,"_monsterinsights_sitenote_active":false,"_monsterinsights_sitenote_note":"","_monsterinsights_sitenote_category":0},"product_brand":[],"product_cat":[12274,12284],"product_tag":[],"class_list":{"0":"post-746129","1":"product","2":"type-product","3":"status-publish","5":"product_cat-cocuk-ve-genclik-kitaplari","6":"product_cat-hikayeler","7":"pa_cilt-ciltsiz","8":"pa_tur-kitap","9":"pa_yayinevi-altin-kitaplar","10":"pa_yazar-bilge-buhan-musa","12":"first","13":"instock","14":"sale","15":"shipping-taxable","16":"purchasable","17":"product-type-simple"},"_links":{"self":[{"href":"https:\/\/roveyayinevi.com.tr\/index.php\/wp-json\/wp\/v2\/product\/746129","targetHints":{"allow":["GET"]}}],"collection":[{"href":"https:\/\/roveyayinevi.com.tr\/index.php\/wp-json\/wp\/v2\/product"}],"about":[{"href":"https:\/\/roveyayinevi.com.tr\/index.php\/wp-json\/wp\/v2\/types\/product"}],"wp:attachment":[{"href":"https:\/\/roveyayinevi.com.tr\/index.php\/wp-json\/wp\/v2\/media?parent=746129"}],"wp:term":[{"taxonomy":"product_brand","embeddable":true,"href":"https:\/\/roveyayinevi.com.tr\/index.php\/wp-json\/wp\/v2\/product_brand?post=746129"},{"taxonomy":"product_cat","embeddable":true,"href":"https:\/\/roveyayinevi.com.tr\/index.php\/wp-json\/wp\/v2\/product_cat?post=746129"},{"taxonomy":"product_tag","embeddable":true,"href":"https:\/\/roveyayinevi.com.tr\/index.php\/wp-json\/wp\/v2\/product_tag?post=746129"}],"curies":[{"name":"wp","href":"https:\/\/api.w.org\/{rel}","templated":true}]}}