{"id":746128,"date":"2025-08-28T02:35:21","date_gmt":"2025-08-27T23:35:21","guid":{"rendered":"https:\/\/roveyayinevi.com.tr\/index.php\/urun\/bahar-bulmacasi\/"},"modified":"2026-04-16T02:58:32","modified_gmt":"2026-04-15T23:58:32","slug":"bahar-bulmacasi","status":"publish","type":"product","link":"https:\/\/roveyayinevi.com.tr\/index.php\/urun\/bahar-bulmacasi\/","title":{"rendered":"Bahar Bulmacas\u0131"},"content":{"rendered":"<p>Do\u011fan\u0131n uyan\u0131\u015f\u0131 \u00e7evremizde \u00f6yle \u00e7ok \u015feyi de\u011fi\u015ftiriyor ki&#8230; Bu uyan\u0131\u015f, i\u00e7imizde de pek \u00e7ok duyguyu ve enerjiyi a\u00e7\u0131\u011fa \u00e7\u0131kar\u0131yor. Can, Yal\u0131n ve Ada bahar co\u015fkusunu kalplerinin derinliklerinde ya\u015fayan \u00fc\u00e7 kafadar. Onlar Saadet ablan\u0131n kendilerine s\u00fcrprizi olan fark\u0131ndal\u0131k bulmacas\u0131n\u0131 \u00e7\u00f6zerken do\u011fay\u0131 heyecanla ke\u015ffediyorlar. Onlar\u0131n bu maceras\u0131na kat\u0131lmak a\u00e7mad\u0131\u011f\u0131n\u0131z bir\u00e7ok kap\u0131y\u0131 aralayabilir&#8230; Bahar Bulmacas\u0131&#8217;nda do\u011fan\u0131n ke\u015ffi; yoga pozlar\u0131 ve fark\u0131ndal\u0131k oyunlar\u0131yla birle\u015fince okuyucuyu merakl\u0131, g\u00f6zlemci, dingin ve keyifli bir yolculuk bekliyor. Senem K\u0131ro\u011flu Nane, bu ilk kitab\u0131yla \u00e7ocuklar kadar yeti\u015fkinlere de i\u00e7imizdeki g\u00fcc\u00fc ve do\u011fayla bir b\u00fct\u00fcn olmay\u0131 hat\u0131rlat\u0131yor.<\/p>\n","protected":false},"excerpt":{"rendered":"<p>Do\u011fan\u0131n uyan\u0131\u015f\u0131 \u00e7evremizde \u00f6yle \u00e7ok \u015feyi de\u011fi\u015ftiriyor ki&#8230; Bu uyan\u0131\u015f, i\u00e7imizde de pek \u00e7ok duyguyu ve enerjiyi a\u00e7\u0131\u011fa \u00e7\u0131kar\u0131yor. Can, Yal\u0131n ve Ada bahar co\u015fkusunu kalplerinin<span class=\"excerpt-hellip\"> [\u2026]<\/span><\/p>\n","protected":false},"featured_media":0,"template":"","meta":{"_monsterinsights_skip_tracking":false,"_monsterinsights_sitenote_active":false,"_monsterinsights_sitenote_note":"","_monsterinsights_sitenote_category":0},"product_brand":[],"product_cat":[12274,12284],"product_tag":[],"class_list":{"0":"post-746128","1":"product","2":"type-product","3":"status-publish","5":"product_cat-cocuk-ve-genclik-kitaplari","6":"product_cat-hikayeler","7":"pa_cilt-ciltsiz","8":"pa_tur-kitap","9":"pa_yayinevi-altin-kitaplar","10":"pa_yazar-senem-kiroglu-nane","12":"first","13":"instock","14":"sale","15":"shipping-taxable","16":"purchasable","17":"product-type-simple"},"_links":{"self":[{"href":"https:\/\/roveyayinevi.com.tr\/index.php\/wp-json\/wp\/v2\/product\/746128","targetHints":{"allow":["GET"]}}],"collection":[{"href":"https:\/\/roveyayinevi.com.tr\/index.php\/wp-json\/wp\/v2\/product"}],"about":[{"href":"https:\/\/roveyayinevi.com.tr\/index.php\/wp-json\/wp\/v2\/types\/product"}],"wp:attachment":[{"href":"https:\/\/roveyayinevi.com.tr\/index.php\/wp-json\/wp\/v2\/media?parent=746128"}],"wp:term":[{"taxonomy":"product_brand","embeddable":true,"href":"https:\/\/roveyayinevi.com.tr\/index.php\/wp-json\/wp\/v2\/product_brand?post=746128"},{"taxonomy":"product_cat","embeddable":true,"href":"https:\/\/roveyayinevi.com.tr\/index.php\/wp-json\/wp\/v2\/product_cat?post=746128"},{"taxonomy":"product_tag","embeddable":true,"href":"https:\/\/roveyayinevi.com.tr\/index.php\/wp-json\/wp\/v2\/product_tag?post=746128"}],"curies":[{"name":"wp","href":"https:\/\/api.w.org\/{rel}","templated":true}]}}