{"id":746127,"date":"2025-08-28T02:35:20","date_gmt":"2025-08-27T23:35:20","guid":{"rendered":"https:\/\/roveyayinevi.com.tr\/index.php\/urun\/bana-engel-olmayin\/"},"modified":"2026-04-16T02:58:32","modified_gmt":"2026-04-15T23:58:32","slug":"bana-engel-olmayin","status":"publish","type":"product","link":"https:\/\/roveyayinevi.com.tr\/index.php\/urun\/bana-engel-olmayin\/","title":{"rendered":"Bana Engel Olmay\u0131n"},"content":{"rendered":"<p>\u0130lkokuldan beri ayn\u0131 okullarda, ayn\u0131 s\u0131n\u0131flarda okuyan Batuhan ve \u00c7a\u011fla \u00fcniversiteye de birlikte gitmek i\u00e7in s\u00f6zle\u015fmi\u015flerdi. Gelecek hayalleri kurarak s\u0131nava haz\u0131rlanan iki gen\u00e7 bir yaz g\u00fcn\u00fc hayat\u0131n engelleriyle kar\u015f\u0131la\u015fmaya ba\u015flayacakt\u0131\u2026 Ya\u015fam her ya\u015fta, her ko\u015fulda ki\u015finin yolunu dikenlerle kesebilir. \u0130\u015fte s\u0131nav o anda ba\u015flar. &#8220;Bana engel olmay\u0131n!&#8221; demeyi ba\u015far\u0131rsak g\u00f6ky\u00fcz\u00fcne kanat a\u00e7abilir, g\u00fcne\u015fe ula\u015fabiliriz.<\/p>\n","protected":false},"excerpt":{"rendered":"<p>\u0130lkokuldan beri ayn\u0131 okullarda, ayn\u0131 s\u0131n\u0131flarda okuyan Batuhan ve \u00c7a\u011fla \u00fcniversiteye de birlikte gitmek i\u00e7in s\u00f6zle\u015fmi\u015flerdi. Gelecek hayalleri kurarak s\u0131nava haz\u0131rlanan iki gen\u00e7 bir yaz g\u00fcn\u00fc<span class=\"excerpt-hellip\"> [\u2026]<\/span><\/p>\n","protected":false},"featured_media":0,"template":"","meta":{"_monsterinsights_skip_tracking":false,"_monsterinsights_sitenote_active":false,"_monsterinsights_sitenote_note":"","_monsterinsights_sitenote_category":0},"product_brand":[],"product_cat":[12291,12711],"product_tag":[],"class_list":{"0":"post-746127","1":"product","2":"type-product","3":"status-publish","5":"product_cat-edebiyat","6":"product_cat-roman-oyku","7":"pa_cilt-ciltsiz","8":"pa_tur-kitap","9":"pa_yayinevi-altin-kitaplar","10":"pa_yazar-nur-icozu","12":"first","13":"instock","14":"sale","15":"shipping-taxable","16":"purchasable","17":"product-type-simple"},"_links":{"self":[{"href":"https:\/\/roveyayinevi.com.tr\/index.php\/wp-json\/wp\/v2\/product\/746127","targetHints":{"allow":["GET"]}}],"collection":[{"href":"https:\/\/roveyayinevi.com.tr\/index.php\/wp-json\/wp\/v2\/product"}],"about":[{"href":"https:\/\/roveyayinevi.com.tr\/index.php\/wp-json\/wp\/v2\/types\/product"}],"wp:attachment":[{"href":"https:\/\/roveyayinevi.com.tr\/index.php\/wp-json\/wp\/v2\/media?parent=746127"}],"wp:term":[{"taxonomy":"product_brand","embeddable":true,"href":"https:\/\/roveyayinevi.com.tr\/index.php\/wp-json\/wp\/v2\/product_brand?post=746127"},{"taxonomy":"product_cat","embeddable":true,"href":"https:\/\/roveyayinevi.com.tr\/index.php\/wp-json\/wp\/v2\/product_cat?post=746127"},{"taxonomy":"product_tag","embeddable":true,"href":"https:\/\/roveyayinevi.com.tr\/index.php\/wp-json\/wp\/v2\/product_tag?post=746127"}],"curies":[{"name":"wp","href":"https:\/\/api.w.org\/{rel}","templated":true}]}}