{"id":746126,"date":"2025-08-28T02:35:18","date_gmt":"2025-08-27T23:35:18","guid":{"rendered":"https:\/\/roveyayinevi.com.tr\/index.php\/urun\/liseyin-hikayesi\/"},"modified":"2026-04-16T02:58:32","modified_gmt":"2026-04-15T23:58:32","slug":"liseyin-hikayesi","status":"publish","type":"product","link":"https:\/\/roveyayinevi.com.tr\/index.php\/urun\/liseyin-hikayesi\/","title":{"rendered":"Lisey&#8217;in Hikayesi"},"content":{"rendered":"<p>Lisey ve kocas\u0131 Scott yirmi be\u015f y\u0131l s\u00fcren evlilikleri boyunca birbirlerini derin bir a\u015fkla sever. Aralar\u0131ndaki ba\u011f \u00f6ylesine g\u00fc\u00e7l\u00fcd\u00fcr ki bir\u00e7ok insan bunu tuhaf bulur. Karanl\u0131k ve korkun\u00e7 bir ge\u00e7mi\u015fi olmas\u0131na ra\u011fmen Scott pek \u00e7ok \u00f6d\u00fcl kazanm\u0131\u015f ba\u015far\u0131l\u0131 bir yazard\u0131r; ancak ge\u00e7mi\u015fte ya\u015fad\u0131\u011f\u0131 olaylar, hayal ve ger\u00e7ek aras\u0131nda gidi\u015f geli\u015fleri bir \u00f6m\u00fcr boyu yakas\u0131n\u0131 b\u0131rakmaz. Yazar\u0131n \u00f6l\u00fcm\u00fcnden sonra bas\u0131lmam\u0131\u015f romanlar\u0131ndan \u00e7\u0131kar sa\u011flamak isteyen ki\u015filer kar\u0131s\u0131n\u0131n pe\u015fine d\u00fc\u015fer. Lisey, u\u011fursuz tehditler ba\u015flad\u0131\u011f\u0131nda hayatta kalmak i\u00e7in Scott&#8217;\u0131n g\u00fcc\u00fcne, \u0131\u015f\u0131\u011f\u0131na ve ayn\u0131 zamanda sonsuz karanl\u0131\u011f\u0131na ihtiyac\u0131 oldu\u011funu anlar. Kocas\u0131yla aras\u0131ndaki ba\u011f\u0131 koparmayan gen\u00e7 kad\u0131n, k\u00e2buslar\u0131n\u0131n aras\u0131nda sakl\u0131 korkun\u00e7 bir yerde duran Scott&#8217;a ula\u015f\u0131r. Lisey&#8217;in Hik\u00e2yesi; yarat\u0131c\u0131l\u0131\u011f\u0131n kaynaklar\u0131, delili\u011fin \u00e7ekicili\u011fi ve a\u015fk\u0131n gizli dili hakk\u0131nda yaz\u0131lm\u0131\u015f bir King ba\u015fyap\u0131t\u0131! \u2022 \u2022 \u2022 \u201cLisey&#8217;in Hik\u00e2yesi; ola\u011fan\u00fcst\u00fc bir evlili\u011fi, \u015fefkat ve g\u00fc\u00e7 i\u00e7inde y\u00fckselen, \u00e7ok canl\u0131 betimlemelerle s\u00fcsl\u00fc bir a\u015fk\u0131 anlatmaktad\u0131r. Bu kitap duygusal ve ger\u00e7e\u011fe yak\u0131n kahramanlar\u0131yla son zamanlarda edebiyat d\u00fcnyas\u0131na yepyeni bir nefes getirdi. Lisey Landon ve k\u0131z karde\u015fine hayran oldum, Scott\u2019\u0131n \u00e7ekti\u011fi ac\u0131lar\u0131 y\u00fcre\u011fimde hissettim ve sonunda i\u00e7tenlikle dile getirdi\u011fi ac\u0131 tatl\u0131 sona gelince kitab\u0131 tekrar ba\u015ftan okumam gerekti\u011fini d\u00fc\u015f\u00fcnd\u00fcm. Sanki \u00e7ok yak\u0131n dostlar\u0131ma veda etti\u011fimi hissettim. \u0130\u015fte Stephen King b\u00f6yle bir yazar. Mesle\u011finin doru\u011funda. Son sayfaya gelene dek b\u00fcy\u00fclenerek okuyaca\u011f\u0131n\u0131z bir roman.\u201d Nicholas Sparks,Denizden Gelen Mektup adl\u0131 roman\u0131n yazar\u0131<\/p>\n","protected":false},"excerpt":{"rendered":"<p>Lisey ve kocas\u0131 Scott yirmi be\u015f y\u0131l s\u00fcren evlilikleri boyunca birbirlerini derin bir a\u015fkla sever. Aralar\u0131ndaki ba\u011f \u00f6ylesine g\u00fc\u00e7l\u00fcd\u00fcr ki bir\u00e7ok insan bunu tuhaf bulur. Karanl\u0131k<span class=\"excerpt-hellip\"> [\u2026]<\/span><\/p>\n","protected":false},"featured_media":0,"template":"","meta":{"_monsterinsights_skip_tracking":false,"_monsterinsights_sitenote_active":false,"_monsterinsights_sitenote_note":"","_monsterinsights_sitenote_category":0},"product_brand":[],"product_cat":[12291,17033],"product_tag":[],"class_list":{"0":"post-746126","1":"product","2":"type-product","3":"status-publish","5":"product_cat-edebiyat","6":"product_cat-korku-gerilim","7":"pa_cilt-ciltsiz","8":"pa_tur-kitap","9":"pa_yayinevi-altin-kitaplar","10":"pa_yazar-stephen-king","12":"first","13":"instock","14":"sale","15":"shipping-taxable","16":"purchasable","17":"product-type-simple"},"_links":{"self":[{"href":"https:\/\/roveyayinevi.com.tr\/index.php\/wp-json\/wp\/v2\/product\/746126","targetHints":{"allow":["GET"]}}],"collection":[{"href":"https:\/\/roveyayinevi.com.tr\/index.php\/wp-json\/wp\/v2\/product"}],"about":[{"href":"https:\/\/roveyayinevi.com.tr\/index.php\/wp-json\/wp\/v2\/types\/product"}],"wp:attachment":[{"href":"https:\/\/roveyayinevi.com.tr\/index.php\/wp-json\/wp\/v2\/media?parent=746126"}],"wp:term":[{"taxonomy":"product_brand","embeddable":true,"href":"https:\/\/roveyayinevi.com.tr\/index.php\/wp-json\/wp\/v2\/product_brand?post=746126"},{"taxonomy":"product_cat","embeddable":true,"href":"https:\/\/roveyayinevi.com.tr\/index.php\/wp-json\/wp\/v2\/product_cat?post=746126"},{"taxonomy":"product_tag","embeddable":true,"href":"https:\/\/roveyayinevi.com.tr\/index.php\/wp-json\/wp\/v2\/product_tag?post=746126"}],"curies":[{"name":"wp","href":"https:\/\/api.w.org\/{rel}","templated":true}]}}