{"id":746125,"date":"2025-08-28T02:35:16","date_gmt":"2025-08-27T23:35:16","guid":{"rendered":"https:\/\/roveyayinevi.com.tr\/index.php\/urun\/turk-kagani-yuce-oguzun-destani\/"},"modified":"2026-04-16T02:58:32","modified_gmt":"2026-04-15T23:58:32","slug":"turk-kagani-yuce-oguzun-destani","status":"publish","type":"product","link":"https:\/\/roveyayinevi.com.tr\/index.php\/urun\/turk-kagani-yuce-oguzun-destani\/","title":{"rendered":"T\u00fcrk Ka\u011fan\u0131 Y\u00fcce O\u011fuz&#8217;un Destan\u0131"},"content":{"rendered":"<p>\u00c7in\u2019den Rum\u2019a; kuzeyin karanl\u0131k \u00fclkesinden Hindistan\u2019a uzanan topraklar\u0131 ele ge\u00e7iren bir kahraman\u0131n y\u00fcce \u00fclk\u00fcs\u00fc olmal\u0131. D\u00fcnyay\u0131 ele ge\u00e7irmek i\u00e7in vergi ile ganimet arzusundan daha \u00fcst\u00fcn bir g\u00fcd\u00fcleme duygusu olmal\u0131. O\u011fuz Ka\u011fan, fethetti\u011fi \u00fclkeleri vergiye ba\u011flamak i\u00e7in mi yola \u00e7\u0131kar? B\u00fct\u00fcn d\u00fcnyay\u0131 tek bayrak alt\u0131nda birle\u015ftirmek i\u00e7in mi? Yoksa Bat\u0131l\u0131lar\u0131n \u0130skender\u2019i gibi milyonlar\u0131n kan\u0131n\u0131 ak\u0131tma pahas\u0131na beng\u00fc suya ula\u015fmak i\u00e7in mi?                 Cumhurba\u015fkan\u0131 \u0130smet \u0130n\u00f6n\u00fc\u2019n\u00fcn T\u00fcrk\u00e7eye \u00e7evrilip bas\u0131lmalar\u0131n\u0131 istedi\u011fi eserlerden biri, L\u00fctfi\u2019nin Dilinden Sel\u00e7uk \u015eehnamesi\u2019dir. \u015eu an okumakta oldu\u011funuz T\u00fcrk Ka\u011fan\u0131 Y\u00fcce O\u011fuz\u2019un Destan\u0131 adl\u0131 eser, i\u015fbu Sel\u00e7uk \u015eehnamesi\u2019nin ilk on alt\u0131 sayfas\u0131n\u0131 olu\u015fturmaktad\u0131r. Bilemedi\u011fimiz nedenlerden dolay\u0131 T\u00fcrk\u00e7eye \u00e7evrilmeyen bu eser daha sonra \u0130ran Meclis K\u00fct\u00fcphanesi\u2019ne gitmi\u015ftir. 80 y\u0131ll\u0131k gizemli yolculu\u011funun ard\u0131ndan k\u00fct\u00fcphanenin tozlu raflar\u0131ndan \u00e7\u0131kan eserde O\u011fuz Ka\u011fan\u2019\u0131n y\u00f6netim anla &#8211; y\u0131\u015f\u0131n\u0131, ya\u015fam tarz\u0131n\u0131, Tanr\u0131\u2019n\u0131n dostu seviyesine y\u00fckseli\u015fini bulabiliyoruz. <\/p>\n","protected":false},"excerpt":{"rendered":"<p>\u00c7in\u2019den Rum\u2019a; kuzeyin karanl\u0131k \u00fclkesinden Hindistan\u2019a uzanan topraklar\u0131 ele ge\u00e7iren bir kahraman\u0131n y\u00fcce \u00fclk\u00fcs\u00fc olmal\u0131. D\u00fcnyay\u0131 ele ge\u00e7irmek i\u00e7in vergi ile ganimet arzusundan daha \u00fcst\u00fcn bir<span class=\"excerpt-hellip\"> [\u2026]<\/span><\/p>\n","protected":false},"featured_media":0,"template":"","meta":{"_monsterinsights_skip_tracking":false,"_monsterinsights_sitenote_active":false,"_monsterinsights_sitenote_note":"","_monsterinsights_sitenote_category":0},"product_brand":[],"product_cat":[12291,13706],"product_tag":[],"class_list":{"0":"post-746125","1":"product","2":"type-product","3":"status-publish","5":"product_cat-edebiyat","6":"product_cat-efsane-destan-masal","7":"pa_cilt-ciltsiz","8":"pa_tur-kitap","9":"pa_yayinevi-altinordu-yayinlari","10":"pa_yazar-cihangir-kizilozen","12":"first","13":"instock","14":"sale","15":"shipping-taxable","16":"purchasable","17":"product-type-simple"},"_links":{"self":[{"href":"https:\/\/roveyayinevi.com.tr\/index.php\/wp-json\/wp\/v2\/product\/746125","targetHints":{"allow":["GET"]}}],"collection":[{"href":"https:\/\/roveyayinevi.com.tr\/index.php\/wp-json\/wp\/v2\/product"}],"about":[{"href":"https:\/\/roveyayinevi.com.tr\/index.php\/wp-json\/wp\/v2\/types\/product"}],"wp:attachment":[{"href":"https:\/\/roveyayinevi.com.tr\/index.php\/wp-json\/wp\/v2\/media?parent=746125"}],"wp:term":[{"taxonomy":"product_brand","embeddable":true,"href":"https:\/\/roveyayinevi.com.tr\/index.php\/wp-json\/wp\/v2\/product_brand?post=746125"},{"taxonomy":"product_cat","embeddable":true,"href":"https:\/\/roveyayinevi.com.tr\/index.php\/wp-json\/wp\/v2\/product_cat?post=746125"},{"taxonomy":"product_tag","embeddable":true,"href":"https:\/\/roveyayinevi.com.tr\/index.php\/wp-json\/wp\/v2\/product_tag?post=746125"}],"curies":[{"name":"wp","href":"https:\/\/api.w.org\/{rel}","templated":true}]}}