{"id":746124,"date":"2025-08-28T02:35:16","date_gmt":"2025-08-27T23:35:16","guid":{"rendered":"https:\/\/roveyayinevi.com.tr\/index.php\/urun\/turk-sanatinin-buyuk-ustalari-7-abdulmecid-efendi\/"},"modified":"2026-03-12T03:06:38","modified_gmt":"2026-03-12T00:06:38","slug":"turk-sanatinin-buyuk-ustalari-7-abdulmecid-efendi","status":"publish","type":"product","link":"https:\/\/roveyayinevi.com.tr\/index.php\/urun\/turk-sanatinin-buyuk-ustalari-7-abdulmecid-efendi\/","title":{"rendered":"T\u00fcrk Sanat\u0131n\u0131n B\u00fcy\u00fck Ustalar\u0131 7 Abd\u00fclmecid Efendi"},"content":{"rendered":"<p>\u201cSon Halife\u201d Abd\u00fclmecid Efendi, hem hami hem sanat\u00e7\u0131 hem de bir Osmanl\u0131 \u015fehz\u00e2desi olarak farkl\u0131 k\u00fclt\u00fcrel ve tarihsel kimlikleriyle pek \u00e7ok ara\u015ft\u0131rmac\u0131n\u0131n ilgi oda\u011f\u0131nda yer al\u0131yor. Abd\u00fclmecid Efendi, sanat\u0131n her dal\u0131na ilgi duyan, resim, m\u00fczik ve edebiyata \u00f6zellikle \u00f6nem veren, d\u00f6nemin sanat\u00e7\u0131lar\u0131n\u0131, yazarlar\u0131n\u0131 himayesine alan entelekt\u00fcel d\u00fcnya g\u00f6r\u00fc\u015f\u00fcyle dikkatleri \u00fczerinde toplamay\u0131 s\u00fcrd\u00fcr\u00fcyor.   Amcas\u0131 Sultan II. Abd\u00fclhamid\u2019in talimat\u0131yla tecritte ya\u015famak zorunda kalan Abd\u00fclmecid Efendi, hanedan mensubu olmas\u0131na kar\u015f\u0131n, Tevfik Fikret\u2019in kaleme ald\u0131\u011f\u0131 \u00fcnl\u00fc \u201cSis\u201d \u015fiirinden ilhamla yapt\u0131\u011f\u0131 ayn\u0131 adl\u0131 resmi, II. Abd\u00fclhamid\u2019in Hal\u2019i, Tarih Dersi\/Nasihat gibi siyasi konulu yap\u0131tlar\u0131yla dikkat \u00e7ekerken sarayda ya\u015fam\u0131n farkl\u0131 y\u00f6nlerini ele ald\u0131\u011f\u0131 Haremde Goethe\/M\u00fctalaa, Haremde Beethoven\/Ahenk gibi resimleriyle T\u00fcrk modernle\u015fmesine dair yap\u0131lan \u00e7al\u0131\u015fmalar i\u00e7in kaynak sunuyor. \u201cT\u00fcrk Sanat\u0131n\u0131n B\u00fcy\u00fck Ustalar\u0131\u201d ba\u015fl\u0131kl\u0131 serinin yedinci kitab\u0131 Abd\u00fclmecid Efendi, yaln\u0131zca ilgin\u00e7 ve renkli ki\u015fili\u011fiyle ressam bir \u015fehz\u00e2denin hayat\u0131n\u0131 anlatmakla kalm\u0131yor, on dokuzuncu y\u00fczy\u0131l\u0131n sonu ve yirminci y\u00fczy\u0131l\u0131n ba\u015f\u0131nda Osmanl\u0131 co\u011frafyas\u0131ndaki siyasi ve sosyal g\u00f6r\u00fcn\u00fcm hakk\u0131nda da bilgi veriyor. Okurun, b\u00fcy\u00fck bir d\u00f6n\u00fc\u015f\u00fcm s\u00fcrecinin ya\u015fand\u0131\u011f\u0131 d\u00f6nemin sanat\u00e7\u0131lar\u0131n eserlerine yans\u0131malar\u0131na, c\u00f6mert bir hami olarak Abd\u00fclmecid Efendi\u2019nin k\u00fclt\u00fcr d\u00fcnyas\u0131ndaki rol\u00fcne, \u0130kinci Me\u015frutiyet\u2019ten Cumhuriyet\u2019in ilan\u0131na de\u011fin ya\u015fanan olaylar\u0131n entelekt\u00fcel d\u00fc\u015f\u00fcnce \u00fczerindeki etkilerine dair bilgiler edinmesini sa\u011fl\u0131yor.<\/p>\n","protected":false},"excerpt":{"rendered":"<p>\u201cSon Halife\u201d Abd\u00fclmecid Efendi, hem hami hem sanat\u00e7\u0131 hem de bir Osmanl\u0131 \u015fehz\u00e2desi olarak farkl\u0131 k\u00fclt\u00fcrel ve tarihsel kimlikleriyle pek \u00e7ok ara\u015ft\u0131rmac\u0131n\u0131n ilgi oda\u011f\u0131nda yer al\u0131yor.<span class=\"excerpt-hellip\"> [\u2026]<\/span><\/p>\n","protected":false},"featured_media":0,"template":"","meta":{"_monsterinsights_skip_tracking":false,"_monsterinsights_sitenote_active":false,"_monsterinsights_sitenote_note":"","_monsterinsights_sitenote_category":0},"product_brand":[],"product_cat":[13548,12408],"product_tag":[],"class_list":{"0":"post-746124","1":"product","2":"type-product","3":"status-publish","5":"product_cat-kuram","6":"product_cat-sanat","7":"pa_cilt-ciltsiz","8":"pa_tur-kitap","9":"pa_yayinevi-hayalperest-yayinlari","10":"pa_yazar-nilufer-ondin","12":"first","13":"instock","14":"sale","15":"shipping-taxable","16":"purchasable","17":"product-type-simple"},"_links":{"self":[{"href":"https:\/\/roveyayinevi.com.tr\/index.php\/wp-json\/wp\/v2\/product\/746124","targetHints":{"allow":["GET"]}}],"collection":[{"href":"https:\/\/roveyayinevi.com.tr\/index.php\/wp-json\/wp\/v2\/product"}],"about":[{"href":"https:\/\/roveyayinevi.com.tr\/index.php\/wp-json\/wp\/v2\/types\/product"}],"wp:attachment":[{"href":"https:\/\/roveyayinevi.com.tr\/index.php\/wp-json\/wp\/v2\/media?parent=746124"}],"wp:term":[{"taxonomy":"product_brand","embeddable":true,"href":"https:\/\/roveyayinevi.com.tr\/index.php\/wp-json\/wp\/v2\/product_brand?post=746124"},{"taxonomy":"product_cat","embeddable":true,"href":"https:\/\/roveyayinevi.com.tr\/index.php\/wp-json\/wp\/v2\/product_cat?post=746124"},{"taxonomy":"product_tag","embeddable":true,"href":"https:\/\/roveyayinevi.com.tr\/index.php\/wp-json\/wp\/v2\/product_tag?post=746124"}],"curies":[{"name":"wp","href":"https:\/\/api.w.org\/{rel}","templated":true}]}}