{"id":746123,"date":"2025-08-28T02:35:15","date_gmt":"2025-08-27T23:35:15","guid":{"rendered":"https:\/\/roveyayinevi.com.tr\/index.php\/urun\/turk-sanatinin-buyuk-ustalari-8-nazmi-ziya\/"},"modified":"2026-03-12T03:06:38","modified_gmt":"2026-03-12T00:06:38","slug":"turk-sanatinin-buyuk-ustalari-8-nazmi-ziya","status":"publish","type":"product","link":"https:\/\/roveyayinevi.com.tr\/index.php\/urun\/turk-sanatinin-buyuk-ustalari-8-nazmi-ziya\/","title":{"rendered":"T\u00fcrk Sanat\u0131n\u0131n B\u00fcy\u00fck Ustalar\u0131 8 Nazmi Ziya"},"content":{"rendered":"<p>Fatih Sultan Mehmed\u2019in hocas\u0131 Molla G\u00fcran\u00ee\u2019nin soyundan gelen Nazmi Ziya, ilk resim e\u011fitimini amcas\u0131 Binba\u015f\u0131 Hasip\u2019ten alm\u0131\u015ft\u0131. O\u011flunun ressam olmas\u0131n\u0131 istemeyen Mehmet Ziya Bey\u2019in binba\u015f\u0131 karde\u015fi ile Nazmi Ziya\u2019n\u0131n bu sanatsal ba\u011f\u0131n\u0131 yanl\u0131\u015f bulup onlar\u0131 birbirlerinden uzakla\u015ft\u0131rmas\u0131, gen\u00e7 resim heveslisini bir s\u00fcre dizginlemi\u015fti. Mekteb-i M\u00fclkiye-i \u015eah\u00e2ne\u2019den mezun olan Nazmi Ziya, o d\u00f6nemde babas\u0131n\u0131 kaybedince resim tutkusunun pe\u015fine d\u00fc\u015ferek San\u00e2yi-i Nef\u00eese Mektebi\u2019ne kayd\u0131n\u0131 yapt\u0131rm\u0131\u015f ve b\u00f6ylece T\u00fcrk resim sanat\u0131 tarihinin \u00f6nemli ki\u015filiklerinden biri haline gelece\u011fi yeni bir hayat\u0131n ilk ad\u0131m\u0131n\u0131 atm\u0131\u015ft\u0131. Salvatore Val\u00e9ri, Warnia Zarzecki, Hoca Ali R\u0131za gibi ressamlardan e\u011fitim alan Nazmi Ziya, \u0130stanbul\u2019a geldi\u011fi d\u00f6nemde San\u00e2yi-i Nef\u00eese Mektebi\u2019ni de ziyaret eden Paul Signac\u2019\u0131n dikkatini \u00e7eken eserler \u00fcretmi\u015fti. Nitekim ertesinde Paris\u2019te sanat e\u011fitimi almaya ba\u015flam\u0131\u015f, memleketine d\u00f6nd\u00fckten sonra T\u00fcrk resim sanat\u0131 tarihinde 1914 Ku\u015fa\u011f\u0131 olarak bilinen ressam grubu aras\u0131nda yer alm\u0131\u015ft\u0131. Bir ressam\u0131n en b\u00fcy\u00fck ustas\u0131n\u0131n do\u011fa oldu\u011funa inanan Nazmi Ziya, manzara resimleriyle \u00f6zg\u00fcn bir resim dili geli\u015ftirmi\u015fti. Cumhuriyet\u2019in ilan\u0131ndan sonra San\u00e2yi-i Nef\u00eese Mektebi\u2019nin m\u00fcd\u00fcrl\u00fc\u011f\u00fcn\u00fc de yapm\u0131\u015f, yap\u0131tlar\u0131yla T\u00fcrk resminin modernle\u015fme s\u00fcrecine katk\u0131lar sa\u011flam\u0131\u015ft\u0131r.  \u201cT\u00fcrk Sanat\u0131n\u0131n B\u00fcy\u00fck Ustalar\u0131\u201d serisinin sekizinci kitab\u0131 Nazmi Ziya, resim heyecan\u0131yla dolu bir \u00e7ocu\u011fun bir \u00fclkenin \u00f6nemli ressamlar\u0131ndan ve e\u011fitmenlerinden biri haline gelmesine dek ge\u00e7en d\u00f6nemde ya\u015fad\u0131klar\u0131na \u0131\u015f\u0131k tutuyor. Tarihi bir toplumsal d\u00f6n\u00fc\u015f\u00fcm\u00fcn ve Cumhuriyet reformlar\u0131n\u0131n simgesi olan Taksim Meydan\u0131 adl\u0131 eseriyle geni\u015f kitlelerce bilinen Nazmi Ziya\u2019n\u0131n gerek \u015fahsi hayat\u0131na gerekse d\u00f6nemin sosyal ko\u015fullar\u0131na de\u011finen kitap, okura d\u00f6nemin toplum ve birey alg\u0131s\u0131n\u0131n de\u011fi\u015fimini resimler \u00fczerinden g\u00f6zlemlemeye dair ipu\u00e7lar\u0131 veriyor. <\/p>\n","protected":false},"excerpt":{"rendered":"<p>Fatih Sultan Mehmed\u2019in hocas\u0131 Molla G\u00fcran\u00ee\u2019nin soyundan gelen Nazmi Ziya, ilk resim e\u011fitimini amcas\u0131 Binba\u015f\u0131 Hasip\u2019ten alm\u0131\u015ft\u0131. O\u011flunun ressam olmas\u0131n\u0131 istemeyen Mehmet Ziya Bey\u2019in binba\u015f\u0131 karde\u015fi<span class=\"excerpt-hellip\"> [\u2026]<\/span><\/p>\n","protected":false},"featured_media":0,"template":"","meta":{"_monsterinsights_skip_tracking":false,"_monsterinsights_sitenote_active":false,"_monsterinsights_sitenote_note":"","_monsterinsights_sitenote_category":0},"product_brand":[],"product_cat":[13548,12408],"product_tag":[],"class_list":{"0":"post-746123","1":"product","2":"type-product","3":"status-publish","5":"product_cat-kuram","6":"product_cat-sanat","7":"pa_cilt-ciltsiz","8":"pa_tur-kitap","9":"pa_yayinevi-hayalperest-yayinlari","10":"pa_yazar-nilufer-ondin","12":"first","13":"instock","14":"sale","15":"shipping-taxable","16":"purchasable","17":"product-type-simple"},"_links":{"self":[{"href":"https:\/\/roveyayinevi.com.tr\/index.php\/wp-json\/wp\/v2\/product\/746123","targetHints":{"allow":["GET"]}}],"collection":[{"href":"https:\/\/roveyayinevi.com.tr\/index.php\/wp-json\/wp\/v2\/product"}],"about":[{"href":"https:\/\/roveyayinevi.com.tr\/index.php\/wp-json\/wp\/v2\/types\/product"}],"wp:attachment":[{"href":"https:\/\/roveyayinevi.com.tr\/index.php\/wp-json\/wp\/v2\/media?parent=746123"}],"wp:term":[{"taxonomy":"product_brand","embeddable":true,"href":"https:\/\/roveyayinevi.com.tr\/index.php\/wp-json\/wp\/v2\/product_brand?post=746123"},{"taxonomy":"product_cat","embeddable":true,"href":"https:\/\/roveyayinevi.com.tr\/index.php\/wp-json\/wp\/v2\/product_cat?post=746123"},{"taxonomy":"product_tag","embeddable":true,"href":"https:\/\/roveyayinevi.com.tr\/index.php\/wp-json\/wp\/v2\/product_tag?post=746123"}],"curies":[{"name":"wp","href":"https:\/\/api.w.org\/{rel}","templated":true}]}}