{"id":746122,"date":"2025-08-28T02:35:14","date_gmt":"2025-08-27T23:35:14","guid":{"rendered":"https:\/\/roveyayinevi.com.tr\/index.php\/urun\/turk-sanatinin-buyuk-ustalari-9-huseyin-avni-lifij\/"},"modified":"2026-03-12T03:06:38","modified_gmt":"2026-03-12T00:06:38","slug":"turk-sanatinin-buyuk-ustalari-9-huseyin-avni-lifij","status":"publish","type":"product","link":"https:\/\/roveyayinevi.com.tr\/index.php\/urun\/turk-sanatinin-buyuk-ustalari-9-huseyin-avni-lifij\/","title":{"rendered":"T\u00fcrk Sanat\u0131n\u0131n B\u00fcy\u00fck Ustalar\u0131 9 H\u00fcseyin Avni Lifij"},"content":{"rendered":"<p>Yo\u011fun duygusall\u0131\u011f\u0131yla izleyicisini hemen i\u00e7ine \u00e7eken eserler \u00fcreten H\u00fcseyin Avni Lifij, T\u00fcrk resim sanat\u0131n\u0131n en \u00f6zg\u00fcn ressamlar\u0131ndan biriydi. \u015eiirsel duyarl\u0131l\u0131\u011f\u0131, engin hayal g\u00fcc\u00fc, entelekt\u00fcel ve sanatsal birikimi onu de\u011ferli bir sanat\u00e7\u0131 k\u0131lm\u0131\u015ft\u0131. Sanat e\u011fitimi almaya hevesli 17 ya\u015f\u0131nda bir delikanl\u0131yken Osman Hamdi Bey\u2019e sundu\u011fu otoportresinin resimsel ve anlat\u0131sal olgunlu\u011fuyla b\u00fcy\u00fck ustay\u0131 derinden etkileyen H\u00fcseyin Avni Lifij, Halife Abd\u00fclmecid Efendi\u2019nin deste\u011fiyle yurtd\u0131\u015f\u0131na g\u00f6nderilmi\u015fti. Memleketine d\u00f6nd\u00fc\u011f\u00fcnde ressamca bak\u0131\u015f\u0131n\u0131n fevkalade geli\u015fmi\u015f olmas\u0131n\u0131n yan\u0131nda sanat hakk\u0131nda metinler yazarak ele\u015ftirel d\u00fc\u015f\u00fcncelerini k\u00e2\u011f\u0131da aktarmak konusunda da sayg\u0131n bir mertebeye ula\u015fm\u0131\u015ft\u0131.   Sanat e\u011fitimiyle de yak\u0131ndan ilgilenen H\u00fcseyin Avni Lifij, 1923 y\u0131l\u0131nda San\u00e2yi-i Nef\u00eese Mektebi\u2019nde Tezyin\u00ee Sanatlar B\u00f6l\u00fcm\u00fc kurulmas\u0131n\u0131 sa\u011flam\u0131\u015f ve vefat\u0131na kadar burada dersler de vermi\u015fti. Foto\u011fraf \u00e7ekmeyi de \u00e7ok seven ressam, zaman zaman bu foto\u011fraflara bakarak da resim yap\u0131yordu.   \u201cT\u00fcrk Sanat\u0131n\u0131n B\u00fcy\u00fck Ustalar\u0131\u201d serisinin dokuzuncu kitab\u0131 H\u00fcseyin Avni Lifij, 1927 y\u0131l\u0131nda vefat eden, duygulu, merhametli, hassas bir ressam\u0131n maharetli ustal\u0131\u011f\u0131yla adeta can verdi\u011fi eserlerini, ya\u015fam\u0131n\u0131, ailesiyle ve \u00fclkesiyle kurdu\u011fu ba\u011f\u0131 anlat\u0131yor. Okurun, ressam\u0131n i\u00e7 d\u00fcnyas\u0131n\u0131 kavramas\u0131na yard\u0131mc\u0131 olacak ipu\u00e7lar\u0131n\u0131 veriyor ve \u00e7evresinde H\u00fcseyin Avni Lifij\u2019in g\u00f6z\u00fcnden bakmay\u0131 denemesini sa\u011fl\u0131yor. <\/p>\n","protected":false},"excerpt":{"rendered":"<p>Yo\u011fun duygusall\u0131\u011f\u0131yla izleyicisini hemen i\u00e7ine \u00e7eken eserler \u00fcreten H\u00fcseyin Avni Lifij, T\u00fcrk resim sanat\u0131n\u0131n en \u00f6zg\u00fcn ressamlar\u0131ndan biriydi. \u015eiirsel duyarl\u0131l\u0131\u011f\u0131, engin hayal g\u00fcc\u00fc, entelekt\u00fcel ve sanatsal<span class=\"excerpt-hellip\"> [\u2026]<\/span><\/p>\n","protected":false},"featured_media":0,"template":"","meta":{"_monsterinsights_skip_tracking":false,"_monsterinsights_sitenote_active":false,"_monsterinsights_sitenote_note":"","_monsterinsights_sitenote_category":0},"product_brand":[],"product_cat":[13548,12408],"product_tag":[],"class_list":{"0":"post-746122","1":"product","2":"type-product","3":"status-publish","5":"product_cat-kuram","6":"product_cat-sanat","7":"pa_cilt-ciltsiz","8":"pa_tur-kitap","9":"pa_yayinevi-hayalperest-yayinlari","10":"pa_yazar-nilufer-ondin","12":"first","13":"instock","14":"sale","15":"shipping-taxable","16":"purchasable","17":"product-type-simple"},"_links":{"self":[{"href":"https:\/\/roveyayinevi.com.tr\/index.php\/wp-json\/wp\/v2\/product\/746122","targetHints":{"allow":["GET"]}}],"collection":[{"href":"https:\/\/roveyayinevi.com.tr\/index.php\/wp-json\/wp\/v2\/product"}],"about":[{"href":"https:\/\/roveyayinevi.com.tr\/index.php\/wp-json\/wp\/v2\/types\/product"}],"wp:attachment":[{"href":"https:\/\/roveyayinevi.com.tr\/index.php\/wp-json\/wp\/v2\/media?parent=746122"}],"wp:term":[{"taxonomy":"product_brand","embeddable":true,"href":"https:\/\/roveyayinevi.com.tr\/index.php\/wp-json\/wp\/v2\/product_brand?post=746122"},{"taxonomy":"product_cat","embeddable":true,"href":"https:\/\/roveyayinevi.com.tr\/index.php\/wp-json\/wp\/v2\/product_cat?post=746122"},{"taxonomy":"product_tag","embeddable":true,"href":"https:\/\/roveyayinevi.com.tr\/index.php\/wp-json\/wp\/v2\/product_tag?post=746122"}],"curies":[{"name":"wp","href":"https:\/\/api.w.org\/{rel}","templated":true}]}}