{"id":746121,"date":"2025-08-28T02:35:13","date_gmt":"2025-08-27T23:35:13","guid":{"rendered":"https:\/\/roveyayinevi.com.tr\/index.php\/urun\/turk-sanatinin-buyuk-ustalari-10-namik-ismail\/"},"modified":"2026-03-12T03:06:38","modified_gmt":"2026-03-12T00:06:38","slug":"turk-sanatinin-buyuk-ustalari-10-namik-ismail","status":"publish","type":"product","link":"https:\/\/roveyayinevi.com.tr\/index.php\/urun\/turk-sanatinin-buyuk-ustalari-10-namik-ismail\/","title":{"rendered":"T\u00fcrk Sanat\u0131n\u0131n B\u00fcy\u00fck Ustalar\u0131 10 Nam\u0131k \u0130smail"},"content":{"rendered":"<p>Hattat babas\u0131 vesilesiyle g\u00fczel sanatlara hen\u00fcz \u00e7ok k\u00fc\u00e7\u00fck ya\u015flarda ilgi duyan Nam\u0131k \u0130smail, Mekteb-i Sultan\u00ee\u2019de \u00f6\u011frenim g\u00f6rd\u00fc\u011f\u00fc y\u0131llarda okuldaki resim at\u00f6lyesinde \u00e7al\u0131\u015fm\u0131\u015f, \u015eevket Da\u011f\u2019dan da resim dersleri alm\u0131\u015ft\u0131. Ziraat e\u011fitimi almak \u00fczere Paris\u2019e gitti\u011finde \u00f6nce Acad\u00e9mie Julian\u2019e kaydolan, ard\u0131ndan \u00c9cole nationale sup\u00e9rieure des Beaux-Arts\u2019ta Fernand Cormon\u2019un at\u00f6lyesine devam eden Nam\u0131k \u0130smail, Birinci D\u00fcnya Sava\u015f\u0131 s\u0131ras\u0131nda Kafkas cephesinde yedek subay olarak g\u00f6revlendirilmi\u015fti.   Bir s\u00fcre Berlin\u2019de ya\u015fayan ve bu esnada Lovis Corinth\u2019in at\u00f6lyesinde \u00e7al\u0131\u015fan Nam\u0131k \u0130smail resim sanat\u0131na ek olarak siyasete de ilgi duymu\u015f, do\u011fululuk, bat\u0131l\u0131l\u0131k, modernle\u015fme, makinele\u015fme gibi meselelerin sanat \u00fczerindeki etkisine dair metinler kaleme alm\u0131\u015ft\u0131. Cumhuriyet\u2019in ilan\u0131ndan sonra kurulan kadrolarda bir s\u00fcre Ma\u00e2rif Genel M\u00fcfetti\u015fli\u011fi yapm\u0131\u015f, sonra San\u00e2yi-i Nef\u00eese Mektebi M\u00fcd\u00fcr\u00fc olmu\u015ftu. O d\u00f6nemde ad\u0131 G\u00fczel Sanatlar Akademisi\u2019ne d\u00f6n\u00fc\u015ft\u00fcr\u00fclen okul, \u00e7e\u015fitli yeniliklerle fiziki ve m\u00fcfredat bak\u0131m\u0131ndan geli\u015ftirilmi\u015fti.   \u201cT\u00fcrk Sanat\u0131n\u0131n B\u00fcy\u00fck Ustalar\u0131 \u201c serisinin onuncu kitab\u0131 Nam\u0131k \u0130smail, y\u00f6neticilik vasf\u0131na sahip ileri g\u00f6r\u00fc\u015fl\u00fc bir sanat\u00e7\u0131n\u0131n, Cumhuriyet ile birlikte kendisini tepeden t\u0131rna\u011fa yenilemeye \u00e7al\u0131\u015fan bir \u00fclkenin k\u00fclt\u00fcr-sanat d\u00fcnyas\u0131na yapt\u0131\u011f\u0131 katk\u0131lar\u0131 de\u011ferlendirmeye imk\u00e2n veriyor. Ge\u00e7i\u015f d\u00f6neminde kad\u0131nlar\u0131n toplum i\u00e7indeki yerinin d\u00f6n\u00fc\u015f\u00fcm\u00fcn\u00fc de takip etmenin m\u00fcmk\u00fcn oldu\u011fu eserleriyle Nam\u0131k \u0130smail, bu kitapta t\u00fcm y\u00f6nleriyle ele al\u0131n\u0131yor. <\/p>\n","protected":false},"excerpt":{"rendered":"<p>Hattat babas\u0131 vesilesiyle g\u00fczel sanatlara hen\u00fcz \u00e7ok k\u00fc\u00e7\u00fck ya\u015flarda ilgi duyan Nam\u0131k \u0130smail, Mekteb-i Sultan\u00ee\u2019de \u00f6\u011frenim g\u00f6rd\u00fc\u011f\u00fc y\u0131llarda okuldaki resim at\u00f6lyesinde \u00e7al\u0131\u015fm\u0131\u015f, \u015eevket Da\u011f\u2019dan da resim<span class=\"excerpt-hellip\"> [\u2026]<\/span><\/p>\n","protected":false},"featured_media":0,"template":"","meta":{"_monsterinsights_skip_tracking":false,"_monsterinsights_sitenote_active":false,"_monsterinsights_sitenote_note":"","_monsterinsights_sitenote_category":0},"product_brand":[],"product_cat":[13548,12408],"product_tag":[],"class_list":{"0":"post-746121","1":"product","2":"type-product","3":"status-publish","5":"product_cat-kuram","6":"product_cat-sanat","7":"pa_cilt-ciltsiz","8":"pa_tur-kitap","9":"pa_yayinevi-hayalperest-yayinlari","10":"pa_yazar-nilufer-ondin","12":"first","13":"instock","14":"sale","15":"shipping-taxable","16":"purchasable","17":"product-type-simple"},"_links":{"self":[{"href":"https:\/\/roveyayinevi.com.tr\/index.php\/wp-json\/wp\/v2\/product\/746121","targetHints":{"allow":["GET"]}}],"collection":[{"href":"https:\/\/roveyayinevi.com.tr\/index.php\/wp-json\/wp\/v2\/product"}],"about":[{"href":"https:\/\/roveyayinevi.com.tr\/index.php\/wp-json\/wp\/v2\/types\/product"}],"wp:attachment":[{"href":"https:\/\/roveyayinevi.com.tr\/index.php\/wp-json\/wp\/v2\/media?parent=746121"}],"wp:term":[{"taxonomy":"product_brand","embeddable":true,"href":"https:\/\/roveyayinevi.com.tr\/index.php\/wp-json\/wp\/v2\/product_brand?post=746121"},{"taxonomy":"product_cat","embeddable":true,"href":"https:\/\/roveyayinevi.com.tr\/index.php\/wp-json\/wp\/v2\/product_cat?post=746121"},{"taxonomy":"product_tag","embeddable":true,"href":"https:\/\/roveyayinevi.com.tr\/index.php\/wp-json\/wp\/v2\/product_tag?post=746121"}],"curies":[{"name":"wp","href":"https:\/\/api.w.org\/{rel}","templated":true}]}}