{"id":746120,"date":"2025-08-28T02:35:12","date_gmt":"2025-08-27T23:35:12","guid":{"rendered":"https:\/\/roveyayinevi.com.tr\/index.php\/urun\/kadim-rune-sembol-kartlari-kutulu\/"},"modified":"2026-04-16T02:58:32","modified_gmt":"2026-04-15T23:58:32","slug":"kadim-rune-sembol-kartlari-kutulu","status":"publish","type":"product","link":"https:\/\/roveyayinevi.com.tr\/index.php\/urun\/kadim-rune-sembol-kartlari-kutulu\/","title":{"rendered":"Kadim Rune Sembol Kartlar\u0131 (Kutulu)"},"content":{"rendered":"<p>KAD\u0130M RUNE SEMBOLLER\u0130 ZAMANSIZ B\u0130R B\u0130LGEL\u0130K\u2026 Rune sembolleri zamans\u0131z sembollerdir ve eski Futhark runeleri bize yaln\u0131zca k\u00f6kenlerimizi anlatmakla kalmaz; ayn\u0131 zamanda hem ki\u015fisel, hem toplumsal hem de global anlamda \u015fifa al\u0131\u015fmalar\u0131 yapabilmemizi sa\u011flarlar. Her runenin \u00f6z\u00fcn\u00fc anlad\u0131\u011f\u0131n\u0131zda, yorumlaman\u0131z \u00e7ok daha kolay h\u00e2le gelir. Kartlar her runenin \u00f6z\u00fcne zamans\u0131z bir \u015fekilde n\u00fcfuz edilebilmesi i\u00e7in \u00f6zel olarak haz\u0131rlanm\u0131\u015ft\u0131r. Kartlar, runelerin gizemlerini g\u00fcn \u0131\u015f\u0131\u011f\u0131na \u00e7\u0131karmak ve a\u00e7\u0131l\u0131mlar\u0131n\u0131z, \u015fifa, enerji, korunma \u00e7al\u0131\u015fmalar\u0131n\u0131zda \u00e7ok daha kolay ve pratik sonu\u00e7lar alabilmeniz i\u00e7in sade ve pratik bir dille anlat\u0131larak haz\u0131rlanm\u0131\u015ft\u0131r. Size ve b\u00fct\u00fcne katk\u0131 olmas\u0131 dile\u011fiyle&#8230; <\/p>\n","protected":false},"excerpt":{"rendered":"<p>KAD\u0130M RUNE SEMBOLLER\u0130 ZAMANSIZ B\u0130R B\u0130LGEL\u0130K\u2026 Rune sembolleri zamans\u0131z sembollerdir ve eski Futhark runeleri bize yaln\u0131zca k\u00f6kenlerimizi anlatmakla kalmaz; ayn\u0131 zamanda hem ki\u015fisel, hem toplumsal hem<span class=\"excerpt-hellip\"> [\u2026]<\/span><\/p>\n","protected":false},"featured_media":0,"template":"","meta":{"_monsterinsights_skip_tracking":false,"_monsterinsights_sitenote_active":false,"_monsterinsights_sitenote_note":"","_monsterinsights_sitenote_category":0},"product_brand":[],"product_cat":[18082,15563],"product_tag":[],"class_list":{"0":"post-746120","1":"product","2":"type-product","3":"status-publish","5":"product_cat-astroloji-fal-ruya","6":"product_cat-hobi","7":"pa_cilt-ciltsiz","8":"pa_tur-kitap10","9":"pa_yayinevi-feniks-yayinlari","10":"pa_yazar-gunes-gonulalan-adak","12":"first","13":"instock","14":"sale","15":"shipping-taxable","16":"purchasable","17":"product-type-simple"},"_links":{"self":[{"href":"https:\/\/roveyayinevi.com.tr\/index.php\/wp-json\/wp\/v2\/product\/746120","targetHints":{"allow":["GET"]}}],"collection":[{"href":"https:\/\/roveyayinevi.com.tr\/index.php\/wp-json\/wp\/v2\/product"}],"about":[{"href":"https:\/\/roveyayinevi.com.tr\/index.php\/wp-json\/wp\/v2\/types\/product"}],"wp:attachment":[{"href":"https:\/\/roveyayinevi.com.tr\/index.php\/wp-json\/wp\/v2\/media?parent=746120"}],"wp:term":[{"taxonomy":"product_brand","embeddable":true,"href":"https:\/\/roveyayinevi.com.tr\/index.php\/wp-json\/wp\/v2\/product_brand?post=746120"},{"taxonomy":"product_cat","embeddable":true,"href":"https:\/\/roveyayinevi.com.tr\/index.php\/wp-json\/wp\/v2\/product_cat?post=746120"},{"taxonomy":"product_tag","embeddable":true,"href":"https:\/\/roveyayinevi.com.tr\/index.php\/wp-json\/wp\/v2\/product_tag?post=746120"}],"curies":[{"name":"wp","href":"https:\/\/api.w.org\/{rel}","templated":true}]}}