{"id":746119,"date":"2025-08-28T02:35:11","date_gmt":"2025-08-27T23:35:11","guid":{"rendered":"https:\/\/roveyayinevi.com.tr\/index.php\/urun\/sarkac-kullanim-kitabi\/"},"modified":"2026-04-16T02:58:32","modified_gmt":"2026-04-15T23:58:32","slug":"sarkac-kullanim-kitabi","status":"publish","type":"product","link":"https:\/\/roveyayinevi.com.tr\/index.php\/urun\/sarkac-kullanim-kitabi\/","title":{"rendered":"Sarka\u00e7 Kullan\u0131m Kitab\u0131"},"content":{"rendered":"<p>Ge\u00e7mi\u015f ya\u015famlar\u0131n\u0131za ili\u015fkin bilgiler edinmek, gelece\u011finizle ilgili do\u011fru kararlar almak, spirit\u00fcel \u00e7al\u0131\u015fmalar, enerji \u00e7al\u0131\u015fmalar\u0131, \u015fifa \u00e7al\u0131\u015fmalar\u0131 yapmak, kaybolan e\u015fyalar\u0131n\u0131z\u0131 bulmak istemez misiniz? Bunlar\u0131n hepsini sadece sarka\u00e7 kullanarak yapabilmenizin, karars\u0131z kald\u0131\u011f\u0131n\u0131z konularda sarkac\u0131n\u0131z\u0131 kullanarak sizin i\u00e7in en hay\u0131rl\u0131 ve en do\u011fru cevaplar\u0131 alman\u0131z\u0131n m\u00fcmk\u00fcn oldu\u011funu bu kitapta okuyacaks\u0131n\u0131z. G\u00fcne\u015f G\u00f6n\u00fclalan Adak   Ya\u015fam Ko\u00e7u Reiki Spirit\u00fcel Dan\u0131\u015fmanl\u0131k Numeroloji Gelecek Analizi Grabovoi Sistemi Say\u0131larla \u0130yile\u015fme <\/p>\n","protected":false},"excerpt":{"rendered":"<p>Ge\u00e7mi\u015f ya\u015famlar\u0131n\u0131za ili\u015fkin bilgiler edinmek, gelece\u011finizle ilgili do\u011fru kararlar almak, spirit\u00fcel \u00e7al\u0131\u015fmalar, enerji \u00e7al\u0131\u015fmalar\u0131, \u015fifa \u00e7al\u0131\u015fmalar\u0131 yapmak, kaybolan e\u015fyalar\u0131n\u0131z\u0131 bulmak istemez misiniz? Bunlar\u0131n hepsini sadece sarka\u00e7<span class=\"excerpt-hellip\"> [\u2026]<\/span><\/p>\n","protected":false},"featured_media":0,"template":"","meta":{"_monsterinsights_skip_tracking":false,"_monsterinsights_sitenote_active":false,"_monsterinsights_sitenote_note":"","_monsterinsights_sitenote_category":0},"product_brand":[],"product_cat":[18082,15563],"product_tag":[],"class_list":{"0":"post-746119","1":"product","2":"type-product","3":"status-publish","5":"product_cat-astroloji-fal-ruya","6":"product_cat-hobi","7":"pa_cilt-ciltsiz","8":"pa_tur-kitap","9":"pa_yayinevi-feniks-yayinlari","10":"pa_yazar-gunes-gonulalan-adak","12":"first","13":"instock","14":"sale","15":"shipping-taxable","16":"purchasable","17":"product-type-simple"},"_links":{"self":[{"href":"https:\/\/roveyayinevi.com.tr\/index.php\/wp-json\/wp\/v2\/product\/746119","targetHints":{"allow":["GET"]}}],"collection":[{"href":"https:\/\/roveyayinevi.com.tr\/index.php\/wp-json\/wp\/v2\/product"}],"about":[{"href":"https:\/\/roveyayinevi.com.tr\/index.php\/wp-json\/wp\/v2\/types\/product"}],"wp:attachment":[{"href":"https:\/\/roveyayinevi.com.tr\/index.php\/wp-json\/wp\/v2\/media?parent=746119"}],"wp:term":[{"taxonomy":"product_brand","embeddable":true,"href":"https:\/\/roveyayinevi.com.tr\/index.php\/wp-json\/wp\/v2\/product_brand?post=746119"},{"taxonomy":"product_cat","embeddable":true,"href":"https:\/\/roveyayinevi.com.tr\/index.php\/wp-json\/wp\/v2\/product_cat?post=746119"},{"taxonomy":"product_tag","embeddable":true,"href":"https:\/\/roveyayinevi.com.tr\/index.php\/wp-json\/wp\/v2\/product_tag?post=746119"}],"curies":[{"name":"wp","href":"https:\/\/api.w.org\/{rel}","templated":true}]}}