{"id":746116,"date":"2025-08-28T02:35:07","date_gmt":"2025-08-27T23:35:07","guid":{"rendered":"https:\/\/roveyayinevi.com.tr\/index.php\/urun\/evrenin-matematigi-numeroloji-ajandasi-2023\/"},"modified":"2026-04-16T02:58:32","modified_gmt":"2026-04-15T23:58:32","slug":"evrenin-matematigi-numeroloji-ajandasi-2023","status":"publish","type":"product","link":"https:\/\/roveyayinevi.com.tr\/index.php\/urun\/evrenin-matematigi-numeroloji-ajandasi-2023\/","title":{"rendered":"Evrenin Matemati\u011fi \u2013 Numeroloji Ajandas\u0131 2023"},"content":{"rendered":"<p>1 geldi ilk, BEN dedi. Erildi.   2\u2019nin rahminde SEN\u2019e evrildi.   3\u2019te ego sahnedeydi: \u201cBEN,\u201d dedi SEN, \u201cSEN,\u201d dedi BEN.   4\u2019\u00fcn kalbinde sab\u0131rla yumu\u015fad\u0131 BEN, pi\u015fti SEN; tek nefes \u201cB\u0130Z!\u201d dediler.   5\u2019te merak etti B\u0130Z, ke\u015ffetti S\u0130Z\u0130.   6\u2019da art\u0131k kocaman bir aileydi: BEN, SEN, EGO, B\u0130Z, S\u0130Z! 7\u2019de a\u015fka d\u00fc\u015ft\u00fcler hep birlikte; birbirlerini ayd\u0131nlatt\u0131lar.   8\u2019de anlad\u0131lar B\u0130R\u2019likten do\u011fan g\u00fcc\u00fc, bereketlendiler.   9\u2019da birdiler, insana ilham, \u00f6zlerine \u015fifa oldular.   <\/p>\n","protected":false},"excerpt":{"rendered":"<p>1 geldi ilk, BEN dedi. Erildi. 2\u2019nin rahminde SEN\u2019e evrildi. 3\u2019te ego sahnedeydi: \u201cBEN,\u201d dedi SEN, \u201cSEN,\u201d dedi BEN. 4\u2019\u00fcn kalbinde sab\u0131rla yumu\u015fad\u0131 BEN, pi\u015fti SEN;<span class=\"excerpt-hellip\"> [\u2026]<\/span><\/p>\n","protected":false},"featured_media":0,"template":"","meta":{"_monsterinsights_skip_tracking":false,"_monsterinsights_sitenote_active":false,"_monsterinsights_sitenote_note":"","_monsterinsights_sitenote_category":0},"product_brand":[],"product_cat":[28265,15563],"product_tag":[],"class_list":{"0":"post-746116","1":"product","2":"type-product","3":"status-publish","5":"product_cat-diger-hobi","6":"product_cat-hobi","7":"pa_cilt-ciltsiz","8":"pa_tur-kitap20","9":"pa_yayinevi-indigo-kitap","10":"pa_yazar-ozge-acar-onel","12":"first","13":"instock","14":"sale","15":"shipping-taxable","16":"purchasable","17":"product-type-simple"},"_links":{"self":[{"href":"https:\/\/roveyayinevi.com.tr\/index.php\/wp-json\/wp\/v2\/product\/746116","targetHints":{"allow":["GET"]}}],"collection":[{"href":"https:\/\/roveyayinevi.com.tr\/index.php\/wp-json\/wp\/v2\/product"}],"about":[{"href":"https:\/\/roveyayinevi.com.tr\/index.php\/wp-json\/wp\/v2\/types\/product"}],"wp:attachment":[{"href":"https:\/\/roveyayinevi.com.tr\/index.php\/wp-json\/wp\/v2\/media?parent=746116"}],"wp:term":[{"taxonomy":"product_brand","embeddable":true,"href":"https:\/\/roveyayinevi.com.tr\/index.php\/wp-json\/wp\/v2\/product_brand?post=746116"},{"taxonomy":"product_cat","embeddable":true,"href":"https:\/\/roveyayinevi.com.tr\/index.php\/wp-json\/wp\/v2\/product_cat?post=746116"},{"taxonomy":"product_tag","embeddable":true,"href":"https:\/\/roveyayinevi.com.tr\/index.php\/wp-json\/wp\/v2\/product_tag?post=746116"}],"curies":[{"name":"wp","href":"https:\/\/api.w.org\/{rel}","templated":true}]}}