{"id":746115,"date":"2025-08-28T02:35:05","date_gmt":"2025-08-27T23:35:05","guid":{"rendered":"https:\/\/roveyayinevi.com.tr\/index.php\/urun\/karl-marx-biyografi-ciltli\/"},"modified":"2026-04-16T02:58:32","modified_gmt":"2026-04-15T23:58:32","slug":"karl-marx-biyografi-ciltli","status":"publish","type":"product","link":"https:\/\/roveyayinevi.com.tr\/index.php\/urun\/karl-marx-biyografi-ciltli\/","title":{"rendered":"Karl Marx Biyografi (Ciltli)"},"content":{"rendered":"<p>Karl Marx Biyografi, BBC\u2019nin milenyum anketinden \u201cbin y\u0131l\u0131n en b\u00fcy\u00fck d\u00fc\u015f\u00fcn\u00fcr\u00fc\u201d oldu\u011fu do\u011frulanarak \u00e7\u0131kan Karl Marx\u2019\u0131n ya\u015fam\u0131 ve d\u00fc\u015f\u00fcnceleri \u00fczerine bug\u00fcne dek yap\u0131lm\u0131\u015f en kapsaml\u0131 \u00e7al\u0131\u015fmalardan biri. \u0130\u00e7eriden bakanlar i\u00e7in dara d\u00fc\u015ft\u00fcklerinde h\u0131zl\u0131ca el uzatacaklar\u0131 bir ba\u015fvuru kayna\u011f\u0131, d\u0131\u015far\u0131dan bakanlar i\u00e7in yeterince anlam veremedikleri toplumsal m\u00fccadelelerin neden ve sonu\u00e7lar\u0131n\u0131 ve onlar\u0131 anlamland\u0131ran d\u00fc\u015f\u00fcnceleri kavramalar\u0131na yard\u0131mc\u0131 olacak bir k\u0131lavuz ve nihayet ele\u015ftirel d\u00fc\u015f\u00fcnce pe\u015finde ko\u015fmaya arzulu ve yazg\u0131l\u0131 olanlar i\u00e7in Marx\u2019\u0131n d\u00fc\u015f\u00fcncesini, bizzat Marx\u2019\u0131n kendi yap\u0131tlar\u0131ndan \u00f6\u011frenmeye \u00f6zendirilecekleri ve sevk edilecekleri bir entelekt\u00fcel s\u0131\u00e7rama noktas\u0131&#8230; Marx, parlak bir akademik kariyeri, varl\u0131kl\u0131 bir bilim insan\u0131n\u0131n ya da \u00fcnl\u00fc bir yazar\u0131n rahat ya\u015fam\u0131n\u0131 teperek bir siyasal s\u00fcrg\u00fcn\u00fcn zorlu kaderini se\u00e7ti. B\u00fct\u00fcn ya\u015fam\u0131 boyunca amans\u0131z ele\u015ftiri silah\u0131n\u0131 elinden d\u00fc\u015f\u00fcrmeksizin egemen s\u0131n\u0131flara ve onlar\u0131n ideolog ve siyasal \u00f6nderlerine meydan okuyarak yanl\u0131\u015f fikirlere, d\u00fczmece \u015fiarlara, sahte teorilere, eylemsizli\u011fe ve ikiy\u00fczl\u00fcl\u00fc\u011fe kar\u015f\u0131 sava\u015ft\u0131. Yordam Kitap, kitlelerin kurtulu\u015f m\u00fccadelesi tarihinde yeni bir sayfa a\u00e7an bu b\u00fcy\u00fck devrimcinin, enternasyonal i\u015f\u00e7i s\u0131n\u0131f\u0131n\u0131n \u00f6nderi Karl Marx\u2019\u0131n ya\u015fam \u00f6yk\u00fcs\u00fcn\u00fc Ertu\u011frul K\u00fcrk\u00e7\u00fc\u2019n\u00fcn yetkin \u00e7evirisiyle sunuyor. <\/p>\n","protected":false},"excerpt":{"rendered":"<p>Karl Marx Biyografi, BBC\u2019nin milenyum anketinden \u201cbin y\u0131l\u0131n en b\u00fcy\u00fck d\u00fc\u015f\u00fcn\u00fcr\u00fc\u201d oldu\u011fu do\u011frulanarak \u00e7\u0131kan Karl Marx\u2019\u0131n ya\u015fam\u0131 ve d\u00fc\u015f\u00fcnceleri \u00fczerine bug\u00fcne dek yap\u0131lm\u0131\u015f en kapsaml\u0131 \u00e7al\u0131\u015fmalardan<span class=\"excerpt-hellip\"> [\u2026]<\/span><\/p>\n","protected":false},"featured_media":0,"template":"","meta":{"_monsterinsights_skip_tracking":false,"_monsterinsights_sitenote_active":false,"_monsterinsights_sitenote_note":"","_monsterinsights_sitenote_category":0},"product_brand":[],"product_cat":[14009,12291],"product_tag":[],"class_list":{"0":"post-746115","1":"product","2":"type-product","3":"status-publish","5":"product_cat-biyografi-otobiyografi-edebiyat","6":"product_cat-edebiyat","7":"pa_cilt-ciltli","8":"pa_tur-kitap","9":"pa_yayinevi-yordam-kitap","10":"pa_yazar-p-n-fedoseyev","12":"first","13":"instock","14":"sale","15":"shipping-taxable","16":"purchasable","17":"product-type-simple"},"_links":{"self":[{"href":"https:\/\/roveyayinevi.com.tr\/index.php\/wp-json\/wp\/v2\/product\/746115","targetHints":{"allow":["GET"]}}],"collection":[{"href":"https:\/\/roveyayinevi.com.tr\/index.php\/wp-json\/wp\/v2\/product"}],"about":[{"href":"https:\/\/roveyayinevi.com.tr\/index.php\/wp-json\/wp\/v2\/types\/product"}],"wp:attachment":[{"href":"https:\/\/roveyayinevi.com.tr\/index.php\/wp-json\/wp\/v2\/media?parent=746115"}],"wp:term":[{"taxonomy":"product_brand","embeddable":true,"href":"https:\/\/roveyayinevi.com.tr\/index.php\/wp-json\/wp\/v2\/product_brand?post=746115"},{"taxonomy":"product_cat","embeddable":true,"href":"https:\/\/roveyayinevi.com.tr\/index.php\/wp-json\/wp\/v2\/product_cat?post=746115"},{"taxonomy":"product_tag","embeddable":true,"href":"https:\/\/roveyayinevi.com.tr\/index.php\/wp-json\/wp\/v2\/product_tag?post=746115"}],"curies":[{"name":"wp","href":"https:\/\/api.w.org\/{rel}","templated":true}]}}