{"id":746113,"date":"2025-08-28T02:35:03","date_gmt":"2025-08-27T23:35:03","guid":{"rendered":"https:\/\/roveyayinevi.com.tr\/index.php\/urun\/cocuklarimizin-duygulari\/"},"modified":"2026-04-16T02:58:32","modified_gmt":"2026-04-15T23:58:32","slug":"cocuklarimizin-duygulari","status":"publish","type":"product","link":"https:\/\/roveyayinevi.com.tr\/index.php\/urun\/cocuklarimizin-duygulari\/","title":{"rendered":"\u00c7ocuklar\u0131m\u0131z\u0131n Duygular\u0131"},"content":{"rendered":"<p>\u00c7ocuklar\u0131m\u0131z\u0131n Duygular\u0131 duygular\u0131n d\u00fcnyas\u0131n\u0131 birlikte ke\u015ffetmek, anlamak i\u00e7in pratik tavsiyeler, oyunlar ve etkinlikler sunuyor.  K\u00fc\u00e7\u00fck \u00e7ocu\u011funuz g\u00fcn\u00fcn bilmem ka\u00e7\u0131nc\u0131 \u00f6fke n\u00f6betini ge\u00e7iriyor. Kendinizi tutamay\u0131p onu azarl\u0131yorsunuz ve o daha da k\u00f6t\u00fcs\u00fcn\u00fc yap\u0131yor. Ergenlik \u00e7a\u011f\u0131ndaki k\u0131z\u0131n\u0131z sizi tersliyor sonra odas\u0131na kapan\u0131yor. Sizinle bu \u015fekilde konu\u015fmamas\u0131 gerekti\u011fini s\u00f6yleyerek ona ba\u011f\u0131r\u0131yorsunuz ve o da g\u00fcnlerce sizinle konu\u015fmuyor. Peki, ne oldu? Olan \u015fu ki, siz fark\u0131na bile varmadan \u00e7ocuklar\u0131n\u0131z\u0131n duygular\u0131na ve kendi duygular\u0131n\u0131za toslad\u0131n\u0131z. Ba\u015fka bir yolu var m\u0131? Neyse ki var: Dinlemek. \u00c7ocuklar\u0131n\u0131z\u0131n ve sizin i\u00e7inizde k\u0131p\u0131rdayan duygular\u0131 dinleyin, onlar\u0131 tan\u0131y\u0131n ve kabul edin. D\u0131\u015far\u0131 \u00e7\u0131kmalar\u0131na izin verin, otomatik d\u00fc\u015f\u00fcncelerinizin fark\u0131na var\u0131n. Sonra sakince, birlikte bir \u00e7\u00f6z\u00fcm bulun. Kolay bir yolculuk mu olacak? Hi\u00e7 de de\u011fil. Ancak bu, \u015fimdiye kadar yapt\u0131\u011f\u0131n\u0131z en yap\u0131c\u0131 karar olacakt\u0131r. Fabio Celi&#8217;nin on y\u0131llara dayanan mesleki deneyimiyle derledi\u011fi hik\u00e2yeler ve \u00f6rneklerle zenginle\u015ftirilmi\u015f, \u00c7ocuklar\u0131m\u0131z\u0131n Duygular\u0131 ayd\u0131nlat\u0131c\u0131 \u00f6rnekler ve somut ara\u00e7lar sunan a\u00e7\u0131k ve kolay anla\u015f\u0131l\u0131r bir rehber niteli\u011finde.  <\/p>\n","protected":false},"excerpt":{"rendered":"<p>\u00c7ocuklar\u0131m\u0131z\u0131n Duygular\u0131 duygular\u0131n d\u00fcnyas\u0131n\u0131 birlikte ke\u015ffetmek, anlamak i\u00e7in pratik tavsiyeler, oyunlar ve etkinlikler sunuyor. K\u00fc\u00e7\u00fck \u00e7ocu\u011funuz g\u00fcn\u00fcn bilmem ka\u00e7\u0131nc\u0131 \u00f6fke n\u00f6betini ge\u00e7iriyor. Kendinizi tutamay\u0131p onu azarl\u0131yorsunuz<span class=\"excerpt-hellip\"> [\u2026]<\/span><\/p>\n","protected":false},"featured_media":0,"template":"","meta":{"_monsterinsights_skip_tracking":false,"_monsterinsights_sitenote_active":false,"_monsterinsights_sitenote_note":"","_monsterinsights_sitenote_category":0},"product_brand":[],"product_cat":[12357],"product_tag":[],"class_list":{"0":"post-746113","1":"product","2":"type-product","3":"status-publish","5":"product_cat-psikoloji","6":"pa_cilt-ciltsiz","7":"pa_tur-kitap","8":"pa_yayinevi-nemesis-kitap","9":"pa_yazar-fabio-celi","11":"first","12":"instock","13":"sale","14":"shipping-taxable","15":"purchasable","16":"product-type-simple"},"_links":{"self":[{"href":"https:\/\/roveyayinevi.com.tr\/index.php\/wp-json\/wp\/v2\/product\/746113","targetHints":{"allow":["GET"]}}],"collection":[{"href":"https:\/\/roveyayinevi.com.tr\/index.php\/wp-json\/wp\/v2\/product"}],"about":[{"href":"https:\/\/roveyayinevi.com.tr\/index.php\/wp-json\/wp\/v2\/types\/product"}],"wp:attachment":[{"href":"https:\/\/roveyayinevi.com.tr\/index.php\/wp-json\/wp\/v2\/media?parent=746113"}],"wp:term":[{"taxonomy":"product_brand","embeddable":true,"href":"https:\/\/roveyayinevi.com.tr\/index.php\/wp-json\/wp\/v2\/product_brand?post=746113"},{"taxonomy":"product_cat","embeddable":true,"href":"https:\/\/roveyayinevi.com.tr\/index.php\/wp-json\/wp\/v2\/product_cat?post=746113"},{"taxonomy":"product_tag","embeddable":true,"href":"https:\/\/roveyayinevi.com.tr\/index.php\/wp-json\/wp\/v2\/product_tag?post=746113"}],"curies":[{"name":"wp","href":"https:\/\/api.w.org\/{rel}","templated":true}]}}